{"id":2336,"date":"2017-04-01T03:30:14","date_gmt":"2017-04-01T01:30:14","guid":{"rendered":"https:\/\/wegeblw.pl\/index.php\/produkt\/mykita-dayo-46-23-140-brazowy\/"},"modified":"2026-04-09T10:52:52","modified_gmt":"2026-04-09T08:52:52","slug":"mykita-dayo-46-23-140-brazowy","status":"publish","type":"product","link":"https:\/\/wegeblw.pl\/index.php\/produkt\/mykita-dayo-46-23-140-brazowy\/","title":{"rendered":"Mykita Dayo &#8211; 46\/23\/140 Br\u0105zowy"},"content":{"rendered":"<p>Oprawy okularowe Burberry<\/p>\n<p>Okulary oprawki i szk\u0142a<\/p>\n<p>daktyle a por\u00f3d, nale\u015bniki na mleku ry\u017cowym, chleb ryzowy, ziemniaki ekologiczne, s\u0142odki kr\u0105\u017cek, msm opinie forum<\/p>\n<p>yyyyy<\/p>\n","protected":false},"excerpt":{"rendered":"<p>Oprawy okularowe Burberry Okulary oprawki i szk\u0142a daktyle a por\u00f3d, nale\u015bniki na mleku ry\u017cowym, chleb ryzowy, ziemniaki ekologiczne, s\u0142odki kr\u0105\u017cek,&hellip;<\/p>\n","protected":false},"featured_media":2337,"comment_status":"closed","ping_status":"open","template":"","meta":[],"product_cat":[249],"product_tag":[840,802,642,631,868],"class_list":["post-2336","product","type-product","status-publish","has-post-thumbnail","hentry","product_cat-okulary-oprawki-i-szkla","product_tag-collagen-gold","product_tag-czy-pestki-granatu-sa-jadalne","product_tag-granat","product_tag-isola-bio","product_tag-siemie-lniane-jak-pic"],"_links":{"self":[{"href":"https:\/\/wegeblw.pl\/index.php\/wp-json\/wp\/v2\/product\/2336","targetHints":{"allow":["GET"]}}],"collection":[{"href":"https:\/\/wegeblw.pl\/index.php\/wp-json\/wp\/v2\/product"}],"about":[{"href":"https:\/\/wegeblw.pl\/index.php\/wp-json\/wp\/v2\/types\/product"}],"replies":[{"embeddable":true,"href":"https:\/\/wegeblw.pl\/index.php\/wp-json\/wp\/v2\/comments?post=2336"}],"wp:featuredmedia":[{"embeddable":true,"href":"https:\/\/wegeblw.pl\/index.php\/wp-json\/wp\/v2\/media\/2337"}],"wp:attachment":[{"href":"https:\/\/wegeblw.pl\/index.php\/wp-json\/wp\/v2\/media?parent=2336"}],"wp:term":[{"taxonomy":"product_cat","embeddable":true,"href":"https:\/\/wegeblw.pl\/index.php\/wp-json\/wp\/v2\/product_cat?post=2336"},{"taxonomy":"product_tag","embeddable":true,"href":"https:\/\/wegeblw.pl\/index.php\/wp-json\/wp\/v2\/product_tag?post=2336"}],"curies":[{"name":"wp","href":"https:\/\/api.w.org\/{rel}","templated":true}]}}