{"id":2338,"date":"2016-01-07T17:19:53","date_gmt":"2016-01-07T16:19:53","guid":{"rendered":"https:\/\/wegeblw.pl\/index.php\/produkt\/jimmy-choo-jc356-yib-54-zielone\/"},"modified":"2026-04-08T09:23:59","modified_gmt":"2026-04-08T07:23:59","slug":"jimmy-choo-jc356-yib-54-zielone","status":"publish","type":"product","link":"https:\/\/wegeblw.pl\/index.php\/produkt\/jimmy-choo-jc356-yib-54-zielone\/","title":{"rendered":"Jimmy Choo Jc356 Yib (54) Zielone"},"content":{"rendered":"<p>Oprawy okularowe Burberry<\/p>\n<p>Okulary oprawki i szk\u0142a<\/p>\n<p>syrop daktylowy indeks glikemiczny, czy mak jest zdrowy, ghee, kalendarze adwentowe s\u0142odycze<\/p>\n<p><a href=\"https:\/\/kamieniarski.net\/uslugi-kamieniarskie-bydgoszcz\/\">zak\u0142ad kamieniarski bydgoszcz<\/a><\/p>\n","protected":false},"excerpt":{"rendered":"<p>Oprawy okularowe Burberry Okulary oprawki i szk\u0142a syrop daktylowy indeks glikemiczny, czy mak jest zdrowy, ghee, kalendarze adwentowe s\u0142odycze zak\u0142ad&hellip;<\/p>\n","protected":false},"featured_media":2339,"comment_status":"closed","ping_status":"open","template":"","meta":[],"product_cat":[249],"product_tag":[780,865,632,628],"class_list":["post-2338","product","type-product","status-publish","has-post-thumbnail","hentry","product_cat-okulary-oprawki-i-szkla","product_tag-b12","product_tag-bulgur","product_tag-komosa-ryzowa-jak-gotowac","product_tag-mieso-roslinne"],"_links":{"self":[{"href":"https:\/\/wegeblw.pl\/index.php\/wp-json\/wp\/v2\/product\/2338","targetHints":{"allow":["GET"]}}],"collection":[{"href":"https:\/\/wegeblw.pl\/index.php\/wp-json\/wp\/v2\/product"}],"about":[{"href":"https:\/\/wegeblw.pl\/index.php\/wp-json\/wp\/v2\/types\/product"}],"replies":[{"embeddable":true,"href":"https:\/\/wegeblw.pl\/index.php\/wp-json\/wp\/v2\/comments?post=2338"}],"wp:featuredmedia":[{"embeddable":true,"href":"https:\/\/wegeblw.pl\/index.php\/wp-json\/wp\/v2\/media\/2339"}],"wp:attachment":[{"href":"https:\/\/wegeblw.pl\/index.php\/wp-json\/wp\/v2\/media?parent=2338"}],"wp:term":[{"taxonomy":"product_cat","embeddable":true,"href":"https:\/\/wegeblw.pl\/index.php\/wp-json\/wp\/v2\/product_cat?post=2338"},{"taxonomy":"product_tag","embeddable":true,"href":"https:\/\/wegeblw.pl\/index.php\/wp-json\/wp\/v2\/product_tag?post=2338"}],"curies":[{"name":"wp","href":"https:\/\/api.w.org\/{rel}","templated":true}]}}