{"id":2350,"date":"2019-07-02T18:17:26","date_gmt":"2019-07-02T16:17:26","guid":{"rendered":"https:\/\/wegeblw.pl\/index.php\/produkt\/okulary-korekcyjne-polo-ralph-lauren-ph-2225-5003-52\/"},"modified":"2026-04-07T06:46:15","modified_gmt":"2026-04-07T04:46:15","slug":"okulary-korekcyjne-polo-ralph-lauren-ph-2225-5003-52","status":"publish","type":"product","link":"https:\/\/wegeblw.pl\/index.php\/produkt\/okulary-korekcyjne-polo-ralph-lauren-ph-2225-5003-52\/","title":{"rendered":"OKULARY KOREKCYJNE POLO RALPH LAUREN PH 2225 5003 52"},"content":{"rendered":"<p>Literatura sensacyjna i grozy<\/p>\n<p>chlebowy do picia, barszcz z butelki, sza\u0142wia na b\u00f3l brzucha, mucha w uchu, herbata zielona z mi\u0119t\u0105, przyprawa do ryb, dieta przyk\u0142adowa, makaron duze muszle, pomys\u0142 na makaron ry\u017cowy, czym zast\u0105pi\u0107 skrobi\u0119 ziemniaczan\u0105<\/p>\n<p>yyyyy<\/p>\n","protected":false},"excerpt":{"rendered":"<p>Literatura sensacyjna i grozy chlebowy do picia, barszcz z butelki, sza\u0142wia na b\u00f3l brzucha, mucha w uchu, herbata zielona z&hellip;<\/p>\n","protected":false},"featured_media":2351,"comment_status":"closed","ping_status":"open","template":"","meta":[],"product_cat":[249],"product_tag":[656,684,784,660,622],"class_list":["post-2350","product","type-product","status-publish","has-post-thumbnail","hentry","product_cat-okulary-oprawki-i-szkla","product_tag-ekologiczne-mieso","product_tag-kurkuma-korzen","product_tag-mieso-weganskie","product_tag-olej-ryzowy","product_tag-vege-mieso"],"_links":{"self":[{"href":"https:\/\/wegeblw.pl\/index.php\/wp-json\/wp\/v2\/product\/2350","targetHints":{"allow":["GET"]}}],"collection":[{"href":"https:\/\/wegeblw.pl\/index.php\/wp-json\/wp\/v2\/product"}],"about":[{"href":"https:\/\/wegeblw.pl\/index.php\/wp-json\/wp\/v2\/types\/product"}],"replies":[{"embeddable":true,"href":"https:\/\/wegeblw.pl\/index.php\/wp-json\/wp\/v2\/comments?post=2350"}],"wp:featuredmedia":[{"embeddable":true,"href":"https:\/\/wegeblw.pl\/index.php\/wp-json\/wp\/v2\/media\/2351"}],"wp:attachment":[{"href":"https:\/\/wegeblw.pl\/index.php\/wp-json\/wp\/v2\/media?parent=2350"}],"wp:term":[{"taxonomy":"product_cat","embeddable":true,"href":"https:\/\/wegeblw.pl\/index.php\/wp-json\/wp\/v2\/product_cat?post=2350"},{"taxonomy":"product_tag","embeddable":true,"href":"https:\/\/wegeblw.pl\/index.php\/wp-json\/wp\/v2\/product_tag?post=2350"}],"curies":[{"name":"wp","href":"https:\/\/api.w.org\/{rel}","templated":true}]}}