{"id":2352,"date":"2019-05-06T17:18:29","date_gmt":"2019-05-06T15:18:29","guid":{"rendered":"https:\/\/wegeblw.pl\/index.php\/produkt\/isabel-marant-im0090-lhf-52-czerwone\/"},"modified":"2026-04-08T17:53:11","modified_gmt":"2026-04-08T15:53:11","slug":"isabel-marant-im0090-lhf-52-czerwone","status":"publish","type":"product","link":"https:\/\/wegeblw.pl\/index.php\/produkt\/isabel-marant-im0090-lhf-52-czerwone\/","title":{"rendered":"Isabel Marant Im0090 Lhf (52) Czerwone"},"content":{"rendered":"<p>Witamina D: D3 z olejem lnianym, 180 kapsu\u0142ek<\/p>\n<p>Minera\u0142y i witaminy<\/p>\n<p>jak zrobi\u0107 peeling sk\u00f3ry g\u0142owy, goodness, syrop z agawy zamiennik, worek na muchy, la cuisine, naturalny naw\u00f3z do winogron, kurkuma na watrobe, aloes ferox, olej z pestek moreli dawkowanie, niedobory cynku, m\u0105ka \u017cytnia razowa typ 2000 do czego, 50 g cukru<\/p>\n<p>yyyyy<\/p>\n","protected":false},"excerpt":{"rendered":"<p>Witamina D: D3 z olejem lnianym, 180 kapsu\u0142ek Minera\u0142y i witaminy jak zrobi\u0107 peeling sk\u00f3ry g\u0142owy, goodness, syrop z agawy&hellip;<\/p>\n","protected":false},"featured_media":2353,"comment_status":"closed","ping_status":"open","template":"","meta":[],"product_cat":[249],"product_tag":[655,623,674],"class_list":["post-2352","product","type-product","status-publish","has-post-thumbnail","hentry","product_cat-okulary-oprawki-i-szkla","product_tag-eko-warzywa","product_tag-mleko-roslinne","product_tag-warzywa-eko"],"_links":{"self":[{"href":"https:\/\/wegeblw.pl\/index.php\/wp-json\/wp\/v2\/product\/2352","targetHints":{"allow":["GET"]}}],"collection":[{"href":"https:\/\/wegeblw.pl\/index.php\/wp-json\/wp\/v2\/product"}],"about":[{"href":"https:\/\/wegeblw.pl\/index.php\/wp-json\/wp\/v2\/types\/product"}],"replies":[{"embeddable":true,"href":"https:\/\/wegeblw.pl\/index.php\/wp-json\/wp\/v2\/comments?post=2352"}],"wp:featuredmedia":[{"embeddable":true,"href":"https:\/\/wegeblw.pl\/index.php\/wp-json\/wp\/v2\/media\/2353"}],"wp:attachment":[{"href":"https:\/\/wegeblw.pl\/index.php\/wp-json\/wp\/v2\/media?parent=2352"}],"wp:term":[{"taxonomy":"product_cat","embeddable":true,"href":"https:\/\/wegeblw.pl\/index.php\/wp-json\/wp\/v2\/product_cat?post=2352"},{"taxonomy":"product_tag","embeddable":true,"href":"https:\/\/wegeblw.pl\/index.php\/wp-json\/wp\/v2\/product_tag?post=2352"}],"curies":[{"name":"wp","href":"https:\/\/api.w.org\/{rel}","templated":true}]}}