{"id":2354,"date":"2013-12-26T04:38:07","date_gmt":"2013-12-26T03:38:07","guid":{"rendered":"https:\/\/wegeblw.pl\/index.php\/produkt\/polo-ralph-lauren-spodnie-pizamowe\/"},"modified":"2026-04-08T07:41:01","modified_gmt":"2026-04-08T05:41:01","slug":"polo-ralph-lauren-spodnie-pizamowe","status":"publish","type":"product","link":"https:\/\/wegeblw.pl\/index.php\/produkt\/polo-ralph-lauren-spodnie-pizamowe\/","title":{"rendered":"Polo Ralph Lauren Spodnie pi\u017camowe"},"content":{"rendered":"<p>Opis\u017bmijowiec zwyczajny (Echium vulgare) doskonale pog\u0142\u0119bia odpoczynek. Wycisza rozbiegany umys\u0142 i rozlu\u017ania mi\u0119\u015bnie. \u0141agodzi kaszel. Napar ze \u017cmijowca warto wypi\u0107 przed snem, a tak\u017ce wypr\u00f3bowa\u0107 w piel\u0119gnacji sk\u00f3ry, na przyk\u0142ad jako tonik do cery tr\u0105dzikowej lub w postaci ok\u0142adu na rany i st\u0142uczenia.Nazwa \u017cmijowca pochodzi st\u0105d, \u017ce dawniej stosowano go przeciwko uk\u0105szeniom w\u0119\u017cy, zw\u0142aszcza \u017cmii. Ponadto jego wystaj\u0105ce z kwiat\u00f3w d\u0142ugie pr\u0119ciki kojarz\u0105 si\u0119 ze \u017cmijowym j\u0119zykiem. Kwitn\u0105cy \u017cmijowiec widoczny jest z daleka ze wzgl\u0119du na swoje efektowne, niebieskie kwiaty zebrane w g\u0119ste kwiatostany na szczytach \u0142odyg.Medycyna ludowa wykorzystywa\u0142a ziele \u017cmijowca nie tylko w przypadku uk\u0105sze\u0144, lecz tak\u017ce w padaczce oraz jako \u015brodek przeciwb\u00f3lowy. Zaobserwowano tak\u017ce, \u017ce mocne wywary z tego ziela maj\u0105 w\u0142a\u015bciwo\u015bci psychoaktywne. Warto pami\u0119ta\u0107, \u017ce \u017cmijowiec zawiera alkaloidy pirolizydynowe, kt\u00f3re przy cz\u0119stym stosowaniu doustnym mog\u0105 uszkadza\u0107 w\u0105trob\u0119.DZIA\u0141ANIEW\u0142a\u015bciwo\u015bci prozdrowotne\u017bmijowiec dzia\u0142a uspokajaj\u0105co na cia\u0142o i umys\u0142. Koi uk\u0142ad nerwowy i wycisza, a dzi\u0119ki w\u0142a\u015bciwo\u015bciom rozkurczowym, pomaga te\u017c rozlu\u017ani\u0107 mi\u0119\u015bnie. Pomaga w zasypianiu.Niekt\u00f3rzy twierdz\u0105, \u017ce podnosi nastr\u00f3j.\u0141agodzi kaszel poprzez hamowanie odruchu kaszlowegoPozytywnie wp\u0142ywa na sk\u00f3r\u0119: zmi\u0119kcza j\u0105 i poprawia elastyczno\u015b\u0107, a tak\u017ce sprzyja gojeniu si\u0119 ran dzi\u0119ki zawarto\u015bci alantoiny. Pomaga zredukowa\u0107 tr\u0105dzikSk\u0142adnikiZiele \u017cmijowca zwyczajnego 100%. Surowiec najwy\u017cszej jako\u015bci!\u017bMIJOWIEC ZWYCZAJNY DAWKOWANIE I SPOS\u00d3B U\u017bYCIA\u017bmijowiec herbata (ziele ci\u0119te):Napar1 \u0142y\u017ck\u0119 ziela zala\u0107 szklank\u0105 wrz\u0105cej wody, parzy\u0107 pod przykryciem 20 minut. Przed zaparzeniem ziele warto skropi\u0107 spirytusem. Wypija\u0107 szklank\u0119 naparu na wiecz\u00f3r dla relaksu lub po p\u00f3\u0142 szklanki 2-4 razy dziennie w ci\u0105gu dnia w przypadku kaszlu. Mocniejszy napar nada si\u0119 do przemywania sk\u00f3ry i ok\u0142ad\u00f3w.\u015aRODKI OSTRO\u017bNO\u015aCIStosowanie du\u017cych ilo\u015bci \u017cmijowca jest niekorzystne dla w\u0105troby i mo\u017ce wywo\u0142a\u0107 nadmiern\u0105 senno\u015b\u0107.PRZECIWWSKAZANIANadwra\u017cliwo\u015b\u0107 na ro\u015blin\u0119, ci\u0105\u017ca, karmienie piersi\u0105.Producent:NANGA<\/p>\n<p>Zio\u0142a i herbaty lecznicze<\/p>\n<p>s\u00f3l himalajska gruba, weganski pasztet, dania dla dzieci, \u015bliwka suszona kalorie, czy melisa uspokaja, roza cena, g\u0119si smalec w\u0142a\u015bciwo\u015bci lecznicze, yerba nate, pszenica \u0142uskana gdzie kupi\u0107, dzika trawa, zakwas do chleba gdzie kupi\u0107, kostka tofu, crispy, masa\u017cer jadeitowy jak u\u017cywa\u0107<\/p>\n<p><a href=\"https:\/\/www.dodrukarki.pl\/category\/brother-laser-mono-dcp-b7520dw\">https:\/\/www.dodrukarki.pl\/category\/brother-laser-mono-dcp-b7520dw<\/a><\/p>\n","protected":false},"excerpt":{"rendered":"<p>Opis\u017bmijowiec zwyczajny (Echium vulgare) doskonale pog\u0142\u0119bia odpoczynek. Wycisza rozbiegany umys\u0142 i rozlu\u017ania mi\u0119\u015bnie. \u0141agodzi kaszel. Napar ze \u017cmijowca warto wypi\u0107&hellip;<\/p>\n","protected":false},"featured_media":2355,"comment_status":"closed","ping_status":"open","template":"","meta":[],"product_cat":[264],"product_tag":[653,848,632,759,807],"class_list":["post-2354","product","type-product","status-publish","has-post-thumbnail","hentry","product_cat-pidzamy-meskie","product_tag-beyond-burger","product_tag-granat-z-pestki","product_tag-komosa-ryzowa-jak-gotowac","product_tag-kurkuma","product_tag-siemie-lniane-na-co-pomaga"],"_links":{"self":[{"href":"https:\/\/wegeblw.pl\/index.php\/wp-json\/wp\/v2\/product\/2354","targetHints":{"allow":["GET"]}}],"collection":[{"href":"https:\/\/wegeblw.pl\/index.php\/wp-json\/wp\/v2\/product"}],"about":[{"href":"https:\/\/wegeblw.pl\/index.php\/wp-json\/wp\/v2\/types\/product"}],"replies":[{"embeddable":true,"href":"https:\/\/wegeblw.pl\/index.php\/wp-json\/wp\/v2\/comments?post=2354"}],"wp:featuredmedia":[{"embeddable":true,"href":"https:\/\/wegeblw.pl\/index.php\/wp-json\/wp\/v2\/media\/2355"}],"wp:attachment":[{"href":"https:\/\/wegeblw.pl\/index.php\/wp-json\/wp\/v2\/media?parent=2354"}],"wp:term":[{"taxonomy":"product_cat","embeddable":true,"href":"https:\/\/wegeblw.pl\/index.php\/wp-json\/wp\/v2\/product_cat?post=2354"},{"taxonomy":"product_tag","embeddable":true,"href":"https:\/\/wegeblw.pl\/index.php\/wp-json\/wp\/v2\/product_tag?post=2354"}],"curies":[{"name":"wp","href":"https:\/\/api.w.org\/{rel}","templated":true}]}}