{"id":239,"date":"2018-04-01T13:20:55","date_gmt":"2018-04-01T11:20:55","guid":{"rendered":"https:\/\/wegeblw.pl\/index.php\/produkt\/noble-health-witamina-c-60-kaps\/"},"modified":"2026-04-07T11:17:35","modified_gmt":"2026-04-07T09:17:35","slug":"noble-health-witamina-c-60-kaps","status":"publish","type":"product","link":"https:\/\/wegeblw.pl\/index.php\/produkt\/noble-health-witamina-c-60-kaps\/","title":{"rendered":"Noble Health Witamina C 60 kaps."},"content":{"rendered":"<p>Kora myd\u0142oki pochodzi z drzewa rosn\u0105cego na terenie Ameryki Po\u0142udniowej. Doskonale nadaje si\u0119 do przygotowywania p\u0142yn\u00f3w odpowiednich dla niemowl\u0105t oraz alergik\u00f3w. Kora myd\u0142oki cieszy si\u0119 coraz wi\u0119ksz\u0105 popularno\u015bci\u0105, a to ze wzgl\u0119du na fakt, i\u017c rewelacyjnie sprawdza si\u0119 w produkcji domowych szampon\u00f3w i tonik\u00f3w. Produkt dost\u0119pny w opakowaniu stugramowym.<\/p>\n<p>Zio\u0142a i herbaty lecznicze<\/p>\n<p>mi\u00f3d lipowy na co, kapary marynowane, conserve, tribulus<\/p>\n<p>yyyyy<\/p>\n","protected":false},"excerpt":{"rendered":"<p>Kora myd\u0142oki pochodzi z drzewa rosn\u0105cego na terenie Ameryki Po\u0142udniowej. Doskonale nadaje si\u0119 do przygotowywania p\u0142yn\u00f3w odpowiednich dla niemowl\u0105t oraz&hellip;<\/p>\n","protected":false},"featured_media":240,"comment_status":"closed","ping_status":"open","template":"","meta":[],"product_cat":[18],"product_tag":[751,758,770,676,768,789],"class_list":["post-239","product","type-product","status-publish","has-post-thumbnail","hentry","product_cat-mineraly-i-witaminy","product_tag-24-organic","product_tag-bulki","product_tag-komosa-ryzowa-gotowanie","product_tag-owoc-granatu-jak-jesc","product_tag-pasztet-z-soczewicy-z-suszonymi-pomidorami","product_tag-pestki-granatu"],"_links":{"self":[{"href":"https:\/\/wegeblw.pl\/index.php\/wp-json\/wp\/v2\/product\/239","targetHints":{"allow":["GET"]}}],"collection":[{"href":"https:\/\/wegeblw.pl\/index.php\/wp-json\/wp\/v2\/product"}],"about":[{"href":"https:\/\/wegeblw.pl\/index.php\/wp-json\/wp\/v2\/types\/product"}],"replies":[{"embeddable":true,"href":"https:\/\/wegeblw.pl\/index.php\/wp-json\/wp\/v2\/comments?post=239"}],"wp:featuredmedia":[{"embeddable":true,"href":"https:\/\/wegeblw.pl\/index.php\/wp-json\/wp\/v2\/media\/240"}],"wp:attachment":[{"href":"https:\/\/wegeblw.pl\/index.php\/wp-json\/wp\/v2\/media?parent=239"}],"wp:term":[{"taxonomy":"product_cat","embeddable":true,"href":"https:\/\/wegeblw.pl\/index.php\/wp-json\/wp\/v2\/product_cat?post=239"},{"taxonomy":"product_tag","embeddable":true,"href":"https:\/\/wegeblw.pl\/index.php\/wp-json\/wp\/v2\/product_tag?post=239"}],"curies":[{"name":"wp","href":"https:\/\/api.w.org\/{rel}","templated":true}]}}