{"id":2390,"date":"2023-12-18T20:41:35","date_gmt":"2023-12-18T19:41:35","guid":{"rendered":"https:\/\/wegeblw.pl\/?post_type=product&#038;p=2390"},"modified":"2026-04-10T04:39:36","modified_gmt":"2026-04-10T02:39:36","slug":"sneakersy-polo-ralph-lauren-longwood-816792550001-cla-tan","status":"publish","type":"product","link":"https:\/\/wegeblw.pl\/index.php\/produkt\/sneakersy-polo-ralph-lauren-longwood-816792550001-cla-tan\/","title":{"rendered":"Sneakersy POLO RALPH LAUREN &#8211; Longwood 816792550001 Cla Tan"},"content":{"rendered":"<p>DUCRAY ELUTION szampon przywracaj\u0105cy r\u00f3wnowag\u0119 sk\u00f3rze g\u0142owy to doskona\u0142a formu\u0142a stworzona z my\u015bl\u0105 o zapobieganiu nawrotom \u0142upie\u017cu. Specjalna formu\u0142a testowana pod kontrol\u0105 dermatologiczn\u0105 przywraca r\u00f3wnowag\u0119 sk\u00f3rze g\u0142owy i delikatnie j\u0105 oczyszcza. Nie powoduje wyp\u0142ukiwania koloru. W razie kontaktu z oczami nale\u017cy sp\u0142uka\u0107 je wod\u0105. Opakowanie zawiera 400 ml preparatu.Sk\u0142ad wed\u0142ug INCI:Water (Aqua), Sodium Laureth Sulfate, Glycine, Glycerin, Lauryl Betaine, Acrylates Copolymer, Methyl Gluceth-20, Peg-7, Glyceryl Cocoate, Citric Acid, Fragrance (Parfum), Glycol Palmitate, Glycol Stearate, Hydroxypropyl Guar Hydroxypropyltrimonium Chloride, Panthenol, Pantolactone, Phenoxyethanol, Piroctone Olamine, Silica, Sodium Chloride, Sodium Hydroxide, Trisodium Ethylediamine Disuccinate, Zinc, Glycinate.Dzia\u0142anie:Przeciw\u0142upie\u017cowe, przywracaj\u0105ce r\u00f3wnowag\u0119 sk\u00f3rze g\u0142owy.Wskazania:Do stosowania uzupe\u0142niaj\u0105cego lub jako kontynuacja kuracji przeciw\u0142upie\u017cowej.Stosowanie:Stosowa\u0107 tak cz\u0119sto jak to jest potrzebne. Spieni\u0107, nast\u0119pnie delikatnie sp\u0142uka\u0107. Nie wyp\u0142ukuje koloru. W razie kontaktu z oczami, sp\u0142uka\u0107 wod\u0105.<\/p>\n<p>Szampony do w\u0142os\u00f3w<\/p>\n<p>ziemniaki na 100 sposob\u00f3w, przechowywanie ananasa, bakalie w czekoladzie, czy litr to kilogram, octocrylene szkodliwo\u015b\u0107, przepis ramen, henna ciemny br\u0105z, makaron z burakiem, czekoladowe ciastka, grzyby shitake sklep, ry\u017c czarny, oczyszczanie jelit z toksyn, jak stosowa\u0107 srebro koloidalne, olej \u017cywokostowy z gojnikiem przeciwwskazania, trzcinowy cukier, ser tylzycki, badanie nietolerancji laktozy, sok wielowarzywny<\/p>\n<p>yyyyy<\/p>\n","protected":false},"excerpt":{"rendered":"<p>DUCRAY ELUTION szampon przywracaj\u0105cy r\u00f3wnowag\u0119 sk\u00f3rze g\u0142owy to doskona\u0142a formu\u0142a stworzona z my\u015bl\u0105 o zapobieganiu nawrotom \u0142upie\u017cu. Specjalna formu\u0142a testowana&hellip;<\/p>\n","protected":false},"featured_media":2391,"comment_status":"closed","ping_status":"open","template":"","meta":[],"product_cat":[268],"product_tag":[779,832,828],"class_list":["post-2390","product","type-product","status-publish","has-post-thumbnail","hentry","product_cat-buty-sportowe-meskie","product_tag-jak-gotowac-komose","product_tag-vitapol-majonez","product_tag-zakupy-z-dostawa-do-domu"],"_links":{"self":[{"href":"https:\/\/wegeblw.pl\/index.php\/wp-json\/wp\/v2\/product\/2390","targetHints":{"allow":["GET"]}}],"collection":[{"href":"https:\/\/wegeblw.pl\/index.php\/wp-json\/wp\/v2\/product"}],"about":[{"href":"https:\/\/wegeblw.pl\/index.php\/wp-json\/wp\/v2\/types\/product"}],"replies":[{"embeddable":true,"href":"https:\/\/wegeblw.pl\/index.php\/wp-json\/wp\/v2\/comments?post=2390"}],"wp:featuredmedia":[{"embeddable":true,"href":"https:\/\/wegeblw.pl\/index.php\/wp-json\/wp\/v2\/media\/2391"}],"wp:attachment":[{"href":"https:\/\/wegeblw.pl\/index.php\/wp-json\/wp\/v2\/media?parent=2390"}],"wp:term":[{"taxonomy":"product_cat","embeddable":true,"href":"https:\/\/wegeblw.pl\/index.php\/wp-json\/wp\/v2\/product_cat?post=2390"},{"taxonomy":"product_tag","embeddable":true,"href":"https:\/\/wegeblw.pl\/index.php\/wp-json\/wp\/v2\/product_tag?post=2390"}],"curies":[{"name":"wp","href":"https:\/\/api.w.org\/{rel}","templated":true}]}}