{"id":24,"date":"2023-07-08T03:28:18","date_gmt":"2023-07-08T01:28:18","guid":{"rendered":"https:\/\/wegeblw.pl\/?post_type=product&#038;p=24"},"modified":"2026-04-07T04:52:59","modified_gmt":"2026-04-07T02:52:59","slug":"nordic-naturals-kwasy-dha-255mg-epa-170mg-dla-dzieci-w-plynie-dha-childrens-o-smaku-truskawkowym-119ml","status":"publish","type":"product","link":"https:\/\/wegeblw.pl\/index.php\/produkt\/nordic-naturals-kwasy-dha-255mg-epa-170mg-dla-dzieci-w-plynie-dha-childrens-o-smaku-truskawkowym-119ml\/","title":{"rendered":"Nordic Naturals Kwasy Dha 255mg + Epa 170mg Dla Dzieci W P\u0142ynie Dha Children&#8217;S O Smaku Truskawkowym 119ml"},"content":{"rendered":"<p>SVR Topialyse Baume Protect +  regeneruj\u0105cy balsam do sk\u00f3ry suchej i atopowej<\/p>\n<p>Kosmetyki dla dzieci i niemowl\u0105t<\/p>\n<p>ciasteczka kokosowe, kulki miodowe, zapalenie pecherza leczenie, jogurt sojowy, bu\u0142ki bezglutenowe<\/p>\n<p>yyyyy<\/p>\n","protected":false},"excerpt":{"rendered":"<p>SVR Topialyse Baume Protect + regeneruj\u0105cy balsam do sk\u00f3ry suchej i atopowej Kosmetyki dla dzieci i niemowl\u0105t ciasteczka kokosowe, kulki&hellip;<\/p>\n","protected":false},"featured_media":25,"comment_status":"closed","ping_status":"open","template":"","meta":[],"product_cat":[16],"product_tag":[621,620,624,623,622],"class_list":["post-24","product","type-product","status-publish","has-post-thumbnail","hentry","product_cat-suplementy-dla-dzieci","product_tag-ekowital","product_tag-kielbasa-wiejska","product_tag-kombucha-sklep","product_tag-mleko-roslinne","product_tag-vege-mieso"],"_links":{"self":[{"href":"https:\/\/wegeblw.pl\/index.php\/wp-json\/wp\/v2\/product\/24","targetHints":{"allow":["GET"]}}],"collection":[{"href":"https:\/\/wegeblw.pl\/index.php\/wp-json\/wp\/v2\/product"}],"about":[{"href":"https:\/\/wegeblw.pl\/index.php\/wp-json\/wp\/v2\/types\/product"}],"replies":[{"embeddable":true,"href":"https:\/\/wegeblw.pl\/index.php\/wp-json\/wp\/v2\/comments?post=24"}],"wp:featuredmedia":[{"embeddable":true,"href":"https:\/\/wegeblw.pl\/index.php\/wp-json\/wp\/v2\/media\/25"}],"wp:attachment":[{"href":"https:\/\/wegeblw.pl\/index.php\/wp-json\/wp\/v2\/media?parent=24"}],"wp:term":[{"taxonomy":"product_cat","embeddable":true,"href":"https:\/\/wegeblw.pl\/index.php\/wp-json\/wp\/v2\/product_cat?post=24"},{"taxonomy":"product_tag","embeddable":true,"href":"https:\/\/wegeblw.pl\/index.php\/wp-json\/wp\/v2\/product_tag?post=24"}],"curies":[{"name":"wp","href":"https:\/\/api.w.org\/{rel}","templated":true}]}}