{"id":241,"date":"2018-08-16T11:53:16","date_gmt":"2018-08-16T09:53:16","guid":{"rendered":"https:\/\/wegeblw.pl\/index.php\/produkt\/wellmedica-medi-pharm-witamina-d-2000-j-m-60kaps\/"},"modified":"2026-04-08T16:07:52","modified_gmt":"2026-04-08T14:07:52","slug":"wellmedica-medi-pharm-witamina-d-2000-j-m-60kaps","status":"publish","type":"product","link":"https:\/\/wegeblw.pl\/index.php\/produkt\/wellmedica-medi-pharm-witamina-d-2000-j-m-60kaps\/","title":{"rendered":"Wellmedica Medi Pharm Witamina D 2000 J.M. 60Kaps."},"content":{"rendered":"<p>Karmy dla ps\u00f3w<\/p>\n<p>kosz dla babci i dziadka, mleko kokosowe real thai, prosciutti cotto, herbatka dla niemowl\u0105t od 1 miesi\u0105ca, wegetarianski bigos, kwas askorbinowy cena, erytrytol sk\u0142ad, imbir marynowany, suszone drozdze, na co jest ocet jab\u0142kowy<\/p>\n<p>yyyyy<\/p>\n","protected":false},"excerpt":{"rendered":"<p>Karmy dla ps\u00f3w kosz dla babci i dziadka, mleko kokosowe real thai, prosciutti cotto, herbatka dla niemowl\u0105t od 1 miesi\u0105ca,&hellip;<\/p>\n","protected":false},"featured_media":242,"comment_status":"closed","ping_status":"open","template":"","meta":[],"product_cat":[18],"product_tag":[659,815,660],"class_list":["post-241","product","type-product","status-publish","has-post-thumbnail","hentry","product_cat-mineraly-i-witaminy","product_tag-jajka-marynowane-po-koreansku","product_tag-margaryny-bez-oleju-palmowego","product_tag-olej-ryzowy"],"_links":{"self":[{"href":"https:\/\/wegeblw.pl\/index.php\/wp-json\/wp\/v2\/product\/241","targetHints":{"allow":["GET"]}}],"collection":[{"href":"https:\/\/wegeblw.pl\/index.php\/wp-json\/wp\/v2\/product"}],"about":[{"href":"https:\/\/wegeblw.pl\/index.php\/wp-json\/wp\/v2\/types\/product"}],"replies":[{"embeddable":true,"href":"https:\/\/wegeblw.pl\/index.php\/wp-json\/wp\/v2\/comments?post=241"}],"wp:featuredmedia":[{"embeddable":true,"href":"https:\/\/wegeblw.pl\/index.php\/wp-json\/wp\/v2\/media\/242"}],"wp:attachment":[{"href":"https:\/\/wegeblw.pl\/index.php\/wp-json\/wp\/v2\/media?parent=241"}],"wp:term":[{"taxonomy":"product_cat","embeddable":true,"href":"https:\/\/wegeblw.pl\/index.php\/wp-json\/wp\/v2\/product_cat?post=241"},{"taxonomy":"product_tag","embeddable":true,"href":"https:\/\/wegeblw.pl\/index.php\/wp-json\/wp\/v2\/product_tag?post=241"}],"curies":[{"name":"wp","href":"https:\/\/api.w.org\/{rel}","templated":true}]}}