{"id":2424,"date":"2021-05-08T21:13:22","date_gmt":"2021-05-08T19:13:22","guid":{"rendered":"https:\/\/wegeblw.pl\/index.php\/produkt\/ralph-by-ralph-lauren-ra7137u-6008-l-53-purpurowe\/"},"modified":"2026-04-08T07:52:47","modified_gmt":"2026-04-08T05:52:47","slug":"ralph-by-ralph-lauren-ra7137u-6008-l-53-purpurowe","status":"publish","type":"product","link":"https:\/\/wegeblw.pl\/index.php\/produkt\/ralph-by-ralph-lauren-ra7137u-6008-l-53-purpurowe\/","title":{"rendered":"Ralph By Ralph Lauren RA7137U 6008 L (53) Purpurowe"},"content":{"rendered":"<p>Wskazania:Drenuj\u0105ca Ekoherbata Zio\u0142owa Caudalie Vinosculpt to mieszanka zi\u00f3\u0142 przeznaczona do sporz\u0105dzania naparu do picia. Produkt w szczeg\u00f3lno\u015bci polecany osobom dbaj\u0105cym o szczup\u0142\u0105 sylwetk\u0119.W\u0142a\u015bciwo\u015bci:Drenuj\u0105ca Ekoherbata Zio\u0142owa Caudalie Vinosculpt to relaksuj\u0105ca, aromatyczna mieszanka 5 ro\u015blin z upraw biologicznych: czerwonej winoro\u015bli, kory drzewa pomara\u0144czowego, jag\u00f3d, czarnej porzeczki i cynamonu. Herbata pomaga usuwa\u0107 toksyny i walczy\u0107 z zatrzymywaniem wody, aby zapewni\u0107 szczup\u0142\u0105 sylwetk\u0119.Sk\u0142adniki:Red Grapevine Leaf, Cinamon Peel, Blueberry Leaf, Orange Bark, Blackcurrant Leaf Produits Issus De L\u2019agriculture Biologique. Certifi\u00e9 Ecocert Fr-Bio-01.Stosowanie:Saszetk\u0119 w\u0142o\u017cy\u0107 do fili\u017canki, zala\u0107 wrz\u0105c\u0105 wod\u0105 i parzy\u0107 przez 5 minut lub 3 saszetki parzy\u0107 w 1,5 litra wody. Pi\u0107 ciep\u0142\u0105 lub zimn\u0105 przez ca\u0142y dzie\u0144.Opakowanie:30 g<\/p>\n<p>Zio\u0142a i herbaty lecznicze<\/p>\n<p>guma ksantanowa, tofu co to jest, trafo, po ile pistacje, pra\u017cony kokos, kosztywa\u0142, hurtownia kawy ziarnistej, propolis krople na co dzia\u0142aj\u0105, gospodarstwo sadownicze, bambus japo\u0144ski, tabletki bio slim opinie, grecki sklep warszawa, \u017curek na zakwasie<\/p>\n<p>yyyyy<\/p>\n","protected":false},"excerpt":{"rendered":"<p>Wskazania:Drenuj\u0105ca Ekoherbata Zio\u0142owa Caudalie Vinosculpt to mieszanka zi\u00f3\u0142 przeznaczona do sporz\u0105dzania naparu do picia. Produkt w szczeg\u00f3lno\u015bci polecany osobom dbaj\u0105cym&hellip;<\/p>\n","protected":false},"featured_media":2425,"comment_status":"closed","ping_status":"open","template":"","meta":[],"product_cat":[249],"product_tag":[634,834,858,690,784],"class_list":["post-2424","product","type-product","status-publish","has-post-thumbnail","hentry","product_cat-okulary-oprawki-i-szkla","product_tag-amarantus","product_tag-biosaurus","product_tag-majonez-vitapol","product_tag-maka-z-cieciorki","product_tag-mieso-weganskie"],"_links":{"self":[{"href":"https:\/\/wegeblw.pl\/index.php\/wp-json\/wp\/v2\/product\/2424","targetHints":{"allow":["GET"]}}],"collection":[{"href":"https:\/\/wegeblw.pl\/index.php\/wp-json\/wp\/v2\/product"}],"about":[{"href":"https:\/\/wegeblw.pl\/index.php\/wp-json\/wp\/v2\/types\/product"}],"replies":[{"embeddable":true,"href":"https:\/\/wegeblw.pl\/index.php\/wp-json\/wp\/v2\/comments?post=2424"}],"wp:featuredmedia":[{"embeddable":true,"href":"https:\/\/wegeblw.pl\/index.php\/wp-json\/wp\/v2\/media\/2425"}],"wp:attachment":[{"href":"https:\/\/wegeblw.pl\/index.php\/wp-json\/wp\/v2\/media?parent=2424"}],"wp:term":[{"taxonomy":"product_cat","embeddable":true,"href":"https:\/\/wegeblw.pl\/index.php\/wp-json\/wp\/v2\/product_cat?post=2424"},{"taxonomy":"product_tag","embeddable":true,"href":"https:\/\/wegeblw.pl\/index.php\/wp-json\/wp\/v2\/product_tag?post=2424"}],"curies":[{"name":"wp","href":"https:\/\/api.w.org\/{rel}","templated":true}]}}