{"id":2432,"date":"2023-12-22T12:39:48","date_gmt":"2023-12-22T11:39:48","guid":{"rendered":"https:\/\/wegeblw.pl\/?post_type=product&#038;p=2432"},"modified":"2026-04-10T00:57:55","modified_gmt":"2026-04-09T22:57:55","slug":"ic-berlin-gen-50-20-145-zloty","status":"publish","type":"product","link":"https:\/\/wegeblw.pl\/index.php\/produkt\/ic-berlin-gen-50-20-145-zloty\/","title":{"rendered":"Ic Berlin Gen &#8211; 50\/20\/145 Z\u0142oty"},"content":{"rendered":"<p>100% czystej mocy li\u015bci oliwki! W tej herbacie nie ma nic innego pr\u00f3cz drobno zmielonych li\u015bci oliwek. Mielone s\u0105 w ca\u0142o\u015bci, co pozwala w pe\u0142ni zachowa\u0107 cenne substancje od\u017cywcze, kt\u00f3rych st\u0119\u017cenie jest do 3000 razy wi\u0119ksze ni\u017c w oliwie z oliwek. Dla czystego pi\u0119kna, kt\u00f3re pochodzi z wn\u0119trza i emanuje na zewn\u0105trz. Ma\u0142a wskaz\u00f3wka: Komu nie wystarcza dzia\u0142anie od wewn\u0105trz, mo\u017ce \u0142atwo sporz\u0105dzi\u0107 z mieszanki mask\u0119 na twarz.<\/p>\n<p>Zio\u0142a i herbaty lecznicze<\/p>\n<p>projekt domu mandarynka, gory do g\u00f3ry, market bio, eleuthero, olej w sprayu, co to jest maslanka<\/p>\n<p>yyyyy<\/p>\n","protected":false},"excerpt":{"rendered":"<p>100% czystej mocy li\u015bci oliwki! W tej herbacie nie ma nic innego pr\u00f3cz drobno zmielonych li\u015bci oliwek. Mielone s\u0105 w&hellip;<\/p>\n","protected":false},"featured_media":2433,"comment_status":"closed","ping_status":"open","template":"","meta":[],"product_cat":[249],"product_tag":[847,857,702,845,630],"class_list":["post-2432","product","type-product","status-publish","has-post-thumbnail","hentry","product_cat-okulary-oprawki-i-szkla","product_tag-czym-zastapic-nabial","product_tag-jablka-ekologiczne","product_tag-przepis-na-sekacz","product_tag-syrop-klonowy","product_tag-vege-slodycze"],"_links":{"self":[{"href":"https:\/\/wegeblw.pl\/index.php\/wp-json\/wp\/v2\/product\/2432","targetHints":{"allow":["GET"]}}],"collection":[{"href":"https:\/\/wegeblw.pl\/index.php\/wp-json\/wp\/v2\/product"}],"about":[{"href":"https:\/\/wegeblw.pl\/index.php\/wp-json\/wp\/v2\/types\/product"}],"replies":[{"embeddable":true,"href":"https:\/\/wegeblw.pl\/index.php\/wp-json\/wp\/v2\/comments?post=2432"}],"wp:featuredmedia":[{"embeddable":true,"href":"https:\/\/wegeblw.pl\/index.php\/wp-json\/wp\/v2\/media\/2433"}],"wp:attachment":[{"href":"https:\/\/wegeblw.pl\/index.php\/wp-json\/wp\/v2\/media?parent=2432"}],"wp:term":[{"taxonomy":"product_cat","embeddable":true,"href":"https:\/\/wegeblw.pl\/index.php\/wp-json\/wp\/v2\/product_cat?post=2432"},{"taxonomy":"product_tag","embeddable":true,"href":"https:\/\/wegeblw.pl\/index.php\/wp-json\/wp\/v2\/product_tag?post=2432"}],"curies":[{"name":"wp","href":"https:\/\/api.w.org\/{rel}","templated":true}]}}