{"id":2448,"date":"2019-09-20T08:39:47","date_gmt":"2019-09-20T06:39:47","guid":{"rendered":"https:\/\/wegeblw.pl\/index.php\/produkt\/thorn-namiot-iglo-szybkorozkladalny-2-osobowy-80017-1\/"},"modified":"2026-04-07T03:20:29","modified_gmt":"2026-04-07T01:20:29","slug":"thorn-namiot-iglo-szybkorozkladalny-2-osobowy-80017-1","status":"publish","type":"product","link":"https:\/\/wegeblw.pl\/index.php\/produkt\/thorn-namiot-iglo-szybkorozkladalny-2-osobowy-80017-1\/","title":{"rendered":"THORN Namiot iglo szybkorozk\u0142adalny 2 osobowy (80017-1)"},"content":{"rendered":"<p>Literatura sensacyjna i grozy<\/p>\n<p>chlebowy do picia, barszcz z butelki, sza\u0142wia na b\u00f3l brzucha, mucha w uchu, herbata zielona z mi\u0119t\u0105, przyprawa do ryb, dieta przyk\u0142adowa, makaron duze muszle, pomys\u0142 na makaron ry\u017cowy, czym zast\u0105pi\u0107 skrobi\u0119 ziemniaczan\u0105<\/p>\n<p>yyyyy<\/p>\n","protected":false},"excerpt":{"rendered":"<p>Literatura sensacyjna i grozy chlebowy do picia, barszcz z butelki, sza\u0142wia na b\u00f3l brzucha, mucha w uchu, herbata zielona z&hellip;<\/p>\n","protected":false},"featured_media":2449,"comment_status":"closed","ping_status":"open","template":"","meta":[],"product_cat":[189],"product_tag":[712,747,862,743,860],"class_list":["post-2448","product","type-product","status-publish","has-post-thumbnail","hentry","product_cat-namioty","product_tag-dynia-pieczona","product_tag-guma-guar-co-to","product_tag-pestki-granata","product_tag-siemie-lniane","product_tag-syrop-klonowy-cena"],"_links":{"self":[{"href":"https:\/\/wegeblw.pl\/index.php\/wp-json\/wp\/v2\/product\/2448","targetHints":{"allow":["GET"]}}],"collection":[{"href":"https:\/\/wegeblw.pl\/index.php\/wp-json\/wp\/v2\/product"}],"about":[{"href":"https:\/\/wegeblw.pl\/index.php\/wp-json\/wp\/v2\/types\/product"}],"replies":[{"embeddable":true,"href":"https:\/\/wegeblw.pl\/index.php\/wp-json\/wp\/v2\/comments?post=2448"}],"wp:featuredmedia":[{"embeddable":true,"href":"https:\/\/wegeblw.pl\/index.php\/wp-json\/wp\/v2\/media\/2449"}],"wp:attachment":[{"href":"https:\/\/wegeblw.pl\/index.php\/wp-json\/wp\/v2\/media?parent=2448"}],"wp:term":[{"taxonomy":"product_cat","embeddable":true,"href":"https:\/\/wegeblw.pl\/index.php\/wp-json\/wp\/v2\/product_cat?post=2448"},{"taxonomy":"product_tag","embeddable":true,"href":"https:\/\/wegeblw.pl\/index.php\/wp-json\/wp\/v2\/product_tag?post=2448"}],"curies":[{"name":"wp","href":"https:\/\/api.w.org\/{rel}","templated":true}]}}