{"id":2450,"date":"2012-10-21T23:00:36","date_gmt":"2012-10-21T21:00:36","guid":{"rendered":"https:\/\/wegeblw.pl\/index.php\/produkt\/promaker-creative-sport-nutrition-aminokwasy-proline-bcaa-500g-pomarancza\/"},"modified":"2026-04-07T01:21:02","modified_gmt":"2026-04-06T23:21:02","slug":"promaker-creative-sport-nutrition-aminokwasy-proline-bcaa-500g-pomarancza","status":"publish","type":"product","link":"https:\/\/wegeblw.pl\/index.php\/produkt\/promaker-creative-sport-nutrition-aminokwasy-proline-bcaa-500g-pomarancza\/","title":{"rendered":"Promaker Creative Sport Nutrition Aminokwasy Proline Bcaa 500g Pomara\u0144cza"},"content":{"rendered":"<p>Aby uzyska\u0107 ok\u0142ad ciep\u0142y: w\u0142\u00f3\u017c wk\u0142ad \u017celowy do gor\u0105cej wody albo do kuchenki mikrofalowej (zanurzony w naczyniu z wod\u0105); aby uzyska\u0107 ok\u0142ad zimny: w\u0142\u00f3\u017c do zamra\u017calnika na dwie godziny.A New Therapy Sp. z o.o.,ul. \u0141ucka 18,00-845 Warszawa.Produkt nie mo\u017ce by\u0107 u\u017cywany przez dzieci lub osoby niepe\u0142nosprawne, bez nadzoru lekarza.Je\u017celi zawarto\u015b\u0107 kompresu wejdzie w kontakt ze sk\u00f3r\u0105, nale\u017cy obficie przemy\u0107 woda.Przechowywa\u0107 w temperaturze pokojowej, z dala od \u017ar\u00f3de\u0142 ciep\u0142a oraz chroni\u0107 przed bezpo\u015brednim dzia\u0142aniem promieni s\u0142onecznych.Przechowywa\u0107 w miejscu niedost\u0119pnym dla dzieci.Terapia zimnem \u2013 wskazana przy mniejszych stanach zapalnych, st\u0142uczeniach i urazach (naci\u0105gni\u0119te mi\u0119\u015bnie, zwichni\u0119cia, skr\u0119cenia, nadwyr\u0119\u017cenia), oparzeniach, nierozleg\u0142ych zapaleniach sk\u00f3ry, b\u00f3lach g\u0142owy, z\u0119b\u00f3w lub przy lekkich krwotokach. Odpowiednia tak\u017ce na oparzenia, w tym przez meduzy, pokrzywy, ugryzienia owad\u00f3w i podobne podra\u017cnienia (szybkie sch\u0142odzenie tkanek sk\u00f3ry zmniejsza przep\u0142yw krwi, co ogranicza rozchodzenie si\u0119 alergenu w organizmie) oraz na oparzenia s\u0142oneczne. Najlepiej trzyma\u0107 kompres stale w zamra\u017calniku, \u017ceby zawsze mie\u0107 go pod r\u0119k\u0105, gotowy do u\u017cycia.Terapia ciep\u0142em \u2013 wskazana jest w stanach pourazowych i przewlek\u0142ych urazach, przy b\u00f3lach l\u0119d\u017awiowych, rwie kulszowej, b\u00f3lach mi\u0119\u015bni, b\u00f3lach brzucha (w\u0142\u0105cznie z b\u00f3lem spowodowanym z\u0142ym trawieniem), przy zesztywnieniu staw\u00f3w, a tak\u017ce w b\u00f3lach reumatycznych.Thermogel, dzi\u0119ki ergonomicznemu kszta\u0142towi doskonale dopasowuje si\u0119 do kolana, umo\u017cliwiaj\u0105c maksymalne wykorzystanie neutralnej leczniczej mocy ciep\u0142a i zimna, tak\u017ce w rejonie stawu &#8211; miejsca, gdzie leczenie jest utrudnione. Praktyczny, regulowany i elastyczny pas pozwala na utrzymanie w\u0142a\u015bciwego u\u0142o\u017cenia, zapewniaj\u0105c swobod\u0119 ruchy. Pokrycie z tkaniny sprawia, \u017ce kompres jest przyjemny w dotyku. \u017belowa forma zapewnia wi\u0119ksza elastyczno\u015b\u0107, tak\u017ce tu\u017c po wyj\u0119ciu z zamra\u017calnika (nie zamra\u017ca).<\/p>\n<p>Apteczki i materia\u0142y opatrunkowe<\/p>\n<p>oliwa z oliwek z czosnkiem, jogurt ro\u015blinny gdzie kupi\u0107, zdecydowanie, po\u017cywny nap\u00f3j, czy cebula jest zdrowa, kasza kukurydziana, s\u0142onecznik nasiona<\/p>\n<p><a href=\"https:\/\/lampystudio.pl\/_blog\/49-Jak_przeliczac_moc_zarowek_LED_1W_ile_to_lumenow.html\">18w led ile to wat<\/a><\/p>\n","protected":false},"excerpt":{"rendered":"<p>Aby uzyska\u0107 ok\u0142ad ciep\u0142y: w\u0142\u00f3\u017c wk\u0142ad \u017celowy do gor\u0105cej wody albo do kuchenki mikrofalowej (zanurzony w naczyniu z wod\u0105); aby&hellip;<\/p>\n","protected":false},"featured_media":2451,"comment_status":"closed","ping_status":"open","template":"","meta":[],"product_cat":[106],"product_tag":[812,621,661,717],"class_list":["post-2450","product","type-product","status-publish","has-post-thumbnail","hentry","product_cat-aminokwasy-i-glutaminy","product_tag-bigos-wegetarianski-z-soczewica","product_tag-ekowital","product_tag-jak-ugotowac-komose-ryzowa","product_tag-odzywka-onlybio"],"_links":{"self":[{"href":"https:\/\/wegeblw.pl\/index.php\/wp-json\/wp\/v2\/product\/2450","targetHints":{"allow":["GET"]}}],"collection":[{"href":"https:\/\/wegeblw.pl\/index.php\/wp-json\/wp\/v2\/product"}],"about":[{"href":"https:\/\/wegeblw.pl\/index.php\/wp-json\/wp\/v2\/types\/product"}],"replies":[{"embeddable":true,"href":"https:\/\/wegeblw.pl\/index.php\/wp-json\/wp\/v2\/comments?post=2450"}],"wp:featuredmedia":[{"embeddable":true,"href":"https:\/\/wegeblw.pl\/index.php\/wp-json\/wp\/v2\/media\/2451"}],"wp:attachment":[{"href":"https:\/\/wegeblw.pl\/index.php\/wp-json\/wp\/v2\/media?parent=2450"}],"wp:term":[{"taxonomy":"product_cat","embeddable":true,"href":"https:\/\/wegeblw.pl\/index.php\/wp-json\/wp\/v2\/product_cat?post=2450"},{"taxonomy":"product_tag","embeddable":true,"href":"https:\/\/wegeblw.pl\/index.php\/wp-json\/wp\/v2\/product_tag?post=2450"}],"curies":[{"name":"wp","href":"https:\/\/api.w.org\/{rel}","templated":true}]}}