{"id":2516,"date":"2013-10-08T19:05:50","date_gmt":"2013-10-08T17:05:50","guid":{"rendered":"https:\/\/wegeblw.pl\/index.php\/produkt\/marc-jacobs-mj1039-9n4\/"},"modified":"2026-04-07T02:52:33","modified_gmt":"2026-04-07T00:52:33","slug":"marc-jacobs-mj1039-9n4","status":"publish","type":"product","link":"https:\/\/wegeblw.pl\/index.php\/produkt\/marc-jacobs-mj1039-9n4\/","title":{"rendered":"Marc Jacobs MJ1039 9N4"},"content":{"rendered":"<p>&#8222;Ogrody s\u0105 wyj\u0105tkowymi dzie\u0142ami sztuki, kt\u00f3re pierwiastki \u017cywy w postaci przyrody i nieo\u017cywiony \u0142\u0105cz\u0105 tw\u00f3rcz\u0105 my\u015bl\u0105 planisty ogrodowego. Warunkiem przetrwania za\u0142o\u017ce\u0144 ogrodowych jest zapewnienie sta\u0142ej ochrony, w\u0142a\u015bciwej opieki i odpowiedniego u\u017cytkowania. Narastaj\u0105ce zr\u00f3\u017cnicowane zagro\u017cenia powoduj\u0105, \u017ce problematyka ochrony i konserwacji zabytkowych za\u0142o\u017ce\u0144 ogrodowych jest stale aktualna, tak w kraju, jak i na \u015bwiecie. Stan zabytk\u00f3w ogrodowych w Polsce pokazuje jak wa\u017cne i pilne s\u0105 to zagadnienia.&#8221; Z przedmowy do pierwszego wydaniaPoprzednie wydanie niniejszej ksi\u0105\u017cki ukaza\u0142o si\u0119 w 1993 roku i by\u0142a to pierwsza kompleksowa publikacja dotycz\u0105ca ochrony i rewaloryzacji zabytk\u00f3w ogrodowych w Polsce. Zawarto niej wyniki bada\u0144 konserwatorskich o\u015brodk\u00f3w polskich i zagranicznych, oraz bogate do\u015bwiadczenia w\u0142asne autora publikacji. Longin Majdecki to wybitny planista ogrodowy, a tak\u017ce niekwestionowany autorytet w dziedzinie ochrony i rewaloryzacji ogrod\u00f3w. Drugie wydanie, bogato ilustrowane, ukazuje si\u0119 po 26 latach i zawiera uzupe\u0142nienia wynikaj\u0105ce ze zmian w prawodawstwie, teorii konserwacji i stosowanych metodach, oraz przedstawia realizacje konserwatorskie a\u017c do czas\u00f3w wsp\u00f3\u0142czesnych.Ksi\u0105\u017cka polecana mi\u0142o\u015bnikom sztuki ogrodowej, profesjonalistom zajmuj\u0105cym si\u0119 problematyk\u0105 ochrony i konserwacji ogrod\u00f3w historycznych, pracownikom s\u0142u\u017cb konserwatorskich, w\u0142a\u015bcicielom i opiekunom zabytkowych park\u00f3w i ogrod\u00f3w; przydatna dla student\u00f3w kierunk\u00f3w: architektura krajobrazu, architektura i urbanistyka, historia sztuki. Powy\u017cszy opis pochodzi od wydawcy.Moda, uroda, dom i ogr\u00f3d, hobby wszelkich rodzaj\u00f3w, od motoryzacji, przez w\u0119dkarstwo po rysunek czy opiek\u0119 nad zwierz\u0119tami &#8211; na molemole.com znajdziesz poradniki z niemal\u017ce ka\u017cdej dziedziny \u017cycia!Mole Mole to nowe, wyj\u0105tkowe miejsce na ksi\u0119garskiej mapie Polski. To nowoczesne, przytulne ma\u0142e ksi\u0119garnie oraz sklep internetowy, przyjazne pasjonatom czytania, wielbicielom dobrej ksi\u0105\u017cki i literatury, ceni\u0105cym sobie wyb\u00f3r i przyjazne, nie\u015bpieszne zakupy. W naszych ksi\u0119garniach znajdziecie wyselekcjonowan\u0105 ofert\u0119 tytu\u0142\u00f3w a na molemole.com mo\u017cecie buszowa\u0107 w\u015br\u00f3d dziesi\u0105tek tysi\u0119cy pozycji ksi\u0105\u017ckowych. Nasz bogaty ksi\u0119gozbi\u00f3r to moc inspiracji i publikacje z niemal\u017ce wszystkich dziedzin!<\/p>\n<p>Zdrowie i diety<\/p>\n<p>z czego produkowany jest erytrytol, nalesniki bezglutenowe, b\u0142yskawiczne p\u0142atki owsiane, ksylitol cena, kombucha rosja, sposob na opuchniete stopy, pomidorowa przyprawy, balsam krzemowy limba, kostki sojowe, drob<\/p>\n<p>yyyyy<\/p>\n","protected":false},"excerpt":{"rendered":"<p>&#8222;Ogrody s\u0105 wyj\u0105tkowymi dzie\u0142ami sztuki, kt\u00f3re pierwiastki \u017cywy w postaci przyrody i nieo\u017cywiony \u0142\u0105cz\u0105 tw\u00f3rcz\u0105 my\u015bl\u0105 planisty ogrodowego. Warunkiem przetrwania&hellip;<\/p>\n","protected":false},"featured_media":2517,"comment_status":"closed","ping_status":"open","template":"","meta":[],"product_cat":[249],"product_tag":[841,659,667,773,867],"class_list":["post-2516","product","type-product","status-publish","has-post-thumbnail","hentry","product_cat-okulary-oprawki-i-szkla","product_tag-biolab-shop","product_tag-jajka-marynowane-po-koreansku","product_tag-makaron-sojowy-ig","product_tag-organic-sklep","product_tag-siemie-lniane-blonnik"],"_links":{"self":[{"href":"https:\/\/wegeblw.pl\/index.php\/wp-json\/wp\/v2\/product\/2516","targetHints":{"allow":["GET"]}}],"collection":[{"href":"https:\/\/wegeblw.pl\/index.php\/wp-json\/wp\/v2\/product"}],"about":[{"href":"https:\/\/wegeblw.pl\/index.php\/wp-json\/wp\/v2\/types\/product"}],"replies":[{"embeddable":true,"href":"https:\/\/wegeblw.pl\/index.php\/wp-json\/wp\/v2\/comments?post=2516"}],"wp:featuredmedia":[{"embeddable":true,"href":"https:\/\/wegeblw.pl\/index.php\/wp-json\/wp\/v2\/media\/2517"}],"wp:attachment":[{"href":"https:\/\/wegeblw.pl\/index.php\/wp-json\/wp\/v2\/media?parent=2516"}],"wp:term":[{"taxonomy":"product_cat","embeddable":true,"href":"https:\/\/wegeblw.pl\/index.php\/wp-json\/wp\/v2\/product_cat?post=2516"},{"taxonomy":"product_tag","embeddable":true,"href":"https:\/\/wegeblw.pl\/index.php\/wp-json\/wp\/v2\/product_tag?post=2516"}],"curies":[{"name":"wp","href":"https:\/\/api.w.org\/{rel}","templated":true}]}}