{"id":2518,"date":"2019-04-03T20:26:35","date_gmt":"2019-04-03T18:26:35","guid":{"rendered":"https:\/\/wegeblw.pl\/index.php\/produkt\/marc-jacobs-marc569-807-one-size-54\/"},"modified":"2026-04-10T05:53:36","modified_gmt":"2026-04-10T03:53:36","slug":"marc-jacobs-marc569-807-one-size-54","status":"publish","type":"product","link":"https:\/\/wegeblw.pl\/index.php\/produkt\/marc-jacobs-marc569-807-one-size-54\/","title":{"rendered":"Marc Jacobs MARC569 807 ONE SIZE (54)"},"content":{"rendered":"<p>Aktywny \u017cel do mycia twarzy Iwostin Purritin jest przeznaczony do oczyszczania sk\u00f3ry twarzy &#8211; mieszanej, t\u0142ustej i tr\u0105dzikowej.Potwierdzona skuteczno\u015b\u0107:- Oczyszcza, od\u015bwie\u017ca, widocznie matuje i zw\u0119\u017ca pory.- Regularne stosowanie daje odczuwalny efekt delikatnego z\u0142uszczenia, dzi\u0119ki czemu sk\u00f3ra jest g\u0142adka i mi\u0119kka w dotyku.- Zmniejsza widoczno\u015b\u0107 i sk\u0142onno\u015b\u0107 do powstawania niedoskona\u0142o\u015bci poprzez zmniejszenie wydzielania sebum.Potr\u00f3jna formu\u0142a (oczyszczenie + nawil\u017cenie + ograniczenie rozwoju bakterii):- Zincidone zmniejsza wydzielanie sebum- Wyci\u0105g z aloesu wzmacnia dermo-odporno\u015b\u0107 oraz \u0142agodzi i koi podra\u017cnienia.- Physiogenyl dzia\u0142a energizuj\u0105co, wspomagaj\u0105c proces odnowy nask\u00f3rka. Stanowi doskona\u0142e \u017ar\u00f3d\u0142o cennych pierwiastk\u00f3w \u015bladowych, takich jak cynk i mangan. Zapewnia r\u00f3wnie\u017c odpowiedni poziom nawil\u017cenia.- Innowacyjny Cobiostab 400 wykazuje dzia\u0142anie ograniczaj\u0105ce rozw\u00f3j bakterii.Przebadany dermatologicznie.<\/p>\n<p>Dermokosmetyki<\/p>\n<p>chlorek magnezu, kratka do grillowania, jedzenie wegetaria\u0144skie, colagen visanto, co to jest guarana, co mo\u017cna kupi\u0107 w sklepie spo\u017cywczym, ocet jab\u0142kowy m\u0119tny, bialko jaj, violife mozzarella, m\u0105ki ekologiczne<\/p>\n<p><a href=\"https:\/\/www.dom-lazienka.pl\/wanny-wolnostojace-cat-216\">wanny \u0142azienkowe wolnostoj\u0105ce<\/a><\/p>\n","protected":false},"excerpt":{"rendered":"<p>Aktywny \u017cel do mycia twarzy Iwostin Purritin jest przeznaczony do oczyszczania sk\u00f3ry twarzy &#8211; mieszanej, t\u0142ustej i tr\u0105dzikowej.Potwierdzona skuteczno\u015b\u0107:- Oczyszcza,&hellip;<\/p>\n","protected":false},"featured_media":2519,"comment_status":"closed","ping_status":"open","template":"","meta":[],"product_cat":[249],"product_tag":[723,737,721,860],"class_list":["post-2518","product","type-product","status-publish","has-post-thumbnail","hentry","product_cat-okulary-oprawki-i-szkla","product_tag-guar","product_tag-jablka-jonaprince","product_tag-naturli-margaryna","product_tag-syrop-klonowy-cena"],"_links":{"self":[{"href":"https:\/\/wegeblw.pl\/index.php\/wp-json\/wp\/v2\/product\/2518","targetHints":{"allow":["GET"]}}],"collection":[{"href":"https:\/\/wegeblw.pl\/index.php\/wp-json\/wp\/v2\/product"}],"about":[{"href":"https:\/\/wegeblw.pl\/index.php\/wp-json\/wp\/v2\/types\/product"}],"replies":[{"embeddable":true,"href":"https:\/\/wegeblw.pl\/index.php\/wp-json\/wp\/v2\/comments?post=2518"}],"wp:featuredmedia":[{"embeddable":true,"href":"https:\/\/wegeblw.pl\/index.php\/wp-json\/wp\/v2\/media\/2519"}],"wp:attachment":[{"href":"https:\/\/wegeblw.pl\/index.php\/wp-json\/wp\/v2\/media?parent=2518"}],"wp:term":[{"taxonomy":"product_cat","embeddable":true,"href":"https:\/\/wegeblw.pl\/index.php\/wp-json\/wp\/v2\/product_cat?post=2518"},{"taxonomy":"product_tag","embeddable":true,"href":"https:\/\/wegeblw.pl\/index.php\/wp-json\/wp\/v2\/product_tag?post=2518"}],"curies":[{"name":"wp","href":"https:\/\/api.w.org\/{rel}","templated":true}]}}