{"id":2562,"date":"2018-06-22T18:13:52","date_gmt":"2018-06-22T16:13:52","guid":{"rendered":"https:\/\/wegeblw.pl\/index.php\/produkt\/okulary-korekcyjne-marc-jacobs-mmj-320-aoz-50\/"},"modified":"2026-04-07T02:55:49","modified_gmt":"2026-04-07T00:55:49","slug":"okulary-korekcyjne-marc-jacobs-mmj-320-aoz-50","status":"publish","type":"product","link":"https:\/\/wegeblw.pl\/index.php\/produkt\/okulary-korekcyjne-marc-jacobs-mmj-320-aoz-50\/","title":{"rendered":"OKULARY KOREKCYJNE MARC JACOBS MMJ 320 AOZ 50"},"content":{"rendered":"<p>Ibuprofenum, 400 mgLek przeciwb\u00f3lowy, przeciwzapalny, przeciwgor\u0105czkowy.Objawowe leczenie:- \u0142agodnego i umiarkowanego b\u00f3lu, np. b\u00f3lu g\u0142owy, b\u00f3lu miesi\u0105czkowego, b\u00f3lu z\u0119ba- gor\u0105czki i b\u00f3lu zwi\u0105zanego z przezi\u0119bieniem.OTC &#8211; Lek wydawany bez recepty.<\/p>\n<p>Przeciwb\u00f3lowe<\/p>\n<p>bu\u0142ki z sezamem, jagly ekspandowane, w\u0119giel aktywny w proszku, olejek eteryczny na b\u00f3l g\u0142owy, astaksantyna apteka, bia\u0142a sza\u0142wia w\u0142a\u015bciwo\u015bci, erytrotyl<\/p>\n<p><a href=\"https:\/\/www.pol-vending.pl\">automaty vendingowe pol-vending.pl<\/a><\/p>\n","protected":false},"excerpt":{"rendered":"<p>Ibuprofenum, 400 mgLek przeciwb\u00f3lowy, przeciwzapalny, przeciwgor\u0105czkowy.Objawowe leczenie:- \u0142agodnego i umiarkowanego b\u00f3lu, np. b\u00f3lu g\u0142owy, b\u00f3lu miesi\u0105czkowego, b\u00f3lu z\u0119ba- gor\u0105czki i&hellip;<\/p>\n","protected":false},"featured_media":2563,"comment_status":"closed","ping_status":"open","template":"","meta":[],"product_cat":[249],"product_tag":[667,731,693],"class_list":["post-2562","product","type-product","status-publish","has-post-thumbnail","hentry","product_cat-okulary-oprawki-i-szkla","product_tag-makaron-sojowy-ig","product_tag-margaryna-bez-oleju-palmowego","product_tag-serek-kremowy"],"_links":{"self":[{"href":"https:\/\/wegeblw.pl\/index.php\/wp-json\/wp\/v2\/product\/2562","targetHints":{"allow":["GET"]}}],"collection":[{"href":"https:\/\/wegeblw.pl\/index.php\/wp-json\/wp\/v2\/product"}],"about":[{"href":"https:\/\/wegeblw.pl\/index.php\/wp-json\/wp\/v2\/types\/product"}],"replies":[{"embeddable":true,"href":"https:\/\/wegeblw.pl\/index.php\/wp-json\/wp\/v2\/comments?post=2562"}],"wp:featuredmedia":[{"embeddable":true,"href":"https:\/\/wegeblw.pl\/index.php\/wp-json\/wp\/v2\/media\/2563"}],"wp:attachment":[{"href":"https:\/\/wegeblw.pl\/index.php\/wp-json\/wp\/v2\/media?parent=2562"}],"wp:term":[{"taxonomy":"product_cat","embeddable":true,"href":"https:\/\/wegeblw.pl\/index.php\/wp-json\/wp\/v2\/product_cat?post=2562"},{"taxonomy":"product_tag","embeddable":true,"href":"https:\/\/wegeblw.pl\/index.php\/wp-json\/wp\/v2\/product_tag?post=2562"}],"curies":[{"name":"wp","href":"https:\/\/api.w.org\/{rel}","templated":true}]}}