{"id":2588,"date":"2017-06-28T16:04:26","date_gmt":"2017-06-28T14:04:26","guid":{"rendered":"https:\/\/wegeblw.pl\/index.php\/produkt\/odzywka-bialkowa-ihs-iron-horse-100-pure-whey-500g\/"},"modified":"2026-04-28T09:03:19","modified_gmt":"2026-04-28T07:03:19","slug":"odzywka-bialkowa-ihs-iron-horse-100-pure-whey-500g","status":"publish","type":"product","link":"https:\/\/wegeblw.pl\/index.php\/produkt\/odzywka-bialkowa-ihs-iron-horse-100-pure-whey-500g\/","title":{"rendered":"Od\u017cywka bia\u0142kowa Ihs Iron Horse 100 Pure Whey 500g"},"content":{"rendered":"<p>Soczewki jednodniowe MyDay, 30 szt. -0.75<\/p>\n<p>Soczewki kontaktowe<\/p>\n<p>klopsy wegetarianskie, szklanki termiczne 300 ml, curry \u017c\u00f3\u0142te, dzienna dawka b\u0142onnika, yetba mate, komosa ry\u017cowa quinoa<\/p>\n<p>yyyyy<\/p>\n","protected":false},"excerpt":{"rendered":"<p>Soczewki jednodniowe MyDay, 30 szt. -0.75 Soczewki kontaktowe klopsy wegetarianskie, szklanki termiczne 300 ml, curry \u017c\u00f3\u0142te, dzienna dawka b\u0142onnika, yetba&hellip;<\/p>\n","protected":false},"featured_media":0,"comment_status":"closed","ping_status":"open","template":"","meta":[],"product_cat":[107],"product_tag":[838,680,707,713],"class_list":["post-2588","product","type-product","status-publish","hentry","product_cat-odzywki-bialkowe","product_tag-olej-kokosowy-rafinowany-czy-nierafinowany","product_tag-smietana-kwasna","product_tag-wege-mieso","product_tag-zur-a-zurek"],"_links":{"self":[{"href":"https:\/\/wegeblw.pl\/index.php\/wp-json\/wp\/v2\/product\/2588","targetHints":{"allow":["GET"]}}],"collection":[{"href":"https:\/\/wegeblw.pl\/index.php\/wp-json\/wp\/v2\/product"}],"about":[{"href":"https:\/\/wegeblw.pl\/index.php\/wp-json\/wp\/v2\/types\/product"}],"replies":[{"embeddable":true,"href":"https:\/\/wegeblw.pl\/index.php\/wp-json\/wp\/v2\/comments?post=2588"}],"wp:attachment":[{"href":"https:\/\/wegeblw.pl\/index.php\/wp-json\/wp\/v2\/media?parent=2588"}],"wp:term":[{"taxonomy":"product_cat","embeddable":true,"href":"https:\/\/wegeblw.pl\/index.php\/wp-json\/wp\/v2\/product_cat?post=2588"},{"taxonomy":"product_tag","embeddable":true,"href":"https:\/\/wegeblw.pl\/index.php\/wp-json\/wp\/v2\/product_tag?post=2588"}],"curies":[{"name":"wp","href":"https:\/\/api.w.org\/{rel}","templated":true}]}}