{"id":259,"date":"2021-01-13T10:13:09","date_gmt":"2021-01-13T09:13:09","guid":{"rendered":"https:\/\/wegeblw.pl\/index.php\/produkt\/medica-herbs-dong-quai-forte-560mg-dziegiel-chinski-40-kapsulek\/"},"modified":"2026-04-29T16:11:05","modified_gmt":"2026-04-29T14:11:05","slug":"medica-herbs-dong-quai-forte-560mg-dziegiel-chinski-40-kapsulek","status":"publish","type":"product","link":"https:\/\/wegeblw.pl\/index.php\/produkt\/medica-herbs-dong-quai-forte-560mg-dziegiel-chinski-40-kapsulek\/","title":{"rendered":"MEDICA HERBS Dong Quai Forte 560mg (Dzi\u0119giel Chi\u0144ski) 40 Kapsu\u0142ek"},"content":{"rendered":"<p>Premiera publikacji ksi\u0105\u017ckowej KOMPLEKSOWE LECZENIE CHOROBY ZWYRODNIENIOWEJ STAW\u00d3W pod redakcj\u0105 prof. ndzw. dr hab. dr n. med. Wies\u0142awa Tomaszewskiego. Choroba zwyrodnieniowa staw\u00f3w, uznawana jest obecnie za patologi\u0119 og\u00f3lnoustrojow\u0105, a ksi\u0105\u017cka dedykowana jest specjalistom, kt\u00f3rzy spotykaj\u0105 si\u0119 z ni\u0105 w swojej praktyce klinicznej, w tym: specjalistom ortopedii i traumatologii, neurologii i neurochirurgii, reumatologii, geriatrii, rehabilitacji i fizjoterapii, lekarzom pierwszego kontaktu ( specjalistom medycyny rodzinnej, medycyny sportowej, medycyny pracy ) i inni.Format: 17.8&#215;24.8 ISBN: 9788393494378 Obj\u0119to\u015b\u0107: 488 Oprawa: Kartonowa Foliowana Redakcja: Tomaszewski Wies\u0142aw E. Rok wydania: 2017 Wydawca: Medsport<\/p>\n<p>Zdrowie i diety<\/p>\n<p>poziom glikemiczny, zestaw prezentowy zdrow\u0105 \u017cywno\u015b\u0107, czy suszone pomidory s\u0105 zdrowe, dania vega\u0144skie, wega\u0144skie wino<\/p>\n<p>yyyyy<\/p>\n","protected":false},"excerpt":{"rendered":"<p>Premiera publikacji ksi\u0105\u017ckowej KOMPLEKSOWE LECZENIE CHOROBY ZWYRODNIENIOWEJ STAW\u00d3W pod redakcj\u0105 prof. ndzw. dr hab. dr n. med. Wies\u0142awa Tomaszewskiego. Choroba&hellip;<\/p>\n","protected":false},"featured_media":260,"comment_status":"closed","ping_status":"open","template":"","meta":[],"product_cat":[29],"product_tag":[634,645,764,759,693],"class_list":["post-259","product","type-product","status-publish","has-post-thumbnail","hentry","product_cat-pozostale-suplementy","product_tag-amarantus","product_tag-fioletowe-bataty","product_tag-jogurty-bez-mleka","product_tag-kurkuma","product_tag-serek-kremowy"],"_links":{"self":[{"href":"https:\/\/wegeblw.pl\/index.php\/wp-json\/wp\/v2\/product\/259","targetHints":{"allow":["GET"]}}],"collection":[{"href":"https:\/\/wegeblw.pl\/index.php\/wp-json\/wp\/v2\/product"}],"about":[{"href":"https:\/\/wegeblw.pl\/index.php\/wp-json\/wp\/v2\/types\/product"}],"replies":[{"embeddable":true,"href":"https:\/\/wegeblw.pl\/index.php\/wp-json\/wp\/v2\/comments?post=259"}],"wp:featuredmedia":[{"embeddable":true,"href":"https:\/\/wegeblw.pl\/index.php\/wp-json\/wp\/v2\/media\/260"}],"wp:attachment":[{"href":"https:\/\/wegeblw.pl\/index.php\/wp-json\/wp\/v2\/media?parent=259"}],"wp:term":[{"taxonomy":"product_cat","embeddable":true,"href":"https:\/\/wegeblw.pl\/index.php\/wp-json\/wp\/v2\/product_cat?post=259"},{"taxonomy":"product_tag","embeddable":true,"href":"https:\/\/wegeblw.pl\/index.php\/wp-json\/wp\/v2\/product_tag?post=259"}],"curies":[{"name":"wp","href":"https:\/\/api.w.org\/{rel}","templated":true}]}}