{"id":2595,"date":"2025-03-05T03:09:03","date_gmt":"2025-03-05T02:09:03","guid":{"rendered":"https:\/\/wegeblw.pl\/?post_type=product&#038;p=2595"},"modified":"2026-04-08T16:29:18","modified_gmt":"2026-04-08T14:29:18","slug":"marc-jacobs-marc587-s-807-9o-one-size-53","status":"publish","type":"product","link":"https:\/\/wegeblw.pl\/index.php\/produkt\/marc-jacobs-marc587-s-807-9o-one-size-53\/","title":{"rendered":"Marc Jacobs MARC587\/S 807\/9O ONE SIZE (53)"},"content":{"rendered":"<p>OpisZaprojektowana w Londynie i stworzona we W\u0142oszech kolekcja akcesori\u00f3w optycznych Burberry \u0142\u0105czy w sobie elementy 150-letniego dziedzictwa marki i nowoczesnego designu. Za\u0142o\u017cona w 1856 przez Thomasa Burberry, firma zdoby\u0142a swoj\u0105 reputacj\u0119 dzi\u0119ki perfekcyjnemu rzemios\u0142u i klasycznemu brytyjskiemu stylowi.Okulary korekcyjne Burberry BE2201 3002 s\u0105 cz\u0119\u015bci\u0105 najnowszej kolekcji Burberry dla kobiet. Ten elegancki model z pe\u0142n\u0105 ramk\u0105 odzwierciedla najnowsze trendy we wsp\u00f3\u0142czesnym projektowaniu okular\u00f3w, a jego wayfarer kszta\u0142t sprawia, \u017ce Burberry BE2201 jest idealnym wyborem dla okr\u0105g\u0142ej, owalnej lub w kszta\u0142cie serca twarzy.Oprawki s\u0105 wykonane z wysokiej jako\u015bci wstrzykiwanego octanu celulozy. W por\u00f3wnaniu do tworzywa sztucznego, octan celulozy jest l\u017cejszy, bardziej elastyczny i 100% hipoalergiczny. Soczewki korekcyjne oferowane na eyerim s\u0105 wytwarzane i montowane przez wsp\u00f3\u0142pracuj\u0105c\u0105 z nami firm\u0119 o mi\u0119dzynarodowym uznaniu i 40-letniej tradycji. Oferuj\u0105 one 100% ochron\u0119 przed promieniowaniem UV oraz s\u0105 wyposa\u017cone w antyrefleksow\u0105, hydrofobow\u0105 pow\u0142ok\u0119 odporn\u0105 na zadrapania, tak aby zapewni\u0107 mo\u017cliwie najbardziej wyra\u017ane widzenie.Kupuj\u0105c teraz okulary Burberry BE2201 3002 na eyerim otrzymasz bezp\u0142atn\u0105 przesy\u0142k\u0119 prosto pod swoje drzwi. Twoje okulary b\u0119d\u0105 wys\u0142ane w oryginalnym ochronnym opakowaniu wraz z miekka \u015bciereczk\u0105 do czyszczenia.<\/p>\n<p>Okulary oprawki i szk\u0142a<\/p>\n<p>opie\u0144ki marynowane, witaminy z gr b, syrop s\u0142odowy, zdrowa \u017cywno\u015b\u0107 sklep internetowy, kuchnia \u015br\u00f3dziemnomorska, agar agar szkodliwo\u015b\u0107, zio\u0142a na p\u0142odno\u015b\u0107 forum, kukurydza pochodzenie, zel z heparyna, rodzaje glinek do twarzy, zio\u0142a na dobry sen, p\u0142atki dro\u017cd\u017cowe nieaktywne 1kg, matcha moya, sza\u0142wia bia\u0142a palenie, solgar koenzym q10, tadzin, jerzy zi\u0119ba cholesterol naukowe k\u0142amstwo, grawiola, niskokaloryczna m\u0105ka, chipsy orzechowe kulki, traganek<\/p>\n<p>yyyyy<\/p>\n","protected":false},"excerpt":{"rendered":"<p>OpisZaprojektowana w Londynie i stworzona we W\u0142oszech kolekcja akcesori\u00f3w optycznych Burberry \u0142\u0105czy w sobie elementy 150-letniego dziedzictwa marki i nowoczesnego&hellip;<\/p>\n","protected":false},"featured_media":2596,"comment_status":"closed","ping_status":"open","template":"","meta":[],"product_cat":[250],"product_tag":[863,645,632,628,796],"class_list":["post-2595","product","type-product","status-publish","has-post-thumbnail","hentry","product_cat-okulary-przeciwsloneczne-damskie","product_tag-antidotum","product_tag-fioletowe-bataty","product_tag-komosa-ryzowa-jak-gotowac","product_tag-mieso-roslinne","product_tag-pasta-misi"],"_links":{"self":[{"href":"https:\/\/wegeblw.pl\/index.php\/wp-json\/wp\/v2\/product\/2595","targetHints":{"allow":["GET"]}}],"collection":[{"href":"https:\/\/wegeblw.pl\/index.php\/wp-json\/wp\/v2\/product"}],"about":[{"href":"https:\/\/wegeblw.pl\/index.php\/wp-json\/wp\/v2\/types\/product"}],"replies":[{"embeddable":true,"href":"https:\/\/wegeblw.pl\/index.php\/wp-json\/wp\/v2\/comments?post=2595"}],"wp:featuredmedia":[{"embeddable":true,"href":"https:\/\/wegeblw.pl\/index.php\/wp-json\/wp\/v2\/media\/2596"}],"wp:attachment":[{"href":"https:\/\/wegeblw.pl\/index.php\/wp-json\/wp\/v2\/media?parent=2595"}],"wp:term":[{"taxonomy":"product_cat","embeddable":true,"href":"https:\/\/wegeblw.pl\/index.php\/wp-json\/wp\/v2\/product_cat?post=2595"},{"taxonomy":"product_tag","embeddable":true,"href":"https:\/\/wegeblw.pl\/index.php\/wp-json\/wp\/v2\/product_tag?post=2595"}],"curies":[{"name":"wp","href":"https:\/\/api.w.org\/{rel}","templated":true}]}}