{"id":2665,"date":"2013-04-24T07:22:39","date_gmt":"2013-04-24T05:22:39","guid":{"rendered":"https:\/\/wegeblw.pl\/index.php\/produkt\/marc-jacobs-mbm9500\/"},"modified":"2026-04-07T01:33:43","modified_gmt":"2026-04-06T23:33:43","slug":"marc-jacobs-mbm9500","status":"publish","type":"product","link":"https:\/\/wegeblw.pl\/index.php\/produkt\/marc-jacobs-mbm9500\/","title":{"rendered":"Marc Jacobs MBM9500"},"content":{"rendered":"<p>Zmie\u0144my ma\u0142e kroczki dziecka w niezwyk\u0142e kroki naprz\u00f3dDzi\u0119ki 100-letniemu do\u015bwiadczeniu w badaniu mleka matki opracowali\u015bmy nasz\u0105 najbardziej zaawansowan\u0105 formu\u0142\u0119 \u2013 Enfamil Premium MFGM 2, kt\u00f3ra stymuluje rozw\u00f3j m\u00f3zgu i wspomaga odporno\u015b\u0107 Twojego dziecka.* Razem robimy nasz Ma\u0142y Wielki Krok naprz\u00f3d.                            <\/p>\n<p>MFGM naturalny sk\u0142adnik mleka matkiOdkryto wyj\u0105tkow\u0105 struktur\u0119 MFGM (Milk Fat Globule Membrane) \u2013 naturalny sk\u0142adnik mleka matki, kt\u00f3ra wspiera odporno\u015b\u01071 i rozw\u00f3j m\u00f3zgu dziecka1. Teraz jest obecna r\u00f3wnie\u017c w najnowszych formu\u0142ach, co sprawia, \u017ce staj\u0105 si\u0119 one coraz bli\u017csze mleku matki.<br \/>\n1. Hernell O., Timby N., Domell\u00f6f M. i in.: Clinical benefits of milk fat globule membranes for infants and children. Journal of Pediatrics 2016;173S:S60-S65.2. Timby N., Hernell O., Vaarala O., Melin M., Lonnerdal B., Domellof M.: Infections in infants fed formula supplemented with bovine milk fat globule membranes. J Pediatr Gastroenterol Nutr 2015, 60:384\u20133893. Timby N., Domellof E., Hernell O. i wsp.: Neurodevelopment, nutrition, and growth until 12 mo of age in infants fed a low-energy, low-protein formula supplemented with bovine milk fat globule membranes: A randomized controlled trial. Am J Clin Nutr 2014;99:860-868                            <\/p>\n<p>Enfamil Premium MFGM 2 zawiera r\u00f3wnie\u017c:Witaminy A, C i D dla prawid\u0142owego funkcjonowania uk\u0142adu odporno\u015bciowego*Kwas ALA, wa\u017cny dla rozwoju m\u00f3zgu i tkanek nerwowych*Cynk niezb\u0119dny dla prawid\u0142owego wzrostu*Kwas DHA (szczeg\u00f3lny rodzaj kwas\u00f3w Omega 3), na poziomie, kt\u00f3ry wspomaga prawid\u0142owy rozw\u00f3j wzroku Twojego dziecka**Witamin\u0119 D niezb\u0119dn\u0105 dla prawid\u0142owego rozwoju mocnych ko\u015bci*\u017belazo przyczynia si\u0119 do prawid\u0142owego rozwoju funkcji poznawczych i wspomaga uk\u0142ad odporno\u015bciowy*.                            <\/p>\n<p>MFGM \u2013 Naturalny sk\u0142adnik mleka matki<\/p>\n<p>Najlepszym pokarmem dla niemowl\u0105t zapewniaj\u0105cym ich prawid\u0142owy i optymalny rozw\u00f3j jest mleko matki, nazywane z\u0142otym standardem. W sk\u0142adzie kobiecego mleka&#8230;                            <\/p>\n<p>MFGM \u2013 Wspiera odporno\u015b\u0107<\/p>\n<p>Mleko kobiece zawiera szereg bioaktywnych sk\u0142adnik\u00f3w, kt\u00f3re odkrywaj\u0105 kluczow\u0105 rol\u0119 w rozwoju psychoruchowym niemowl\u0105t i dzieci i budowaniu ich odporno\u015bci&#8230;.                            <\/p>\n<p>MFGM \u2013 Wspiera rozw\u00f3j m\u00f3zgu <\/p>\n<p>Dzi\u0119ki osi\u0105gni\u0119ciom naukowym, produkowane obecnie mleko modyfikowane zawiera naturalne substancje wspieraj\u0105ce rozw\u00f3j i zdrowie dziecka. Nowym, innowacyjnym sk\u0142adnikiem&#8230;                            <\/p>\n<p>Wybieranie formu\u0142y<\/p>\n<p>Po\u0142o\u017cna radzi jak najbezpieczniej wprowadzi\u0107 do diety dziecka mleko modyfikowane.                            <\/p>\n<p>                                Dowiedz si\u0119 wi\u0119cej<\/p>\n<p>Wspieramy rozw\u00f3j Twojego maluszka w kolejnych etapach \u017cycia.<\/p>\n<p>W zale\u017cno\u015bci od ich wieku, dzieci potrzebuj\u0105 zr\u00f3\u017cnicowanych sk\u0142adnik\u00f3w od\u017cywczych. Sprawd\u017a jakie sk\u0142adniki od\u017cywcze zawieraj\u0105 nasze nowe produkty z linii Enfamil Premium MFGM.                            <\/p>\n<p>                                Dowiedz si\u0119 wi\u0119cej<\/p>\n<p>Nowe odkrycie w badaniach nad mlekiem mamy<br \/>\nKarmienie piersi\u0105 to najlepszy spos\u00f3b \u017cywienia niemowl\u0105t. Dlatego mleko mamy od wielu lat jest przedmiotem bada\u0144 naukowc\u00f3w z ca\u0142ego \u015bwiata. Ich najnowsze odkrycie to MFGM&#8230;                            <\/p>\n<p>Innowacja w \u017cywieniu niemowl\u0105t<br \/>\nWzmacnia odporno\u015b\u0107, reguluje prac\u0119 jelita, wspiera rozw\u00f3j m\u00f3zgu malucha. Tak dzia\u0142a sk\u0142adnik MFGM dodawany do najnowszych rodzaj\u00f3w mleka modyfikowanego.                            <\/p>\n<p>Mleko modyfikowane coraz bardziej podobne do mleka matki<br \/>\nDzi\u0119ki osi\u0105gni\u0119ciom naukowym, produkowane obecnie mleko modyfikowane zawiera naturalne substancje wspieraj\u0105ce rozw\u00f3j i zdrowie dziecka. Nowym, innowacyjnym sk\u0142adnikiem&#8230;                            <\/p>\n<p>Pierwsze trzy lata dziecka s\u0105 krytycznym okresem dla jego rozwoju<\/p>\n<p>W trakcie pierwszego roku \u017cycia m\u00f3zg dziecka zwi\u0119ksza swoj\u0105 obj\u0119to\u015b\u0107 o 175% (i a\u017c 300% w trakcie pierwszych dw\u00f3ch lat). Enfamil Premium MFGM 2 posiada kwasy DHA oraz ALA, kt\u00f3ry wspiera rozw\u00f3j m\u00f3zgu*                            <\/p>\n<p>                                Dowiedz si\u0119 wi\u0119cej<\/p>\n<p>Wa\u017cna informacja: Enfamil Premium MFGM 2, mleko nast\u0119pne. Stosowanie produktu jedynie po zasi\u0119gni\u0119ciu opinii niezale\u017cnych os\u00f3b posiadaj\u0105cych kwalifikacje w dziedzinie medycyny, \u017cywienia lub farmacji b\u0105d\u017a te\u017c innych specjalist\u00f3w zajmuj\u0105cych si\u0119 opiek\u0105 nad matkami i dzie\u0107mi. Karmienie piersi\u0105 jest najlepszym sposobem \u017cywienia niemowl\u0105t. Karmienie sztuczne powinno nast\u0119powa\u0107 w przypadku, gdy karmienie piersi\u0105 jest niemo\u017cliwe lub utrudnione. <\/p>\n<p>*Cechy produktu wynikaj\u0105 z funkcji zawartych w nim sk\u0142adnik\u00f3w. EFSA Journal 2015;13(11):4298, EFSA Journal 2014;12(11):3891, EFSA Journal 2011;9(4):2130,Zalecane spo\u017cycie kwasu \u03b1- linolenowego to 2 g dziennie, a linolowego 10 g dziennie., EFSA Journal 2015;13(7):4182, EFSA Journal 2013;11(7):3334. <\/p>\n<p>**Przy dziennym spo\u017cyciu 100 mg DHA, kt\u00f3rego zapotrzebowanie pokrywa Enfamil Premium MFGM 2 jako cz\u0119\u015b\u0107 urozmaiconej diety.$Dobbing J, Sands J: Quantitative growth and development of human brain. Arch Dis Child 1973, 48:757-767. \u2020Georgieff MK: Nutrition and the developing brain: nutrient priorities and measurement Am J Clin Nutr 2007, 85:614S-620S.<\/p>\n<p>Mleka pocz\u0105tkowe<\/p>\n<p>kardamon mielony cena, idared jab\u0142ka, niacyna opinie, celiakia co to jest, grejpfrut w\u0119glowodany, ry\u017c sushi, kwas jab\u0142kowy spo\u017cywczy, cukier wanilinowy sk\u0142ad, balance me health labs<\/p>\n<p>yyyyy<\/p>\n","protected":false},"excerpt":{"rendered":"<p>Zmie\u0144my ma\u0142e kroczki dziecka w niezwyk\u0142e kroki naprz\u00f3dDzi\u0119ki 100-letniemu do\u015bwiadczeniu w badaniu mleka matki opracowali\u015bmy nasz\u0105 najbardziej zaawansowan\u0105 formu\u0142\u0119 \u2013&hellip;<\/p>\n","protected":false},"featured_media":2666,"comment_status":"closed","ping_status":"open","template":"","meta":[],"product_cat":[254],"product_tag":[744,768,678],"class_list":["post-2665","product","type-product","status-publish","has-post-thumbnail","hentry","product_cat-zegarki","product_tag-haagen-dazs","product_tag-pasztet-z-soczewicy-z-suszonymi-pomidorami","product_tag-springrolls"],"_links":{"self":[{"href":"https:\/\/wegeblw.pl\/index.php\/wp-json\/wp\/v2\/product\/2665","targetHints":{"allow":["GET"]}}],"collection":[{"href":"https:\/\/wegeblw.pl\/index.php\/wp-json\/wp\/v2\/product"}],"about":[{"href":"https:\/\/wegeblw.pl\/index.php\/wp-json\/wp\/v2\/types\/product"}],"replies":[{"embeddable":true,"href":"https:\/\/wegeblw.pl\/index.php\/wp-json\/wp\/v2\/comments?post=2665"}],"wp:featuredmedia":[{"embeddable":true,"href":"https:\/\/wegeblw.pl\/index.php\/wp-json\/wp\/v2\/media\/2666"}],"wp:attachment":[{"href":"https:\/\/wegeblw.pl\/index.php\/wp-json\/wp\/v2\/media?parent=2665"}],"wp:term":[{"taxonomy":"product_cat","embeddable":true,"href":"https:\/\/wegeblw.pl\/index.php\/wp-json\/wp\/v2\/product_cat?post=2665"},{"taxonomy":"product_tag","embeddable":true,"href":"https:\/\/wegeblw.pl\/index.php\/wp-json\/wp\/v2\/product_tag?post=2665"}],"curies":[{"name":"wp","href":"https:\/\/api.w.org\/{rel}","templated":true}]}}