{"id":2675,"date":"2023-06-16T03:41:27","date_gmt":"2023-06-16T01:41:27","guid":{"rendered":"https:\/\/wegeblw.pl\/?post_type=product&#038;p=2675"},"modified":"2026-04-08T06:26:52","modified_gmt":"2026-04-08T04:26:52","slug":"marc-jacobs-daisy-love-skies-woda-toaletowa-50ml","status":"publish","type":"product","link":"https:\/\/wegeblw.pl\/index.php\/produkt\/marc-jacobs-daisy-love-skies-woda-toaletowa-50ml\/","title":{"rendered":"Marc Jacobs Daisy Love Skies Woda Toaletowa 50Ml"},"content":{"rendered":"<p>Soczewki jednodniowe MyDay, 30 szt. -0.75<\/p>\n<p>Soczewki kontaktowe<\/p>\n<p>klopsy wegetarianskie, szklanki termiczne 300 ml, curry \u017c\u00f3\u0142te, dzienna dawka b\u0142onnika, yetba mate, komosa ry\u017cowa quinoa<\/p>\n<p>yyyyy<\/p>\n","protected":false},"excerpt":{"rendered":"<p>Soczewki jednodniowe MyDay, 30 szt. -0.75 Soczewki kontaktowe klopsy wegetarianskie, szklanki termiczne 300 ml, curry \u017c\u00f3\u0142te, dzienna dawka b\u0142onnika, yetba&hellip;<\/p>\n","protected":false},"featured_media":2676,"comment_status":"closed","ping_status":"open","template":"","meta":[],"product_cat":[34],"product_tag":[662,783,879,769,745,795,754],"class_list":["post-2675","product","type-product","status-publish","has-post-thumbnail","hentry","product_cat-perfumy-i-wody-damskie","product_tag-co-mozna-zrobic-z-kokosa","product_tag-majonez-vita-pol","product_tag-makaron-konjak","product_tag-mieso-mielone-wege","product_tag-swieze-mleko","product_tag-wino-bez-siarczanow","product_tag-zamienniki-miesa"],"_links":{"self":[{"href":"https:\/\/wegeblw.pl\/index.php\/wp-json\/wp\/v2\/product\/2675","targetHints":{"allow":["GET"]}}],"collection":[{"href":"https:\/\/wegeblw.pl\/index.php\/wp-json\/wp\/v2\/product"}],"about":[{"href":"https:\/\/wegeblw.pl\/index.php\/wp-json\/wp\/v2\/types\/product"}],"replies":[{"embeddable":true,"href":"https:\/\/wegeblw.pl\/index.php\/wp-json\/wp\/v2\/comments?post=2675"}],"wp:featuredmedia":[{"embeddable":true,"href":"https:\/\/wegeblw.pl\/index.php\/wp-json\/wp\/v2\/media\/2676"}],"wp:attachment":[{"href":"https:\/\/wegeblw.pl\/index.php\/wp-json\/wp\/v2\/media?parent=2675"}],"wp:term":[{"taxonomy":"product_cat","embeddable":true,"href":"https:\/\/wegeblw.pl\/index.php\/wp-json\/wp\/v2\/product_cat?post=2675"},{"taxonomy":"product_tag","embeddable":true,"href":"https:\/\/wegeblw.pl\/index.php\/wp-json\/wp\/v2\/product_tag?post=2675"}],"curies":[{"name":"wp","href":"https:\/\/api.w.org\/{rel}","templated":true}]}}