{"id":2677,"date":"2020-12-05T23:40:44","date_gmt":"2020-12-05T22:40:44","guid":{"rendered":"https:\/\/wegeblw.pl\/index.php\/produkt\/porsche-design-p8801-t-48-brazowy\/"},"modified":"2026-04-08T07:31:37","modified_gmt":"2026-04-08T05:31:37","slug":"porsche-design-p8801-t-48-brazowy","status":"publish","type":"product","link":"https:\/\/wegeblw.pl\/index.php\/produkt\/porsche-design-p8801-t-48-brazowy\/","title":{"rendered":"Porsche Design P8801-T-48 Br\u0105zowy"},"content":{"rendered":"<p>BishEffect Biszofit Po\u0142tawski Venovasin 75ml<\/p>\n<p>Preparaty medycyny naturalnej<\/p>\n<p>luteina forte, ga\u0142ka muszkata\u0142owa, olejek z drzewa herbacianego 100, wege mas\u0142o<\/p>\n<p>yyyyy<\/p>\n","protected":false},"excerpt":{"rendered":"<p>BishEffect Biszofit Po\u0142tawski Venovasin 75ml Preparaty medycyny naturalnej luteina forte, ga\u0142ka muszkata\u0142owa, olejek z drzewa herbacianego 100, wege mas\u0142o yyyyy<\/p>\n","protected":false},"featured_media":2678,"comment_status":"closed","ping_status":"open","template":"","meta":[],"product_cat":[249],"product_tag":[644,822,704,727,668,683],"class_list":["post-2677","product","type-product","status-publish","has-post-thumbnail","hentry","product_cat-okulary-oprawki-i-szkla","product_tag-co-zamiast-jogurtu-naturalnego","product_tag-mleko-kozie","product_tag-naturgreen","product_tag-sok-plus","product_tag-wolowina-ekologiczna","product_tag-ziola-regenerujace-nadnercza"],"_links":{"self":[{"href":"https:\/\/wegeblw.pl\/index.php\/wp-json\/wp\/v2\/product\/2677","targetHints":{"allow":["GET"]}}],"collection":[{"href":"https:\/\/wegeblw.pl\/index.php\/wp-json\/wp\/v2\/product"}],"about":[{"href":"https:\/\/wegeblw.pl\/index.php\/wp-json\/wp\/v2\/types\/product"}],"replies":[{"embeddable":true,"href":"https:\/\/wegeblw.pl\/index.php\/wp-json\/wp\/v2\/comments?post=2677"}],"wp:featuredmedia":[{"embeddable":true,"href":"https:\/\/wegeblw.pl\/index.php\/wp-json\/wp\/v2\/media\/2678"}],"wp:attachment":[{"href":"https:\/\/wegeblw.pl\/index.php\/wp-json\/wp\/v2\/media?parent=2677"}],"wp:term":[{"taxonomy":"product_cat","embeddable":true,"href":"https:\/\/wegeblw.pl\/index.php\/wp-json\/wp\/v2\/product_cat?post=2677"},{"taxonomy":"product_tag","embeddable":true,"href":"https:\/\/wegeblw.pl\/index.php\/wp-json\/wp\/v2\/product_tag?post=2677"}],"curies":[{"name":"wp","href":"https:\/\/api.w.org\/{rel}","templated":true}]}}