{"id":2689,"date":"2015-12-19T15:58:09","date_gmt":"2015-12-19T14:58:09","guid":{"rendered":"https:\/\/wegeblw.pl\/index.php\/produkt\/marc-jacobs-marc471-807\/"},"modified":"2026-04-07T02:51:56","modified_gmt":"2026-04-07T00:51:56","slug":"marc-jacobs-marc471-807","status":"publish","type":"product","link":"https:\/\/wegeblw.pl\/index.php\/produkt\/marc-jacobs-marc471-807\/","title":{"rendered":"MARC JACOBS MARC471 807"},"content":{"rendered":"<p>Mleka nast\u0119pne<\/p>\n<p>herbatniki z czekolad\u0105, sos jagodowy do klusek na parze, 6 miesi\u0119cy niemowl\u0119, olek kokosowy, olej arganowy nacomi, \u0107wik\u0142a z chrzanem, konfitura truskawkowa, glistnik ziele, olej kokosowy czy rzepakowy, witamina d3 w proszku, cynamon w kosmetyce, olej mct, nasiona chia z wod\u0105, swieze, polecanie produkt\u00f3w online, awokado jak jesc, skrzyp zio\u0142a, czy mozna jesc owoce na noc, zdrowe chleby, tarassaco, cukier erytrytol<\/p>\n<p>yyyyy<\/p>\n","protected":false},"excerpt":{"rendered":"<p>Mleka nast\u0119pne herbatniki z czekolad\u0105, sos jagodowy do klusek na parze, 6 miesi\u0119cy niemowl\u0119, olek kokosowy, olej arganowy nacomi, \u0107wik\u0142a&hellip;<\/p>\n","protected":false},"featured_media":2690,"comment_status":"closed","ping_status":"open","template":"","meta":[],"product_cat":[249],"product_tag":[653,625,638,696],"class_list":["post-2689","product","type-product","status-publish","has-post-thumbnail","hentry","product_cat-okulary-oprawki-i-szkla","product_tag-beyond-burger","product_tag-granat-jak-jesc","product_tag-onlybio-odzywka","product_tag-vitapol-majonez-domowy"],"_links":{"self":[{"href":"https:\/\/wegeblw.pl\/index.php\/wp-json\/wp\/v2\/product\/2689","targetHints":{"allow":["GET"]}}],"collection":[{"href":"https:\/\/wegeblw.pl\/index.php\/wp-json\/wp\/v2\/product"}],"about":[{"href":"https:\/\/wegeblw.pl\/index.php\/wp-json\/wp\/v2\/types\/product"}],"replies":[{"embeddable":true,"href":"https:\/\/wegeblw.pl\/index.php\/wp-json\/wp\/v2\/comments?post=2689"}],"wp:featuredmedia":[{"embeddable":true,"href":"https:\/\/wegeblw.pl\/index.php\/wp-json\/wp\/v2\/media\/2690"}],"wp:attachment":[{"href":"https:\/\/wegeblw.pl\/index.php\/wp-json\/wp\/v2\/media?parent=2689"}],"wp:term":[{"taxonomy":"product_cat","embeddable":true,"href":"https:\/\/wegeblw.pl\/index.php\/wp-json\/wp\/v2\/product_cat?post=2689"},{"taxonomy":"product_tag","embeddable":true,"href":"https:\/\/wegeblw.pl\/index.php\/wp-json\/wp\/v2\/product_tag?post=2689"}],"curies":[{"name":"wp","href":"https:\/\/api.w.org\/{rel}","templated":true}]}}