{"id":2701,"date":"2019-01-03T18:11:19","date_gmt":"2019-01-03T17:11:19","guid":{"rendered":"https:\/\/wegeblw.pl\/index.php\/produkt\/ic-berlin-theda-51-18-145-zloty\/"},"modified":"2026-04-07T01:15:29","modified_gmt":"2026-04-06T23:15:29","slug":"ic-berlin-theda-51-18-145-zloty","status":"publish","type":"product","link":"https:\/\/wegeblw.pl\/index.php\/produkt\/ic-berlin-theda-51-18-145-zloty\/","title":{"rendered":"Ic Berlin Theda &#8211; 51\/18\/145 Z\u0142oty"},"content":{"rendered":"<p>Suplementy na odchudzanie<\/p>\n<p>mleka ro\u015blinne, tortilla pszenna, babalski sklep, zepsuty ocet jab\u0142kowy, chrupki pizza, kostki roso\u0142owe bio<\/p>\n<p>yyyyy<\/p>\n","protected":false},"excerpt":{"rendered":"<p>Suplementy na odchudzanie mleka ro\u015blinne, tortilla pszenna, babalski sklep, zepsuty ocet jab\u0142kowy, chrupki pizza, kostki roso\u0142owe bio yyyyy<\/p>\n","protected":false},"featured_media":2702,"comment_status":"closed","ping_status":"open","template":"","meta":[],"product_cat":[249],"product_tag":[780,857,675,739,622],"class_list":["post-2701","product","type-product","status-publish","has-post-thumbnail","hentry","product_cat-okulary-oprawki-i-szkla","product_tag-b12","product_tag-jablka-ekologiczne","product_tag-limonki","product_tag-makaron-sojowy-indeks-glikemiczny","product_tag-vege-mieso"],"_links":{"self":[{"href":"https:\/\/wegeblw.pl\/index.php\/wp-json\/wp\/v2\/product\/2701","targetHints":{"allow":["GET"]}}],"collection":[{"href":"https:\/\/wegeblw.pl\/index.php\/wp-json\/wp\/v2\/product"}],"about":[{"href":"https:\/\/wegeblw.pl\/index.php\/wp-json\/wp\/v2\/types\/product"}],"replies":[{"embeddable":true,"href":"https:\/\/wegeblw.pl\/index.php\/wp-json\/wp\/v2\/comments?post=2701"}],"wp:featuredmedia":[{"embeddable":true,"href":"https:\/\/wegeblw.pl\/index.php\/wp-json\/wp\/v2\/media\/2702"}],"wp:attachment":[{"href":"https:\/\/wegeblw.pl\/index.php\/wp-json\/wp\/v2\/media?parent=2701"}],"wp:term":[{"taxonomy":"product_cat","embeddable":true,"href":"https:\/\/wegeblw.pl\/index.php\/wp-json\/wp\/v2\/product_cat?post=2701"},{"taxonomy":"product_tag","embeddable":true,"href":"https:\/\/wegeblw.pl\/index.php\/wp-json\/wp\/v2\/product_tag?post=2701"}],"curies":[{"name":"wp","href":"https:\/\/api.w.org\/{rel}","templated":true}]}}