{"id":2713,"date":"2021-09-05T16:55:24","date_gmt":"2021-09-05T14:55:24","guid":{"rendered":"https:\/\/wegeblw.pl\/index.php\/produkt\/okulary-przeciwsloneczne-marc-jacobs-1010-s-black-807\/"},"modified":"2026-04-08T14:38:42","modified_gmt":"2026-04-08T12:38:42","slug":"okulary-przeciwsloneczne-marc-jacobs-1010-s-black-807","status":"publish","type":"product","link":"https:\/\/wegeblw.pl\/index.php\/produkt\/okulary-przeciwsloneczne-marc-jacobs-1010-s-black-807\/","title":{"rendered":"Okulary przeciws\u0142oneczne MARC JACOBS &#8211; 1010\/S Black 807"},"content":{"rendered":"<p>Dermokosmetyki<\/p>\n<p>zwierzaki z owoc\u00f3w, wit c naturalna, co to jest czosnek nied\u017awiedzi, produkty w diecie keto<\/p>\n<p><a href=\"https:\/\/programdiety.pl\/\/wiedza\/jarmuz---wlasciwosci-i-wartosci-odzywcze,247\">jarmu\u017c przeciwwskazania<\/a><\/p>\n","protected":false},"excerpt":{"rendered":"<p>Dermokosmetyki zwierzaki z owoc\u00f3w, wit c naturalna, co to jest czosnek nied\u017awiedzi, produkty w diecie keto jarmu\u017c przeciwwskazania<\/p>\n","protected":false},"featured_media":2714,"comment_status":"closed","ping_status":"open","template":"","meta":[],"product_cat":[250],"product_tag":[734,744,719,716,667],"class_list":["post-2713","product","type-product","status-publish","has-post-thumbnail","hentry","product_cat-okulary-przeciwsloneczne-damskie","product_tag-derma-sklep","product_tag-haagen-dazs","product_tag-jaja-ekologiczne","product_tag-leckers","product_tag-makaron-sojowy-ig"],"_links":{"self":[{"href":"https:\/\/wegeblw.pl\/index.php\/wp-json\/wp\/v2\/product\/2713","targetHints":{"allow":["GET"]}}],"collection":[{"href":"https:\/\/wegeblw.pl\/index.php\/wp-json\/wp\/v2\/product"}],"about":[{"href":"https:\/\/wegeblw.pl\/index.php\/wp-json\/wp\/v2\/types\/product"}],"replies":[{"embeddable":true,"href":"https:\/\/wegeblw.pl\/index.php\/wp-json\/wp\/v2\/comments?post=2713"}],"wp:featuredmedia":[{"embeddable":true,"href":"https:\/\/wegeblw.pl\/index.php\/wp-json\/wp\/v2\/media\/2714"}],"wp:attachment":[{"href":"https:\/\/wegeblw.pl\/index.php\/wp-json\/wp\/v2\/media?parent=2713"}],"wp:term":[{"taxonomy":"product_cat","embeddable":true,"href":"https:\/\/wegeblw.pl\/index.php\/wp-json\/wp\/v2\/product_cat?post=2713"},{"taxonomy":"product_tag","embeddable":true,"href":"https:\/\/wegeblw.pl\/index.php\/wp-json\/wp\/v2\/product_tag?post=2713"}],"curies":[{"name":"wp","href":"https:\/\/api.w.org\/{rel}","templated":true}]}}