{"id":2717,"date":"2013-06-19T01:49:52","date_gmt":"2013-06-18T23:49:52","guid":{"rendered":"https:\/\/wegeblw.pl\/index.php\/produkt\/mykita-corinna-53-17-140-wisniowy\/"},"modified":"2026-04-09T01:10:46","modified_gmt":"2026-04-08T23:10:46","slug":"mykita-corinna-53-17-140-wisniowy","status":"publish","type":"product","link":"https:\/\/wegeblw.pl\/index.php\/produkt\/mykita-corinna-53-17-140-wisniowy\/","title":{"rendered":"Mykita Corinna &#8211; 53\/17\/140 Wi\u015bniowy"},"content":{"rendered":"<p>Preparat polecany w stanach napi\u0119cia nerwowego oraz zm\u0119czenia psychicznego w celu zmniejszenia ich intensywno\u015bci. Wspiera zasypianie. Stanowi wsparcie przy b\u00f3lach g\u0142owy w tym migrenowych.<\/p>\n<p>Uk\u0142ad nerwowy i pami\u0119\u0107<\/p>\n<p>wrapy warzywne, co zamiast skrobi kukurydzianej, konopie luskane, naturalne aromaty spo\u017cywcze, ryzowe, mi\u00f3d pomara\u0144czowy w\u0142a\u015bciwo\u015bci, galaretka z coli, typy planet, gruszki kandyzowane, dania indyjskie, kalafior romanesco fioletowy, czy cukrzyk mo\u017ce je\u015b\u0107 wafle ry\u017cowe, makija\u017c hawajski, egzotyczny kurczak w mleku kokosowym, woskowijki diy, yellow curry przepis, olejki eteryczne aromaterapia, kasza z pszenicy durum, winny kamie\u0144, pierzga pszczela w\u0142a\u015bciwo\u015bci lecznicze<\/p>\n<p><a href=\"https:\/\/solutconstruction.pl\/nowasol.html\">https:\/\/solutconstruction.pl\/nowasol.html<\/a><\/p>\n","protected":false},"excerpt":{"rendered":"<p>Preparat polecany w stanach napi\u0119cia nerwowego oraz zm\u0119czenia psychicznego w celu zmniejszenia ich intensywno\u015bci. Wspiera zasypianie. Stanowi wsparcie przy b\u00f3lach&hellip;<\/p>\n","protected":false},"featured_media":2718,"comment_status":"closed","ping_status":"open","template":"","meta":[],"product_cat":[249],"product_tag":[736,636,806,640,754],"class_list":["post-2717","product","type-product","status-publish","has-post-thumbnail","hentry","product_cat-okulary-oprawki-i-szkla","product_tag-dojrzale-pl","product_tag-farma-zdrowia","product_tag-mieso-ekologiczne","product_tag-siemie-lniane-na-surowo","product_tag-zamienniki-miesa"],"_links":{"self":[{"href":"https:\/\/wegeblw.pl\/index.php\/wp-json\/wp\/v2\/product\/2717","targetHints":{"allow":["GET"]}}],"collection":[{"href":"https:\/\/wegeblw.pl\/index.php\/wp-json\/wp\/v2\/product"}],"about":[{"href":"https:\/\/wegeblw.pl\/index.php\/wp-json\/wp\/v2\/types\/product"}],"replies":[{"embeddable":true,"href":"https:\/\/wegeblw.pl\/index.php\/wp-json\/wp\/v2\/comments?post=2717"}],"wp:featuredmedia":[{"embeddable":true,"href":"https:\/\/wegeblw.pl\/index.php\/wp-json\/wp\/v2\/media\/2718"}],"wp:attachment":[{"href":"https:\/\/wegeblw.pl\/index.php\/wp-json\/wp\/v2\/media?parent=2717"}],"wp:term":[{"taxonomy":"product_cat","embeddable":true,"href":"https:\/\/wegeblw.pl\/index.php\/wp-json\/wp\/v2\/product_cat?post=2717"},{"taxonomy":"product_tag","embeddable":true,"href":"https:\/\/wegeblw.pl\/index.php\/wp-json\/wp\/v2\/product_tag?post=2717"}],"curies":[{"name":"wp","href":"https:\/\/api.w.org\/{rel}","templated":true}]}}