{"id":2737,"date":"2015-03-15T20:09:39","date_gmt":"2015-03-15T19:09:39","guid":{"rendered":"https:\/\/wegeblw.pl\/index.php\/produkt\/marc-jacobs-mj1020-001\/"},"modified":"2026-04-07T08:19:47","modified_gmt":"2026-04-07T06:19:47","slug":"marc-jacobs-mj1020-001","status":"publish","type":"product","link":"https:\/\/wegeblw.pl\/index.php\/produkt\/marc-jacobs-mj1020-001\/","title":{"rendered":"Marc Jacobs MJ1020 001"},"content":{"rendered":"<p>SMALEC G\u0118SI Z \u017bYWOKOSTEM Wskazania:Smalec g\u0119si z \u017cywokostem to preparat wskazany do stosowania w przypadku b\u00f3l\u00f3w kostno-stawowych oraz wspieraj\u0105co podczas leczenia dr\u00f3g oddechowych.W\u0142a\u015bciwo\u015bci:Smarowanie klatki piersiowej i plec\u00f3w g\u0119sim t\u0142uszczem to znana od dawna metoda wspieraj\u0105ca leczenie g\u00f3rnych dr\u00f3g oddechowych. Dzia\u0142anie rozgrzewaj\u0105ce smalcu g\u0119siego u\u0142atwia odkrztuszanie wydzieliny u\u0142atwiaj\u0105c oddychanie.G\u0119si t\u0142uszcz wykazuje tak\u017ce dzia\u0142anie \u0142agodz\u0105ce dolegliwo\u015bci kostno-stawowe. Po\u0142\u0105czenie smalcu z \u017cywokostem lekarskim wzmaga jego dzia\u0142anie i zwielokrotnia jego skuteczno\u015b\u0107. Sk\u0142ad: smalec g\u0119si, \u017cywokost lekarski, parafina.Stosowanie:Preparat do u\u017cytku zewn\u0119trznego. Wciera\u0107 2-3 razy dziennie.Opakowanie: 100 g<\/p>\n<p>Preparaty medycyny naturalnej<\/p>\n<p>olej ze skrzypu polnego, kolendra, miody manuka pl, z rabarbarem ciasto, pasta z ciecierzycy przepis, z jakiego zbo\u017ca jest kasza jaglana, thym, knia\u017a<\/p>\n<p>yyyyy<\/p>\n","protected":false},"excerpt":{"rendered":"<p>SMALEC G\u0118SI Z \u017bYWOKOSTEM Wskazania:Smalec g\u0119si z \u017cywokostem to preparat wskazany do stosowania w przypadku b\u00f3l\u00f3w kostno-stawowych oraz wspieraj\u0105co podczas&hellip;<\/p>\n","protected":false},"featured_media":2738,"comment_status":"closed","ping_status":"open","template":"","meta":[],"product_cat":[249],"product_tag":[688,700,807,678],"class_list":["post-2737","product","type-product","status-publish","has-post-thumbnail","hentry","product_cat-okulary-oprawki-i-szkla","product_tag-farma-roztocza","product_tag-przepis-na-sekacza","product_tag-siemie-lniane-na-co-pomaga","product_tag-springrolls"],"_links":{"self":[{"href":"https:\/\/wegeblw.pl\/index.php\/wp-json\/wp\/v2\/product\/2737","targetHints":{"allow":["GET"]}}],"collection":[{"href":"https:\/\/wegeblw.pl\/index.php\/wp-json\/wp\/v2\/product"}],"about":[{"href":"https:\/\/wegeblw.pl\/index.php\/wp-json\/wp\/v2\/types\/product"}],"replies":[{"embeddable":true,"href":"https:\/\/wegeblw.pl\/index.php\/wp-json\/wp\/v2\/comments?post=2737"}],"wp:featuredmedia":[{"embeddable":true,"href":"https:\/\/wegeblw.pl\/index.php\/wp-json\/wp\/v2\/media\/2738"}],"wp:attachment":[{"href":"https:\/\/wegeblw.pl\/index.php\/wp-json\/wp\/v2\/media?parent=2737"}],"wp:term":[{"taxonomy":"product_cat","embeddable":true,"href":"https:\/\/wegeblw.pl\/index.php\/wp-json\/wp\/v2\/product_cat?post=2737"},{"taxonomy":"product_tag","embeddable":true,"href":"https:\/\/wegeblw.pl\/index.php\/wp-json\/wp\/v2\/product_tag?post=2737"}],"curies":[{"name":"wp","href":"https:\/\/api.w.org\/{rel}","templated":true}]}}