{"id":2739,"date":"2017-09-02T22:52:12","date_gmt":"2017-09-02T20:52:12","guid":{"rendered":"https:\/\/wegeblw.pl\/index.php\/produkt\/marc-jacobs-marc510-086-m-51\/"},"modified":"2026-04-29T20:03:56","modified_gmt":"2026-04-29T18:03:56","slug":"marc-jacobs-marc510-086-m-51","status":"publish","type":"product","link":"https:\/\/wegeblw.pl\/index.php\/produkt\/marc-jacobs-marc510-086-m-51\/","title":{"rendered":"Marc Jacobs MARC510 086 M (51)"},"content":{"rendered":"<p>Tapioka to skrobia pozyskiwana z korzenia manioki, czyli z najbardziej warto\u015bciowej cz\u0119\u015bci tej ro\u015bliny. M\u0105ka z tapioki to produkt bezglutenowy, wega\u0144ski i hipoalergiczny. Nie posiada charakterystycznego smaku ani zapachu, co sprawia, \u017ce \u015bmia\u0142o mo\u017cna dodawa\u0107 j\u0105 do potraw bez obawy, \u017ce zmieni ich smak. Maniok, to krzew rosn\u0105cy w Boliwii, Paragwaju, Tajlandii. To jedna z najpopularniejszych ro\u015blin uprawianych w Azji, Afryce i Ameryce, znana od wiek\u00f3w. Upraw\u0119 manioka rozpocz\u0119li brazylijscy Indianie setki lat temu. M\u0105ka z tapioki u\u017cywana jest do wytwarzania produkt\u00f3w bezglutenowych. Maniok sta\u0142 si\u0119 odpowiednikiem naszego ziemniaka w strefie klimatu umiarkowanego.<\/p>\n<p>Zdrowa \u017cywno\u015b\u0107<\/p>\n<p>makaron typu penne, polpa, masc z zywokostu dzialanie, chipsy warzywne lidl, lukrowane migda\u0142y<\/p>\n<p><a href=\"https:\/\/wszywka-poznan.pl\/cennik.html\" rel=\"nofollow\">https:\/\/wszywka-poznan.pl\/cennik.html<\/a><\/p>\n","protected":false},"excerpt":{"rendered":"<p>Tapioka to skrobia pozyskiwana z korzenia manioki, czyli z najbardziej warto\u015bciowej cz\u0119\u015bci tej ro\u015bliny. M\u0105ka z tapioki to produkt bezglutenowy,&hellip;<\/p>\n","protected":false},"featured_media":2740,"comment_status":"closed","ping_status":"open","template":"","meta":[],"product_cat":[249],"product_tag":[854,880,716,833,745],"class_list":["post-2739","product","type-product","status-publish","has-post-thumbnail","hentry","product_cat-okulary-oprawki-i-szkla","product_tag-ecomil","product_tag-kotlet-weganski-linda-mccartney","product_tag-leckers","product_tag-maka-orkiszowa","product_tag-swieze-mleko"],"_links":{"self":[{"href":"https:\/\/wegeblw.pl\/index.php\/wp-json\/wp\/v2\/product\/2739","targetHints":{"allow":["GET"]}}],"collection":[{"href":"https:\/\/wegeblw.pl\/index.php\/wp-json\/wp\/v2\/product"}],"about":[{"href":"https:\/\/wegeblw.pl\/index.php\/wp-json\/wp\/v2\/types\/product"}],"replies":[{"embeddable":true,"href":"https:\/\/wegeblw.pl\/index.php\/wp-json\/wp\/v2\/comments?post=2739"}],"wp:featuredmedia":[{"embeddable":true,"href":"https:\/\/wegeblw.pl\/index.php\/wp-json\/wp\/v2\/media\/2740"}],"wp:attachment":[{"href":"https:\/\/wegeblw.pl\/index.php\/wp-json\/wp\/v2\/media?parent=2739"}],"wp:term":[{"taxonomy":"product_cat","embeddable":true,"href":"https:\/\/wegeblw.pl\/index.php\/wp-json\/wp\/v2\/product_cat?post=2739"},{"taxonomy":"product_tag","embeddable":true,"href":"https:\/\/wegeblw.pl\/index.php\/wp-json\/wp\/v2\/product_tag?post=2739"}],"curies":[{"name":"wp","href":"https:\/\/api.w.org\/{rel}","templated":true}]}}