{"id":275,"date":"2020-08-29T20:01:58","date_gmt":"2020-08-29T18:01:58","guid":{"rendered":"https:\/\/wegeblw.pl\/index.php\/produkt\/kenayag-uns-vitamin-c-200g\/"},"modified":"2026-04-07T06:44:37","modified_gmt":"2026-04-07T04:44:37","slug":"kenayag-uns-vitamin-c-200g","status":"publish","type":"product","link":"https:\/\/wegeblw.pl\/index.php\/produkt\/kenayag-uns-vitamin-c-200g\/","title":{"rendered":"KENAYAG UNS Vitamin C 200g"},"content":{"rendered":"<p>Triphala BIO powder 100 g Organic India EUOrganic IndiaAmalaki dzia\u0142a g\u0142\u00f3wnie na p\u0142uca, \u017co\u0142\u0105dek, w\u0105trob\u0119 i serce. Amalaki jest bogatym \u017ar\u00f3d\u0142em antyoksydant\u00f3w, flawonoid\u00f3w, karoten\u00f3w.Jest jednym z najbogatszych \u017ar\u00f3de\u0142 witaminy C. Haritaki ma sze\u015b\u0107 smak\u00f3w, z przewag\u0105 gorzkiego. Owoce s\u0105 bogatym \u017ar\u00f3d\u0142em tanin, aminokwas\u00f3w i fruktozy. Zawiera tak\u017ce kwas sukcynytowy i sitosterol. Vibhitaki jest s\u0142odka, gorzka, cierpka, \u015bci\u0105gaj\u0105ca i rozgrzewaj\u0105ca. Dzia\u0142a g\u0142\u00f3wnie na p\u0142uca, serce i w\u0105trob\u0119. Zawiera 35 % olej\u00f3w i 45 % bia\u0142ek.Sk\u0142ad: Amalaki (Phyllanthus emblica) 33,33 g, Haritaki (Terminalia chebula) 33,33 g, Vibhitaki (Terminalia belerica) 33,33 g.Dawkowanie: stosowa\u0107 1 \u0142y\u017ceczk\u0119 dziennie (oko\u0142o 2,8 g), wymiesza\u0107 w szklank\u0119 (250 ml) gor\u0105cej wody lub soku dwa razy dziennie, rano i przed snem.Waga (netto): 100 g.Kraj pochodzenia: India*** Wszystkie produkty na magazynie! ***Dla wi\u0119kszo\u015bci produkt\u00f3w jeste\u015bmy bezpo\u015brednim importerem<\/p>\n<p>Uk\u0142ad pokarmowy i trawienie<\/p>\n<p>olej z wiesio\u0142ka na co, co to jest curry, beta karoten na co, bor\u00f3wka dzia\u0142anie, jajak, kuchnia meksykanska, pasty sezamowej tahini, bernal, szklanki do latte 400ml, wino frizzante bianco, dlaczego pistacje sa drogie, zdrowa sol, orygano, kie\u0142ki stir fry na surowo, slimak bobo, kandyzowana sk\u00f3rka pomara\u0144czy, py\u0142ek pszczeli jak stosowa\u0107, astron olej \u017cywokostowy z gojnikiem, ksylotol, esencje zapachowe<\/p>\n<p>yyyyy<\/p>\n","protected":false},"excerpt":{"rendered":"<p>Triphala BIO powder 100 g Organic India EUOrganic IndiaAmalaki dzia\u0142a g\u0142\u00f3wnie na p\u0142uca, \u017co\u0142\u0105dek, w\u0105trob\u0119 i serce. Amalaki jest bogatym&hellip;<\/p>\n","protected":false},"featured_media":276,"comment_status":"closed","ping_status":"open","template":"","meta":[],"product_cat":[18],"product_tag":[744,829,728],"class_list":["post-275","product","type-product","status-publish","has-post-thumbnail","hentry","product_cat-mineraly-i-witaminy","product_tag-haagen-dazs","product_tag-marchew-ekologiczna","product_tag-roslinne-mieso"],"_links":{"self":[{"href":"https:\/\/wegeblw.pl\/index.php\/wp-json\/wp\/v2\/product\/275","targetHints":{"allow":["GET"]}}],"collection":[{"href":"https:\/\/wegeblw.pl\/index.php\/wp-json\/wp\/v2\/product"}],"about":[{"href":"https:\/\/wegeblw.pl\/index.php\/wp-json\/wp\/v2\/types\/product"}],"replies":[{"embeddable":true,"href":"https:\/\/wegeblw.pl\/index.php\/wp-json\/wp\/v2\/comments?post=275"}],"wp:featuredmedia":[{"embeddable":true,"href":"https:\/\/wegeblw.pl\/index.php\/wp-json\/wp\/v2\/media\/276"}],"wp:attachment":[{"href":"https:\/\/wegeblw.pl\/index.php\/wp-json\/wp\/v2\/media?parent=275"}],"wp:term":[{"taxonomy":"product_cat","embeddable":true,"href":"https:\/\/wegeblw.pl\/index.php\/wp-json\/wp\/v2\/product_cat?post=275"},{"taxonomy":"product_tag","embeddable":true,"href":"https:\/\/wegeblw.pl\/index.php\/wp-json\/wp\/v2\/product_tag?post=275"}],"curies":[{"name":"wp","href":"https:\/\/api.w.org\/{rel}","templated":true}]}}