{"id":2755,"date":"2016-04-05T19:27:40","date_gmt":"2016-04-05T17:27:40","guid":{"rendered":"https:\/\/wegeblw.pl\/index.php\/produkt\/marc-jacobs-marc-506-kb7\/"},"modified":"2026-04-08T17:59:21","modified_gmt":"2026-04-08T15:59:21","slug":"marc-jacobs-marc-506-kb7","status":"publish","type":"product","link":"https:\/\/wegeblw.pl\/index.php\/produkt\/marc-jacobs-marc-506-kb7\/","title":{"rendered":"Marc Jacobs Marc 506 KB7"},"content":{"rendered":"<p>Sk\u0142ad 1 tabl. dra\u017cowana zawiera 200 mg kwasu askorbowego. Wskazania stany niedoboru witaminy C (niedostateczna poda\u017c z diet\u0105, m.in. w zespo\u0142ach upo\u015bledzonego wch\u0142aniania),  zwi\u0119kszone zapotrzebowanie na witamin\u0119 C (intensywny wysi\u0142ek fizyczny, okresy rekonwalescencji, zmniejszona odporno\u015b\u0107 organizmu, palenie papieros\u00f3w, nadczynno\u015b\u0107 gruczo\u0142u tarczowego, gru\u017alica), wspomagaj\u0105co w przezi\u0119bieniu i grypie, astmie, mia\u017cd\u017cycy, utrudnionym gojeniu ran. Dzia\u0142anie Witamina C &#8211; kwas askorbowy &#8211; jest zwi\u0105zkiem niezb\u0119dnym dla organizmu. Pe\u0142ni wa\u017cn\u0105 rol\u0119 w procesach oksydoredukcyjnych, wp\u0142ywa na przemian\u0119 aminokwas\u00f3w aromatycznych, metabolizm tyroksyny oraz syntez\u0119 katecholamin, hormon\u00f3w steroidowych i insuliny. Bierze udzia\u0142 w procesach fosforylacji glukozy i syntezy glikogenu. U\u0142atwia wch\u0142anianie \u017celaza i bierze udzia\u0142 w syntezie hemoglobiny. Wywiera stymuluj\u0105cy wp\u0142yw na procesy odporno\u015bciowe organizmu, prawdopodobnie przez wp\u0142yw na syntez\u0119 interferonu i przeciwcia\u0142. W przypadkach niedoboru witaminy C dochodzi do zaburze\u0144 syntezy kwasu hialuronowego, zaburze\u0144 syntezy kolagenu, nieprawid\u0142owego funkcjonowania tkanki \u0142\u0105cznej i proces\u00f3w kostnienia. Obserwuje si\u0119 objawy skazy naczyniowej, wadliwe tworzenie si\u0119 szkliwa z\u0119b\u00f3w, zmiany w obr\u0119bie dzi\u0105se\u0142 i b\u0142on \u015bluzowych jamy ustnej. Witamina C dobrze si\u0119 wch\u0142ania z przewodu pokarmowego. Jest wydalana przez nerki, nieznacznie obni\u017ca pH moczu. Dawkowanie Doro\u015bli i dzieci powy\u017cej 12 r.\u017c. doustnie zapobiegawczo 200 mg dziennie, w zwi\u0119kszonym zapotrzebowaniu 200-600 mg dziennie. Przeciwwskazania Nadwra\u017cliwo\u015b\u0107 na kwas askorbowy. Nie nale\u017cy stosowa\u0107 dawek powy\u017cej 1 g dziennie w szczawianowej i moczanowej kamicy nerkowej oraz w zaburzeniach przemiany \u017celaza. Informacje dodatkowe Przed u\u017cyciem zapoznaj si\u0119 z ulotk\u0105 do\u0142\u0105czon\u0105 do opakowania, kt\u00f3ra zawiera wskazania, przeciwwskazania, dane dotycz\u0105ce dzia\u0142a\u0144 niepo\u017c\u0105danych i dawkowania, oraz informacje dotycz\u0105ce stosowania i przechowywania produktu leczniczego. W razie pyta\u0144 lub w\u0105tpliwo\u015bci skontaktuj si\u0119 z lekarzem lub farmaceut\u0105.<\/p>\n<p>Przezi\u0119bienie i grypa<\/p>\n<p>czy kostki roso\u0142owe s\u0105 zdrowe, jakie przyprawy do og\u00f3rk\u00f3w kiszonych, ziemia okrzemkowa diatomit, mas\u0142o klarowane temperatura dymienia, lista rosyjskich produkt\u00f3w, olejek z.drzewa herbacianego, kolagen zwierz\u0119cy, zielenica pstr\u0105g, czy s\u00f3l himalajska jest jodowana, cena awokado, m\u0105ka owsiana bezglutenowa, witamina d3 4000j, kolcorosl, par\u00f3wki z indyka, siemi\u0119 lniane b\u0142onnik, adek junior, niacyniamid, verbena zio\u0142o<\/p>\n<p>yyyyy<\/p>\n","protected":false},"excerpt":{"rendered":"<p>Sk\u0142ad 1 tabl. dra\u017cowana zawiera 200 mg kwasu askorbowego. Wskazania stany niedoboru witaminy C (niedostateczna poda\u017c z diet\u0105, m.in. w&hellip;<\/p>\n","protected":false},"featured_media":2756,"comment_status":"closed","ping_status":"open","template":"","meta":[],"product_cat":[249],"product_tag":[871,875,704,700,801],"class_list":["post-2755","product","type-product","status-publish","has-post-thumbnail","hentry","product_cat-okulary-oprawki-i-szkla","product_tag-kwaszonki","product_tag-miechunka-suszona","product_tag-naturgreen","product_tag-przepis-na-sekacza","product_tag-warzywa-ekologiczne"],"_links":{"self":[{"href":"https:\/\/wegeblw.pl\/index.php\/wp-json\/wp\/v2\/product\/2755","targetHints":{"allow":["GET"]}}],"collection":[{"href":"https:\/\/wegeblw.pl\/index.php\/wp-json\/wp\/v2\/product"}],"about":[{"href":"https:\/\/wegeblw.pl\/index.php\/wp-json\/wp\/v2\/types\/product"}],"replies":[{"embeddable":true,"href":"https:\/\/wegeblw.pl\/index.php\/wp-json\/wp\/v2\/comments?post=2755"}],"wp:featuredmedia":[{"embeddable":true,"href":"https:\/\/wegeblw.pl\/index.php\/wp-json\/wp\/v2\/media\/2756"}],"wp:attachment":[{"href":"https:\/\/wegeblw.pl\/index.php\/wp-json\/wp\/v2\/media?parent=2755"}],"wp:term":[{"taxonomy":"product_cat","embeddable":true,"href":"https:\/\/wegeblw.pl\/index.php\/wp-json\/wp\/v2\/product_cat?post=2755"},{"taxonomy":"product_tag","embeddable":true,"href":"https:\/\/wegeblw.pl\/index.php\/wp-json\/wp\/v2\/product_tag?post=2755"}],"curies":[{"name":"wp","href":"https:\/\/api.w.org\/{rel}","templated":true}]}}