{"id":2767,"date":"2014-06-04T01:00:31","date_gmt":"2014-06-03T23:00:31","guid":{"rendered":"https:\/\/wegeblw.pl\/index.php\/produkt\/marc-jacobs-mj1014-krz-l-54\/"},"modified":"2026-04-09T13:43:12","modified_gmt":"2026-04-09T11:43:12","slug":"marc-jacobs-mj1014-krz-l-54","status":"publish","type":"product","link":"https:\/\/wegeblw.pl\/index.php\/produkt\/marc-jacobs-mj1014-krz-l-54\/","title":{"rendered":"Marc Jacobs MJ1014 KRZ L (54)"},"content":{"rendered":"<p>Pralki<\/p>\n<p>prawdziwe, kala namak, ry\u017c czerwony na cholesterol, k2 k\u0142odawa, krem na wiatr i mr\u00f3z dla niemowl\u0105t, dr ewa d\u0105browska wiek, toffi kokosowe, co zrobi\u0107 z m\u0105ki gryczanej, dieta kopenchadzka, cena kapusty, kolagen witamina c, kawa a stawy, funkcje b\u0142onnika, mi\u00f3d cynamon, ose\u0142ka z nerkowc\u00f3w, maltitol a cukrzyca, ekstrakt z pestek winogron 95 opc, czego nie je\u015b\u0107 karmi\u0105c piersi\u0105<\/p>\n<p><a href=\"https:\/\/www.dodrukarki.pl\/category\/brother-laser-mono-dcp-b7520dw\">https:\/\/www.dodrukarki.pl\/category\/brother-laser-mono-dcp-b7520dw<\/a><\/p>\n","protected":false},"excerpt":{"rendered":"<p>Pralki prawdziwe, kala namak, ry\u017c czerwony na cholesterol, k2 k\u0142odawa, krem na wiatr i mr\u00f3z dla niemowl\u0105t, dr ewa d\u0105browska&hellip;<\/p>\n","protected":false},"featured_media":2768,"comment_status":"closed","ping_status":"open","template":"","meta":[],"product_cat":[249],"product_tag":[784,768,881,851],"class_list":["post-2767","product","type-product","status-publish","has-post-thumbnail","hentry","product_cat-okulary-oprawki-i-szkla","product_tag-mieso-weganskie","product_tag-pasztet-z-soczewicy-z-suszonymi-pomidorami","product_tag-sok-z-brzozy-cena","product_tag-warzywa-online"],"_links":{"self":[{"href":"https:\/\/wegeblw.pl\/index.php\/wp-json\/wp\/v2\/product\/2767","targetHints":{"allow":["GET"]}}],"collection":[{"href":"https:\/\/wegeblw.pl\/index.php\/wp-json\/wp\/v2\/product"}],"about":[{"href":"https:\/\/wegeblw.pl\/index.php\/wp-json\/wp\/v2\/types\/product"}],"replies":[{"embeddable":true,"href":"https:\/\/wegeblw.pl\/index.php\/wp-json\/wp\/v2\/comments?post=2767"}],"wp:featuredmedia":[{"embeddable":true,"href":"https:\/\/wegeblw.pl\/index.php\/wp-json\/wp\/v2\/media\/2768"}],"wp:attachment":[{"href":"https:\/\/wegeblw.pl\/index.php\/wp-json\/wp\/v2\/media?parent=2767"}],"wp:term":[{"taxonomy":"product_cat","embeddable":true,"href":"https:\/\/wegeblw.pl\/index.php\/wp-json\/wp\/v2\/product_cat?post=2767"},{"taxonomy":"product_tag","embeddable":true,"href":"https:\/\/wegeblw.pl\/index.php\/wp-json\/wp\/v2\/product_tag?post=2767"}],"curies":[{"name":"wp","href":"https:\/\/api.w.org\/{rel}","templated":true}]}}