{"id":2785,"date":"2021-03-13T08:36:32","date_gmt":"2021-03-13T07:36:32","guid":{"rendered":"https:\/\/wegeblw.pl\/index.php\/produkt\/marc-jacobs-marc593-ddw-one-size-51-wielokolorowe\/"},"modified":"2026-04-07T04:36:02","modified_gmt":"2026-04-07T02:36:02","slug":"marc-jacobs-marc593-ddw-one-size-51-wielokolorowe","status":"publish","type":"product","link":"https:\/\/wegeblw.pl\/index.php\/produkt\/marc-jacobs-marc593-ddw-one-size-51-wielokolorowe\/","title":{"rendered":"Marc Jacobs MARC593 DDW ONE SIZE (51) Wielokolorowe"},"content":{"rendered":"<p>Zestaw 9 baton\u00f3w Milk Choco Hazelnut<\/p>\n<p>Zdrowa \u017cywno\u015b\u0107<\/p>\n<p>olejek na porost w\u0142os\u00f3w, swieza kurkuma, pojemnik 100 ml, erytrytol do ciasta<\/p>\n<p>yyyyy<\/p>\n","protected":false},"excerpt":{"rendered":"<p>Zestaw 9 baton\u00f3w Milk Choco Hazelnut Zdrowa \u017cywno\u015b\u0107 olejek na porost w\u0142os\u00f3w, swieza kurkuma, pojemnik 100 ml, erytrytol do ciasta&hellip;<\/p>\n","protected":false},"featured_media":2786,"comment_status":"closed","ping_status":"open","template":"","meta":[],"product_cat":[249],"product_tag":[840,721,773,665,884],"class_list":["post-2785","product","type-product","status-publish","has-post-thumbnail","hentry","product_cat-okulary-oprawki-i-szkla","product_tag-collagen-gold","product_tag-naturli-margaryna","product_tag-organic-sklep","product_tag-weganskie-mieso","product_tag-zestaw-do-matchy"],"_links":{"self":[{"href":"https:\/\/wegeblw.pl\/index.php\/wp-json\/wp\/v2\/product\/2785","targetHints":{"allow":["GET"]}}],"collection":[{"href":"https:\/\/wegeblw.pl\/index.php\/wp-json\/wp\/v2\/product"}],"about":[{"href":"https:\/\/wegeblw.pl\/index.php\/wp-json\/wp\/v2\/types\/product"}],"replies":[{"embeddable":true,"href":"https:\/\/wegeblw.pl\/index.php\/wp-json\/wp\/v2\/comments?post=2785"}],"wp:featuredmedia":[{"embeddable":true,"href":"https:\/\/wegeblw.pl\/index.php\/wp-json\/wp\/v2\/media\/2786"}],"wp:attachment":[{"href":"https:\/\/wegeblw.pl\/index.php\/wp-json\/wp\/v2\/media?parent=2785"}],"wp:term":[{"taxonomy":"product_cat","embeddable":true,"href":"https:\/\/wegeblw.pl\/index.php\/wp-json\/wp\/v2\/product_cat?post=2785"},{"taxonomy":"product_tag","embeddable":true,"href":"https:\/\/wegeblw.pl\/index.php\/wp-json\/wp\/v2\/product_tag?post=2785"}],"curies":[{"name":"wp","href":"https:\/\/api.w.org\/{rel}","templated":true}]}}