{"id":28,"date":"2013-01-08T02:20:24","date_gmt":"2013-01-08T01:20:24","guid":{"rendered":"https:\/\/wegeblw.pl\/index.php\/produkt\/swiat-zdrowia-altarnic-zel-75g\/"},"modified":"2026-04-10T02:14:17","modified_gmt":"2026-04-10T00:14:17","slug":"swiat-zdrowia-altarnic-zel-75g","status":"publish","type":"product","link":"https:\/\/wegeblw.pl\/index.php\/produkt\/swiat-zdrowia-altarnic-zel-75g\/","title":{"rendered":"\u015awiat Zdrowia Altarnic \u017bel 75G"},"content":{"rendered":"<p>ETUI FUTERA\u0141 NA DZIECI\u0118CEOKULARY SC-10A<\/p>\n<p>Akcesoria do okular\u00f3w<\/p>\n<p>l theanina, sheik bananowy, chleb na proszku do pieczenia, b 50, ketchup premium, m\u0105ka razowa cena, galart, chleb orkiszowy na zakwasie<\/p>\n<p>yyyyy<\/p>\n","protected":false},"excerpt":{"rendered":"<p>ETUI FUTERA\u0141 NA DZIECI\u0118CEOKULARY SC-10A Akcesoria do okular\u00f3w l theanina, sheik bananowy, chleb na proszku do pieczenia, b 50, ketchup&hellip;<\/p>\n","protected":false},"featured_media":29,"comment_status":"closed","ping_status":"open","template":"","meta":[],"product_cat":[17],"product_tag":[635,634,636,631,632,633,637],"class_list":["post-28","product","type-product","status-publish","has-post-thumbnail","hentry","product_cat-stawy-miesnie-i-kosci","product_tag-4-her","product_tag-amarantus","product_tag-farma-zdrowia","product_tag-isola-bio","product_tag-komosa-ryzowa-jak-gotowac","product_tag-maka-migdalowa","product_tag-miso-paste"],"_links":{"self":[{"href":"https:\/\/wegeblw.pl\/index.php\/wp-json\/wp\/v2\/product\/28","targetHints":{"allow":["GET"]}}],"collection":[{"href":"https:\/\/wegeblw.pl\/index.php\/wp-json\/wp\/v2\/product"}],"about":[{"href":"https:\/\/wegeblw.pl\/index.php\/wp-json\/wp\/v2\/types\/product"}],"replies":[{"embeddable":true,"href":"https:\/\/wegeblw.pl\/index.php\/wp-json\/wp\/v2\/comments?post=28"}],"wp:featuredmedia":[{"embeddable":true,"href":"https:\/\/wegeblw.pl\/index.php\/wp-json\/wp\/v2\/media\/29"}],"wp:attachment":[{"href":"https:\/\/wegeblw.pl\/index.php\/wp-json\/wp\/v2\/media?parent=28"}],"wp:term":[{"taxonomy":"product_cat","embeddable":true,"href":"https:\/\/wegeblw.pl\/index.php\/wp-json\/wp\/v2\/product_cat?post=28"},{"taxonomy":"product_tag","embeddable":true,"href":"https:\/\/wegeblw.pl\/index.php\/wp-json\/wp\/v2\/product_tag?post=28"}],"curies":[{"name":"wp","href":"https:\/\/api.w.org\/{rel}","templated":true}]}}