{"id":2833,"date":"2019-01-09T12:55:12","date_gmt":"2019-01-09T11:55:12","guid":{"rendered":"https:\/\/wegeblw.pl\/index.php\/produkt\/okulary-korekcyjne-rodenstock-r7079-b\/"},"modified":"2026-04-07T06:39:48","modified_gmt":"2026-04-07T04:39:48","slug":"okulary-korekcyjne-rodenstock-r7079-b","status":"publish","type":"product","link":"https:\/\/wegeblw.pl\/index.php\/produkt\/okulary-korekcyjne-rodenstock-r7079-b\/","title":{"rendered":"Okulary korekcyjne Rodenstock R7079 B"},"content":{"rendered":"<p>Syrop smakowy Monin Pumpkin Spice 700ml dyniowy korzennyMonin dyniowo-korzenny 0,7l to doskona\u0142e po\u0142\u0105czenie \u0142agodnego smaku dyni z aromatem cynamonu i go\u017adzik\u00f3w.Dynia jest bardzo uniwersalnym i wszechstronnym warzywem,z kt\u00f3rego mo\u017cna przyrz\u0105dza\u0107 niezliczon\u0105 ilo\u015b\u0107 potraw takichjak muffiny, zupy, ciasta, placki, nale\u015bniki. Mo\u017ce stanowi\u0107 dodatek do ry\u017cu, makaronu, pasztetu czy curry. SMAK: pieczona dynia z nutami go\u017adzik\u00f3w i cynamonu.\u00a0W kuchni delikatna dynia potrzebuje dobrego towarzystwa, dlatego idealnie wsp\u00f3\u0142gra z korzennymi przyprawami, kt\u00f3re dodaj\u0105 jej charakteru i wyrazisto\u015bci. Po to po\u0142\u0105czenie si\u0119gn\u0119li tw\u00f3rcy smak\u00f3w firmy Monin, kt\u00f3rzy skomponowali bursztynowy syrop dyniowo-korzenny, doskonale sprawdzaj\u0105cy si\u0119 w przyrz\u0105dzaniu kawy, czekolady, herbaty i wypiek\u00f3w.Syropy Monin idealnie nadaj\u0105 si\u0119 r\u00f3wnie\u017c jako dodatek do lod\u00f3w, deser\u00f3w, czy drink\u00f3w. Elegancka, szklana butelka b\u0119dzie dodatkowo stanowi\u0142a ozdob\u0119 w Twojej kuchni.Pojemno\u015b\u0107:\u00a0700mlBarwa:\u00a0BursztynowaSmak:\u00a0Smak i aromat dyni pieczonej z przyprawami.Zastosowania: Kawa, herbata, czekoladaOpakowanie:\u00a0Szklana butelka<\/p>\n<p>Soki syropy i nektary<\/p>\n<p>agropyri rhizoma, czy \u015bliwki s\u0105 zdrowe, sarrasin, o\u015ble og\u00f3rki, amarantus m\u0105ka, blonnik dla dzieci, astaksantyna, makaron z groszku, white food, olej z czarnuszki na covid, co to jest tahini, termos na yerbe, suplementy na sen, bombilla rozkr\u0119cana, p\u0142atki dro\u017cd\u017cowe nieaktywne gdzie kupi\u0107, oliwa z oliwek extra virgin biedronka, danisco, w ilu stopniach piec pierniki, s\u00f3l gorzka epsom apteka, suplementy diety co to, witamina c krystaliczna<\/p>\n<p><a href=\"https:\/\/solutconstruction.pl\/poznan.html\">Wiercenie w betonie w Poznaniu \u2013 cena<\/a><\/p>\n","protected":false},"excerpt":{"rendered":"<p>Syrop smakowy Monin Pumpkin Spice 700ml dyniowy korzennyMonin dyniowo-korzenny 0,7l to doskona\u0142e po\u0142\u0105czenie \u0142agodnego smaku dyni z aromatem cynamonu i&hellip;<\/p>\n","protected":false},"featured_media":2834,"comment_status":"closed","ping_status":"open","template":"","meta":[],"product_cat":[249],"product_tag":[670,737,739,839,732,882,851],"class_list":["post-2833","product","type-product","status-publish","has-post-thumbnail","hentry","product_cat-okulary-oprawki-i-szkla","product_tag-czeslaw-lang-choroba","product_tag-jablka-jonaprince","product_tag-makaron-sojowy-indeks-glikemiczny","product_tag-mleko-niepasteryzowane","product_tag-produkty-bez-laktozy","product_tag-veegs","product_tag-warzywa-online"],"_links":{"self":[{"href":"https:\/\/wegeblw.pl\/index.php\/wp-json\/wp\/v2\/product\/2833","targetHints":{"allow":["GET"]}}],"collection":[{"href":"https:\/\/wegeblw.pl\/index.php\/wp-json\/wp\/v2\/product"}],"about":[{"href":"https:\/\/wegeblw.pl\/index.php\/wp-json\/wp\/v2\/types\/product"}],"replies":[{"embeddable":true,"href":"https:\/\/wegeblw.pl\/index.php\/wp-json\/wp\/v2\/comments?post=2833"}],"wp:featuredmedia":[{"embeddable":true,"href":"https:\/\/wegeblw.pl\/index.php\/wp-json\/wp\/v2\/media\/2834"}],"wp:attachment":[{"href":"https:\/\/wegeblw.pl\/index.php\/wp-json\/wp\/v2\/media?parent=2833"}],"wp:term":[{"taxonomy":"product_cat","embeddable":true,"href":"https:\/\/wegeblw.pl\/index.php\/wp-json\/wp\/v2\/product_cat?post=2833"},{"taxonomy":"product_tag","embeddable":true,"href":"https:\/\/wegeblw.pl\/index.php\/wp-json\/wp\/v2\/product_tag?post=2833"}],"curies":[{"name":"wp","href":"https:\/\/api.w.org\/{rel}","templated":true}]}}