{"id":2851,"date":"2022-06-22T06:05:37","date_gmt":"2022-06-22T04:05:37","guid":{"rendered":"https:\/\/wegeblw.pl\/index.php\/produkt\/okulary-korekcyjne-rodenstock-r2637-c-7011432\/"},"modified":"2026-04-07T03:16:18","modified_gmt":"2026-04-07T01:16:18","slug":"okulary-korekcyjne-rodenstock-r2637-c-7011432","status":"publish","type":"product","link":"https:\/\/wegeblw.pl\/index.php\/produkt\/okulary-korekcyjne-rodenstock-r2637-c-7011432\/","title":{"rendered":"Okulary korekcyjne Rodenstock R2637 C (7011432)"},"content":{"rendered":"<p>Dermo face hydrativ. hialuronowy krem-maska nawil\u017caj\u0105cy, 40 ml                            <\/p>\n<p>Krem z ka\u017cd\u0105 godzin\u0105 snu dostarcza intensywn\u0105 dawk\u0119 nawil\u017cenia i zatrzymuje je w g\u0142\u0119bi sk\u00f3ry przez 72h.Stosowanie produktu natychmiast eliminuje drobne zmarszczki nazywane papierowymi i spowodowane utrat\u0105 nawil\u017cenia.\u00a0Przeciwdzia\u0142a ponownemu odwodnieniu, wspomagaj\u0105c odbudow\u0119 bariery ochronnej uszkodzonej w ci\u0105gu dnia.\u00a0Dodatkowo \u0142agodzi podra\u017cnienia, nie zaburza pH i fizjologii sk\u00f3ry.\u00a0Usuwa oznaki zm\u0119czenia i stresu, zapewniaj\u0105c rano efekt elastycznej, g\u0142adkiej, zregenerowanej i wypocz\u0119tej sk\u00f3ry.                            <\/p>\n<p>Sk\u0142adniki i ich dzia\u0142anie:torf to\u0142pa.\u00ae \u2013 reguluje procesy metaboliczne, wspomaga proces regeneracji nask\u00f3rka, zapobiega utracie wilgoci, zwalcza wolne rodniki zawiera wiele substancji czynnych takich jak: fulwokwasy, bituminy, aminokwasy, makro i mikroelementyniskocz\u0105steczkowy kwas hialuronowy \u2013 dzi\u0119ki niskiej cz\u0105steczce zapewnia zwi\u0119kszon\u0105 penetracj\u0119 przez warstwy nask\u00f3rka dla wi\u0119kszego, szybszego i lepszego nawil\u017cenia, szybko, g\u0142\u0119boko i d\u0142ugotrwale nawil\u017ca, natychmiast poprawia elastyczno\u015b\u0107 sk\u00f3ry, stymuluje proliferacj\u0119 w\u0142\u00f3kien kolagenowych i elastynowych, hamuje aktywno\u015b\u0107 enzym\u00f3w (kolagenazy i elastazy) rozk\u0142adaj\u0105cych elastyn\u0119 i kolagenkserofilna sza\u0142wia muszkato\u0142owa \u2013 wykorzystuje adaptogenny mechanizm dla poprawy, zapewnia d\u0142ugotrwa\u0142e nawil\u017cenie, przywraca funkcje barierowe sk\u00f3ry ograniczaj\u0105c utrat\u0119 wodybiopolimer kie\u0142k\u00f3w pszenicy, dro\u017cd\u017cy i hialuronianu sodu \u2013 koi podra\u017cnienia, wycisza sk\u00f3r\u0119, niweluje zaczerwienienia, regeneruje p\u0142aszcz hydrollipidowykompleks naturalnych w\u0119glowodan\u00f3w \u2013zbli\u017cony do naturalnie obecnych w sk\u00f3rze, przywraca r\u00f3wnowag\u0119 nawil\u017cenia, wykazuje silne powinowactwo zar\u00f3wno do keratyny warstwy rogowej jak i wody, dzi\u0119ki czemu wi\u0105\u017ce j\u0105 w nask\u00f3rku i zapobiega jej utracie niezale\u017cnie od czynnik\u00f3w \u015brodowiskowychmas\u0142o shea \u2013 nawil\u017ca i lekko nat\u0142uszcza sk\u00f3r\u0119, \u0142agodzi podra\u017cnienia i stany zapalne , wyg\u0142adza i zmi\u0119kcza nask\u00f3rek, jest naturalnym filtrem UV, chroni sk\u00f3r\u0119 przed niekorzystnymi czynnikami \u015brodowiska zewn\u0119trznego                            <\/p>\n<p>Spos\u00f3b u\u017cycia:Krem-mask\u0119 nale\u017cy nanie\u015b\u0107 na oczyszczon\u0105 i stonizowan\u0105 twarz i szyj\u0119 omijaj\u0105c okolice oczu. Wmasowa\u0107 zaczynaj\u0105c od szyi w g\u00f3r\u0119. Zastosowanie jako mask\u0119 na noc, nale\u017cy na\u0142o\u017cy\u0107 grubsz\u0105 warstw\u0119 dwa razy w tygodniu. W przypadku sk\u00f3ry bardzo odwodnionej stosowa\u0107 codziennie jako krem.Sk\u0142adniki (INCI):Aqua, Caprylic\/Capric Triglyceride, Coco-Caprylate, Glycerin, Saccharide Isomerate, Methylpropanediol, Butyrospermum Parkii Butter, Propanediol, Glyceryl Stearate Citrate, Peat Extract, Parfum, Hyaluronic Acid, Triticum Vulgare Germ Extract, Saccharomyces Cerevisiae Extract, Sodium Hyaluronate, Panthenol, Tocopherol, Disodium Cocoamphodiace-tate, PVP, Sodium Metabisulfite, Pantolactone, Salvia Sclarea Extract, Carbomer, Disodium EDTA, Sodium Polyacrylate, Sodium Hydroxide, Ethylhexylglycerin, Sodium Citrate, Citric Acid, Caprylyl Glycol, Phenylpropanol, Sodium Benzoate, Potassium Sorbate, Phenoxyethanol, Benzoic.                            <\/p>\n<p>Mamy na to dowody*zatrzymuje wod\u0119 w nask\u00f3rku i redukuje jej utrat\u0119 o 14% po pierwszym u\u017cyciu i o 21% po 7 dniachintensywnie nawil\u017ca przez 72h w 7 dnipoprawia elastyczno\u015b\u0107 sk\u00f3ry o 17%Badania aparaturowe i dermatologiczne na grupie 60 os\u00f3b.Przebadany w Klinice Dermatologii, Wenerologii i Alergologii Uniwersytetu Medycznego.                            <\/p>\n<p>Dodatkowe informacje:Nie bez powodu umie\u015bcili\u015bmy ten krem-mask\u0119 w aluminiowej tubie. Bo takie opakowanie jest bezpieczne dla kosmetyku i \u015brodowiska. Nie zasysa powietrza i bakterii. I dzi\u0119ki temu krem-maska jest d\u0142u\u017cej bezpieczny. A tuba mo\u017ce by\u0107 poddawana recyklingowi. Bez ko\u0144ca.<\/p>\n<p>Dermokosmetyki<\/p>\n<p>ry\u017c na risotto, pasta do z\u0119b\u00f3w bez fluoru, witamina d3 gdzie wyst\u0119puje, orzechy w\u0142oskie pra\u017cone, serek wiejski po terminie, adam st\u0119pie\u0144, 4fizjo roller, tortilla netto, liscie winogron wlasciwosci lecznicze, rodzaje p\u0142atk\u00f3w owsianych<\/p>\n<p>yyyyy<\/p>\n","protected":false},"excerpt":{"rendered":"<p>Dermo face hydrativ. hialuronowy krem-maska nawil\u017caj\u0105cy, 40 ml Krem z ka\u017cd\u0105 godzin\u0105 snu dostarcza intensywn\u0105 dawk\u0119 nawil\u017cenia i zatrzymuje je&hellip;<\/p>\n","protected":false},"featured_media":2852,"comment_status":"closed","ping_status":"open","template":"","meta":[],"product_cat":[249],"product_tag":[864,848,661,882,718],"class_list":["post-2851","product","type-product","status-publish","has-post-thumbnail","hentry","product_cat-okulary-oprawki-i-szkla","product_tag-benjamissimo-happy-edition-curcuma-ginger-lemon","product_tag-granat-z-pestki","product_tag-jak-ugotowac-komose-ryzowa","product_tag-veegs","product_tag-zamiennik-jogurtu-naturalnego"],"_links":{"self":[{"href":"https:\/\/wegeblw.pl\/index.php\/wp-json\/wp\/v2\/product\/2851","targetHints":{"allow":["GET"]}}],"collection":[{"href":"https:\/\/wegeblw.pl\/index.php\/wp-json\/wp\/v2\/product"}],"about":[{"href":"https:\/\/wegeblw.pl\/index.php\/wp-json\/wp\/v2\/types\/product"}],"replies":[{"embeddable":true,"href":"https:\/\/wegeblw.pl\/index.php\/wp-json\/wp\/v2\/comments?post=2851"}],"wp:featuredmedia":[{"embeddable":true,"href":"https:\/\/wegeblw.pl\/index.php\/wp-json\/wp\/v2\/media\/2852"}],"wp:attachment":[{"href":"https:\/\/wegeblw.pl\/index.php\/wp-json\/wp\/v2\/media?parent=2851"}],"wp:term":[{"taxonomy":"product_cat","embeddable":true,"href":"https:\/\/wegeblw.pl\/index.php\/wp-json\/wp\/v2\/product_cat?post=2851"},{"taxonomy":"product_tag","embeddable":true,"href":"https:\/\/wegeblw.pl\/index.php\/wp-json\/wp\/v2\/product_tag?post=2851"}],"curies":[{"name":"wp","href":"https:\/\/api.w.org\/{rel}","templated":true}]}}