{"id":2855,"date":"2020-07-23T19:19:33","date_gmt":"2020-07-23T17:19:33","guid":{"rendered":"https:\/\/wegeblw.pl\/index.php\/produkt\/rodenstock-okulary-korekcyjne-r7124-b-7823584\/"},"modified":"2026-04-08T04:13:26","modified_gmt":"2026-04-08T02:13:26","slug":"rodenstock-okulary-korekcyjne-r7124-b-7823584","status":"publish","type":"product","link":"https:\/\/wegeblw.pl\/index.php\/produkt\/rodenstock-okulary-korekcyjne-r7124-b-7823584\/","title":{"rendered":"Rodenstock Okulary korekcyjne R7124 B (7823584)"},"content":{"rendered":"<p>5-HTP (5-hydroksy-L-tryptofan) jest naturalnie wyst\u0119puj\u0105cym metabolitem aminokwasu tryptofanu. 5-HTP jest przekszta\u0142cany w m\u00f3zgu w serotonin\u0119, kt\u00f3ra jest wa\u017cnym neuroprzeka\u017anikiem, znajduj\u0105cym si\u0119 na skrzy\u017cowaniach (synaps) mi\u0119dzy neuronami.5-HTP pomaga zachowa\u0107 zdrowie psychiczne, dobre samopoczucie i jest sprzymierze\u0144cem dobrego snu.5 HTP podnosi poziom serotoniny, wyr\u00f3wnuje wahania nastroju i pomaga przy zredukowa\u0107 stany depresyjne. Opr\u00f3cz tego skraca czas niezb\u0119dnego snu (wyd\u0142u\u017caj\u0105c faz\u0119 REM), obni\u017ca apetyt, pomagaj\u0105c w ten spos\u00f3b schudn\u0105\u0107, obni\u017ca tolerancj\u0119 na b\u00f3l i jest naturalnym \u015brodkiem przeciw migrenie. Poprzez podniesienie si\u0119 poziomu serotoniny, depresje \u0142agodzone s\u0105 w ca\u0142kiem naturalny spos\u00f3b.5-HTP jest uzyskiwany z nasion czarnej afryka\u0144skiej fasoli (Griffonia simplicifolia).Suplement diety.Nie mo\u017ce by\u0107 stosowany jako zamiennik b\u0105d\u017a substytut zr\u00f3\u017cnicowanej diety.Nie nale\u017cy przekracza\u0107 zalecanego dziennego spo\u017cycia.Najlepiej spo\u017cy\u0107 przed ko\u0144cem: data na spodzie lub boku opakowania.Produktu nie nale\u017cy podawa\u0107 matkom karmi\u0105cym oraz kobietom w ci\u0105\u017cy.Przechowywa\u0107 w miejscu niedost\u0119pnym dla dzieci.Przechowywa\u0107 w suchym miejscu, w temperaturze pokojowej do 25\u00b0C. Chroni\u0107 przed \u015bwiat\u0142em.<\/p>\n<p>Stawy mi\u0119\u015bnie i ko\u015bci<\/p>\n<p>cukier r\u00f3\u017cany, stanlab chlorek magnezu, olejek macadamia, figa z makiem kamionki, witamina k2+d3, ekodarpol d\u0119bno, co to kimchi, maka na chleb, spirulina efekty odchudzania, makaron la molisana, czystek bio, spray do sma\u017cenia, hurtownia s\u0142odyczy cz\u0119stochowa, pasta do zebow, ostropest forte<\/p>\n<p>yyyyy<\/p>\n","protected":false},"excerpt":{"rendered":"<p>5-HTP (5-hydroksy-L-tryptofan) jest naturalnie wyst\u0119puj\u0105cym metabolitem aminokwasu tryptofanu. 5-HTP jest przekszta\u0142cany w m\u00f3zgu w serotonin\u0119, kt\u00f3ra jest wa\u017cnym neuroprzeka\u017anikiem, znajduj\u0105cym&hellip;<\/p>\n","protected":false},"featured_media":2856,"comment_status":"closed","ping_status":"open","template":"","meta":[],"product_cat":[249],"product_tag":[774,876,771,782],"class_list":["post-2855","product","type-product","status-publish","has-post-thumbnail","hentry","product_cat-okulary-oprawki-i-szkla","product_tag-cytryny-ekologiczne","product_tag-herbaty-bio","product_tag-jak-jesc-granat","product_tag-rekawiczki-nitrylowe-l"],"_links":{"self":[{"href":"https:\/\/wegeblw.pl\/index.php\/wp-json\/wp\/v2\/product\/2855","targetHints":{"allow":["GET"]}}],"collection":[{"href":"https:\/\/wegeblw.pl\/index.php\/wp-json\/wp\/v2\/product"}],"about":[{"href":"https:\/\/wegeblw.pl\/index.php\/wp-json\/wp\/v2\/types\/product"}],"replies":[{"embeddable":true,"href":"https:\/\/wegeblw.pl\/index.php\/wp-json\/wp\/v2\/comments?post=2855"}],"wp:featuredmedia":[{"embeddable":true,"href":"https:\/\/wegeblw.pl\/index.php\/wp-json\/wp\/v2\/media\/2856"}],"wp:attachment":[{"href":"https:\/\/wegeblw.pl\/index.php\/wp-json\/wp\/v2\/media?parent=2855"}],"wp:term":[{"taxonomy":"product_cat","embeddable":true,"href":"https:\/\/wegeblw.pl\/index.php\/wp-json\/wp\/v2\/product_cat?post=2855"},{"taxonomy":"product_tag","embeddable":true,"href":"https:\/\/wegeblw.pl\/index.php\/wp-json\/wp\/v2\/product_tag?post=2855"}],"curies":[{"name":"wp","href":"https:\/\/api.w.org\/{rel}","templated":true}]}}