{"id":2877,"date":"2021-08-09T17:38:37","date_gmt":"2021-08-09T15:38:37","guid":{"rendered":"https:\/\/wegeblw.pl\/index.php\/produkt\/okulary-korekcyjne-rodenstock-r2642-c-7011725\/"},"modified":"2026-04-07T08:43:12","modified_gmt":"2026-04-07T06:43:12","slug":"okulary-korekcyjne-rodenstock-r2642-c-7011725","status":"publish","type":"product","link":"https:\/\/wegeblw.pl\/index.php\/produkt\/okulary-korekcyjne-rodenstock-r2642-c-7011725\/","title":{"rendered":"Okulary korekcyjne Rodenstock R2642 C (7011725)"},"content":{"rendered":"<p>Historia Carrery rozpocz\u0119\u0142a si\u0119 w 1956 roku, kiedy Wilhelm Anger zdecydowa\u0142 si\u0119 nazwa\u0107 swoj\u0105 firm\u0119 produkuj\u0105c\u0105 sportowe gogle na cze\u015b\u0107 najd\u0142u\u017cszego, najszybszego i najbardziej niebezpiecznego wy\u015bcigu na \u015bwiecie \u2013 Carrera Panamericana. Dzisiaj, przy wykorzystaniu najnowszej technologii, Carrera perfekcyjnie \u0142\u0105czy w sobie miejski styl ze swoim sportowym dziedzictwem.Okulary korekcyjne Carrera CA5517 8GS s\u0105 cz\u0119\u015bci\u0105 najnowszej kolekcji Carrera dla kobiet. Ten elegancki model z pe\u0142n\u0105 ramk\u0105 odzwierciedla najnowsze trendy we wsp\u00f3\u0142czesnym projektowaniu okular\u00f3w, a jego wayfarer kszta\u0142t sprawia, \u017ce Carrera CA5517 jest idealnym wyborem dla okr\u0105g\u0142ej, owalnej lub w kszta\u0142cie serca twarzy.Oprawki s\u0105 wykonane z \u017cywicy epoksydowej (optyl), rewolucyjnego zwi\u0105zku, opracowanego wy\u0142\u0105cznie dla okular\u00f3w. Jest wyj\u0105tkowo trwa\u0142y i dopasowywuje sie do twarzy u\u017cytkownika. Jest 20% l\u017cejszy ni\u017c octan celulozy i 100% hipoalegriczny. Kupuj\u0105c teraz okulary Carrera CA5517 8GS na eyerim otrzymasz bezp\u0142atn\u0105 przesy\u0142k\u0119 prosto pod swoje drzwi. Twoje okulary b\u0119d\u0105 wys\u0142ane w oryginalnym ochronnym opakowaniu wraz z miekka \u015bciereczk\u0105 do czyszczenia.<\/p>\n<p>Okulary oprawki i szk\u0142a<\/p>\n<p>czerwonego, najlepszy energetyk, herbaty dary natury, pasztetowa tradycyjna, ciasteczka owsiane bezglutenowe, soki z owoc\u00f3w, chillme, \u017curawina suszona bez cukru, ciasto marchewkowe blog, vitapol majonez domowy cena, babalski.pl, organic p\u0142yn do higieny intymnej, szpinak warto\u015bci od\u017cywcze, ma\u015b\u0107 witaminowa na twarz, kawa niezdrowa, \u015bliwki suszone, szynka parmenska cena<\/p>\n<p>yyyyy<\/p>\n","protected":false},"excerpt":{"rendered":"<p>Historia Carrery rozpocz\u0119\u0142a si\u0119 w 1956 roku, kiedy Wilhelm Anger zdecydowa\u0142 si\u0119 nazwa\u0107 swoj\u0105 firm\u0119 produkuj\u0105c\u0105 sportowe gogle na cze\u015b\u0107&hellip;<\/p>\n","protected":false},"featured_media":2878,"comment_status":"closed","ping_status":"open","template":"","meta":[],"product_cat":[249],"product_tag":[635,874,861],"class_list":["post-2877","product","type-product","status-publish","has-post-thumbnail","hentry","product_cat-okulary-oprawki-i-szkla","product_tag-4-her","product_tag-czym-mozna-zastapic-jogurt-naturalny","product_tag-czym-zastapic-jogurt-naturalny"],"_links":{"self":[{"href":"https:\/\/wegeblw.pl\/index.php\/wp-json\/wp\/v2\/product\/2877","targetHints":{"allow":["GET"]}}],"collection":[{"href":"https:\/\/wegeblw.pl\/index.php\/wp-json\/wp\/v2\/product"}],"about":[{"href":"https:\/\/wegeblw.pl\/index.php\/wp-json\/wp\/v2\/types\/product"}],"replies":[{"embeddable":true,"href":"https:\/\/wegeblw.pl\/index.php\/wp-json\/wp\/v2\/comments?post=2877"}],"wp:featuredmedia":[{"embeddable":true,"href":"https:\/\/wegeblw.pl\/index.php\/wp-json\/wp\/v2\/media\/2878"}],"wp:attachment":[{"href":"https:\/\/wegeblw.pl\/index.php\/wp-json\/wp\/v2\/media?parent=2877"}],"wp:term":[{"taxonomy":"product_cat","embeddable":true,"href":"https:\/\/wegeblw.pl\/index.php\/wp-json\/wp\/v2\/product_cat?post=2877"},{"taxonomy":"product_tag","embeddable":true,"href":"https:\/\/wegeblw.pl\/index.php\/wp-json\/wp\/v2\/product_tag?post=2877"}],"curies":[{"name":"wp","href":"https:\/\/api.w.org\/{rel}","templated":true}]}}