{"id":2935,"date":"2024-09-26T13:43:10","date_gmt":"2024-09-26T11:43:10","guid":{"rendered":"https:\/\/wegeblw.pl\/?post_type=product&#038;p=2935"},"modified":"2026-04-07T01:10:41","modified_gmt":"2026-04-06T23:10:41","slug":"now-iron-liquid-237ml","status":"publish","type":"product","link":"https:\/\/wegeblw.pl\/index.php\/produkt\/now-iron-liquid-237ml\/","title":{"rendered":"NOW IRON LIQUID 237ml"},"content":{"rendered":"<p>SPC Gear GD700E to biurko z przestronnym blatem, o stabilnej i wytrzyma\u0142ej konstrukcji, z mo\u017cliwo\u015bci\u0105 elektrycznego dostosowania wysoko\u015bci do potrzeb u\u017cytkownika. Szeroki i g\u0142\u0119boki blat pozwala ustawi\u0107 wiele akcesori\u00f3w oraz peryferii komputerowych, w tym szerok\u0105 podk\u0142adk\u0119 pod mysz, pe\u0142nowymiarow\u0105 klawiatur\u0119, a nawet kilka monitor\u00f3w. Wygodne gumowe przeloty w blacie u\u0142atwiaj\u0105 u\u0142o\u017cenie przewod\u00f3w, a dzi\u0119ki specjalnym trzem wyci\u0119ciom z ty\u0142u blatu mo\u017cna schowa\u0107 zar\u00f3wno ramiona uchwyt\u00f3w na monitory, jak i przewody zasilaj\u0105ce. Dodatkowo istnieje mo\u017cliwo\u015b\u0107 zamontowania pod blatem metalowego uchwytu na s\u0142uchawki zar\u00f3wno po lewej, jak i po prawej stronie.Elektryczna regulacja wysoko\u015bci biurkaSPC Gear GD700E jest wyposa\u017cone w elektryczny podno\u015bnik wraz z panelem z przyciskami i ekranem wy\u015bwietlaj\u0105cym wybran\u0105 wysoko\u015b\u0107. Dzi\u0119ki takiemu rozwi\u0105zaniu u\u017cytkownik mo\u017ce precyzyjnie i p\u0142ynnie zmienia\u0107 wysoko\u015b\u0107 biurka w zakresie od 73 do 120 cm, co umo\u017cliwia prac\u0119 przy stanowisku nawet w pozycji stoj\u0105cej. Wbudowana pami\u0119\u0107 w panelu do obs\u0142ugi podno\u015bnika pozwala r\u00f3wnie\u017c na zapisanie a\u017c czterech ustawie\u0144 wysoko\u015bci, co znacznie usprawnia i przyspiesza zmian\u0119 pozycji biurka zgodnie z preferencjami. Dzi\u0119ki regulacji wysoko\u015bci biurka wyniesiesz swoje stanowisko komputerowe na zupe\u0142nie nowy poziom i to dos\u0142ownie!Przestronny blatBiurko GD700E zosta\u0142o wyposa\u017cone w blat o g\u0142\u0119boko\u015bci 78 cm oraz szeroko\u015bci a\u017c 150 cm. Sprawia to, \u017ce zmieszcz\u0105 si\u0119 na nim wszelkiego rodzaju akcesoria komputerowe i peryferia. Z powodzeniem mo\u017cna ustawi\u0107 na nim co najmniej dwa monitory (liczba monitor\u00f3w jest uzale\u017cniona od ich wielko\u015bci, mierzonej w calach, oraz typu, np. ultrawide), pe\u0142nowymiarow\u0105 klawiatur\u0119, podk\u0142adk\u0119 w rozmiarze XXL, g\u0142o\u015bniki komputerowe, mikrofony i wiele, wiele wi\u0119cej. Tak du\u017ca przestrze\u0144 do dyspozycji pozwala u\u017cytkownikowi zbudowa\u0107 stanowisko komputerowe wed\u0142ug w\u0142asnych upodoba\u0144 i przyzwyczaje\u0144, niemal nie ograniczaj\u0105c go pod wzgl\u0119dem wolnego miejsca.Wygodna organizacja przewod\u00f3wW biurku GD700E zastosowano specjalne przepusty oraz zaczepy do \u0142atwego i schludnego poprowadzenia przewod\u00f3w. W centralnej cz\u0119\u015bci blatu znajduj\u0105 si\u0119 dwa przepusty zabezpieczone gumowymi za\u015blepkami, w kt\u00f3rych mo\u017cna schowa\u0107 przewody, np. od myszki, klawiatury, s\u0142uchawek czy te\u017c zasilaj\u0105ce monitory. Poprowadzone przez przeloty kable wygl\u0105daj\u0105 schludnie i zarazem zajmuj\u0105 mniej miejsca na powierzchni roboczej biurka oraz pod blatem.Zaczepy do podwieszenia przewod\u00f3wW zestawie wraz z biurkiem u\u017cytkownik otrzymuje cztery samoprzylepne zaczepy, kt\u00f3re umo\u017cliwiaj\u0105 podwieszenie przewod\u00f3w pod blatem. Spi\u0119cie przewod\u00f3w w jeden p\u0119k u\u0142atwia r\u00f3wnie\u017c organizacj\u0119 kabli.Metalowy wieszak na s\u0142uchawkiWraz z biurkiem GD700E do\u0142\u0105czony jest wytrzyma\u0142y, metalowy wieszak na s\u0142uchawki do zamontowania pod blatem. Wieszak zosta\u0142 ob\u0142o\u017cony mi\u0119kk\u0105 pian\u0105, kt\u00f3ra zapobiega wycieraniu si\u0119 obicia pa\u0142\u0105ka s\u0142uchawek. Dodatkowo uchwyt mo\u017cna zamontowa\u0107 w jednej z czterech pozycji na przednich lub bocznych kraw\u0119dziach blatu po lewej i prawej stronie zale\u017cnie od preferencji.Metalowa p\u00f3\u0142ka na listw\u0119 zasilaj\u0105c\u0105Na spodzie blatu GD700E jest zamontowana pojemna metalowa p\u00f3\u0142ka, na kt\u00f3rej bez trudu zmie\u015bci si\u0119 listwa zasilaj\u0105ca. Dodatkowo w p\u00f3\u0142ce znajduj\u0105 si\u0119 trzy otwory, przez kt\u00f3re mo\u017cna prze\u0142o\u017cy\u0107 wtyczki przewod\u00f3w zasilaj\u0105cych. Dzi\u0119ki p\u00f3\u0142ce wszystkie przewody wraz z listw\u0105 b\u0119d\u0105 si\u0119 znajdowa\u0107 w jednym miejscu i nie b\u0119d\u0105 zajmowa\u0107 przestrzeni, le\u017c\u0105c na pod\u0142odze lub powierzchni roboczej biurka.Wyprofilowane wci\u0119cia z ty\u0142u blatuZ ty\u0142u blatu GD700E znajduj\u0105 si\u0119 trzy wci\u0119cia o g\u0142\u0119boko\u015bci 5 cm. Dzi\u0119ki nim mo\u017cna zamontowa\u0107 uchwyty na monitory bez odsuwania biurka od \u015bciany. Mo\u017cna r\u00f3wnie\u017c przez nie poprowadzi\u0107 przewody zasilaj\u0105ce od monitor\u00f3w. Wci\u0119cia umo\u017cliwiaj\u0105 tak\u017ce monta\u017c uchwyt\u00f3w w trzech pozycjach po lewej, prawej lub w \u015brodkowej cz\u0119\u015bci biurka. Dzi\u0119ki temu z \u0142atwo\u015bci\u0105 mo\u017cna zbudowa\u0107 dostosowane do potrzeb stanowisko komputerowe.Wygodne wci\u0119cie z przodu blatuZ przodu blatu GD700E znajduje si\u0119 specjalne, szerokie wci\u0119cie. Jego \u0142agodnie wyprofilowana kraw\u0119d\u017a zwi\u0119ksza wygod\u0119 korzystania z biurka, poniewa\u017c u\u0142atwia u\u0142o\u017cenie ramion na blacie, dzi\u0119ki czemu jego kraw\u0119d\u017a jest niemal niewyczuwalna nawet podczas d\u0142ugich posiedze\u0144 przed komputerem.Karbonowa i matowa pow\u0142okaTrzycz\u0119\u015bciowy blat GD700E zosta\u0142 wyko\u0144czony wytrzyma\u0142\u0105, odporn\u0105 na zarysowania oklein\u0105. Dwa zewn\u0119trzne skrzyd\u0142a pokryto pow\u0142ok\u0105 o karbonowym wzorze, nadaj\u0105cym biurku gamingowego, drapie\u017cnego stylu. Wewn\u0119trzny element pokryto r\u00f3wnie wytrzyma\u0142\u0105, matow\u0105 oklein\u0105 o g\u0142adkiej fakturze.Solidna i stabilna konstrukcjaPodstawa biurka GD700E jest zbudowana na fundamencie masywnych stalowych n\u00f3g oraz stalowych wzmocnie\u0144 pod blatem. Pod nogami zosta\u0142y zamontowane ogumowane stopki zapobiegaj\u0105ce przesuwaniu si\u0119 biurka. Dzi\u0119ki szerokim stalowym nogom biurko jest bardzo stabilne, a grube metalowe belki pod blatem przydaj\u0105 mu sztywno\u015bci. Taka budowa sprawia, \u017ce GD700E jest w stanie wytrzyma\u0107 obci\u0105\u017cenie nawet 80 kg.Cechy charakterystyczne biurka SPC Gear GD700E:Elektryczny si\u0142ownik, umo\u017cliwiaj\u0105cy p\u0142ynn\u0105 zmian\u0119 wysoko\u015bci blatu,Funkcja zapisania w pami\u0119ci do 4 pozycji blatu,Szeroki i g\u0142\u0119boki blat,Gumowe przepusty w blacie,Przyklejane zaczepy do \u0142atwej organizacji przewod\u00f3w,Metalowy, wytrzyma\u0142y wieszak na s\u0142uchawki,Szeroka, metalowa p\u00f3\u0142ka pod blatem na przewody i listw\u0119 zasilaj\u0105c\u0105,Trzy wci\u0119cia z ty\u0142u blatu do schowania uchwyt\u00f3w na monitory lub przewodu,Wygodne, wyprofilowane wci\u0119cie z przodu blatu,Wytrzyma\u0142a karbonowa oraz matowa pow\u0142oka blatu,Solidna konstrukcja, wytrzymuj\u0105ca do 80 kg obci\u0105\u017cenia.Informacje o produkcieSzeroko\u015b\u0107 1500 mmG\u0142\u0119boko\u015b\u0107 780 mmWysoko\u015b\u0107 730 mmFunkcje specjalneElektryczny si\u0142ownik, umo\u017cliwiaj\u0105cy p\u0142ynn\u0105 zmian\u0119 wysoko\u015bci blatuAkcesoria w zestawie Elementy monta\u017cowe,Instrukcja monta\u017cu.Kolor CzarnyPozosta\u0142e parametry Grubo\u015b\u0107 blatu [mm]: 18Przepusty w nogach: NieMateria\u0142 n\u00f3g: stalMateria\u0142 blatu: drewno (MDF)Maksymalne obci\u0105\u017cenie [kg]: 80<\/p>\n<p>Biurka<\/p>\n<p>mohani, kakao 16%, najta\u0144sza hurtownia spo\u017cywcza online, ciasto gumis, ok\u0142ady z serwatki, czekoladowe kulki, wegetaria\u0144skie, mleczko kokosowe indeks glikemiczny, bataty kraj pochodzenia, jak zrobi\u0107 sok z kiszonych burak\u00f3w, jak gotowa\u0107 komos\u0119 bia\u0142\u0105, orzechy zdrowie, food house, barszcz czerwony na wielkanoc tradycja<\/p>\n<p>yyyyy<\/p>\n","protected":false},"excerpt":{"rendered":"<p>SPC Gear GD700E to biurko z przestronnym blatem, o stabilnej i wytrzyma\u0142ej konstrukcji, z mo\u017cliwo\u015bci\u0105 elektrycznego dostosowania wysoko\u015bci do potrzeb&hellip;<\/p>\n","protected":false},"featured_media":2936,"comment_status":"closed","ping_status":"open","template":"","meta":[],"product_cat":[18],"product_tag":[714,704,699],"class_list":["post-2935","product","type-product","status-publish","has-post-thumbnail","hentry","product_cat-mineraly-i-witaminy","product_tag-cytryna-ekologiczna","product_tag-naturgreen","product_tag-sok-z-cytryn"],"_links":{"self":[{"href":"https:\/\/wegeblw.pl\/index.php\/wp-json\/wp\/v2\/product\/2935","targetHints":{"allow":["GET"]}}],"collection":[{"href":"https:\/\/wegeblw.pl\/index.php\/wp-json\/wp\/v2\/product"}],"about":[{"href":"https:\/\/wegeblw.pl\/index.php\/wp-json\/wp\/v2\/types\/product"}],"replies":[{"embeddable":true,"href":"https:\/\/wegeblw.pl\/index.php\/wp-json\/wp\/v2\/comments?post=2935"}],"wp:featuredmedia":[{"embeddable":true,"href":"https:\/\/wegeblw.pl\/index.php\/wp-json\/wp\/v2\/media\/2936"}],"wp:attachment":[{"href":"https:\/\/wegeblw.pl\/index.php\/wp-json\/wp\/v2\/media?parent=2935"}],"wp:term":[{"taxonomy":"product_cat","embeddable":true,"href":"https:\/\/wegeblw.pl\/index.php\/wp-json\/wp\/v2\/product_cat?post=2935"},{"taxonomy":"product_tag","embeddable":true,"href":"https:\/\/wegeblw.pl\/index.php\/wp-json\/wp\/v2\/product_tag?post=2935"}],"curies":[{"name":"wp","href":"https:\/\/api.w.org\/{rel}","templated":true}]}}