{"id":2953,"date":"2020-03-11T14:38:07","date_gmt":"2020-03-11T13:38:07","guid":{"rendered":"https:\/\/wegeblw.pl\/index.php\/produkt\/okulary-korekcyjne-rodenstock-r2630-b\/"},"modified":"2026-04-10T07:16:57","modified_gmt":"2026-04-10T05:16:57","slug":"okulary-korekcyjne-rodenstock-r2630-b","status":"publish","type":"product","link":"https:\/\/wegeblw.pl\/index.php\/produkt\/okulary-korekcyjne-rodenstock-r2630-b\/","title":{"rendered":"Okulary korekcyjne Rodenstock R2630 B"},"content":{"rendered":"<p>Wyr\u00f3b medyczny innyDoskonale oddychaj\u0105ce, niezwykle mi\u0119kkie plastry opatrunkowe. Do stosowania na najbardziej niedost\u0119pne miejsca i delikatne cz\u0119\u015bci cia\u0142a. Zalecane na sk\u00f3r\u0119 wra\u017cliw\u0105.Zestaw zawiera: 20 plastr\u00f3w w rozmiarze 19x72mm.Plastry antybakteryjne &#8211; opatrunek zawiera chlorheksydyn\u0119 o szerokim spektrum dzia\u0142ania antybakteryjnego.<\/p>\n<p>Apteczki i materia\u0142y opatrunkowe<\/p>\n<p>pieprz zio\u0142owy sk\u0142ad, r\u00f3\u017cnica mi\u0119dzy \u017curkiem a barszczem bia\u0142ym, matcha w ciazy, witamina c jantar, orzechy nerkowce kalorie, wegetarianski gulasz, askorbian sodu, najlepsze mleko roslinne do kawy, garnek do mleka na indukcj\u0119, przyprawa do szasz\u0142yk\u00f3w, alfaalfa, groszek wlasciwosci, myvita spirulina, jak doda\u0107 sobie energii<\/p>\n<p>yyyyy<\/p>\n","protected":false},"excerpt":{"rendered":"<p>Wyr\u00f3b medyczny innyDoskonale oddychaj\u0105ce, niezwykle mi\u0119kkie plastry opatrunkowe. Do stosowania na najbardziej niedost\u0119pne miejsca i delikatne cz\u0119\u015bci cia\u0142a. Zalecane na&hellip;<\/p>\n","protected":false},"featured_media":2954,"comment_status":"closed","ping_status":"open","template":"","meta":[],"product_cat":[249],"product_tag":[758,684,849,755,649],"class_list":["post-2953","product","type-product","status-publish","has-post-thumbnail","hentry","product_cat-okulary-oprawki-i-szkla","product_tag-bulki","product_tag-kurkuma-korzen","product_tag-mogli","product_tag-olej-ryzowy-do-smazenia","product_tag-organic24"],"_links":{"self":[{"href":"https:\/\/wegeblw.pl\/index.php\/wp-json\/wp\/v2\/product\/2953","targetHints":{"allow":["GET"]}}],"collection":[{"href":"https:\/\/wegeblw.pl\/index.php\/wp-json\/wp\/v2\/product"}],"about":[{"href":"https:\/\/wegeblw.pl\/index.php\/wp-json\/wp\/v2\/types\/product"}],"replies":[{"embeddable":true,"href":"https:\/\/wegeblw.pl\/index.php\/wp-json\/wp\/v2\/comments?post=2953"}],"wp:featuredmedia":[{"embeddable":true,"href":"https:\/\/wegeblw.pl\/index.php\/wp-json\/wp\/v2\/media\/2954"}],"wp:attachment":[{"href":"https:\/\/wegeblw.pl\/index.php\/wp-json\/wp\/v2\/media?parent=2953"}],"wp:term":[{"taxonomy":"product_cat","embeddable":true,"href":"https:\/\/wegeblw.pl\/index.php\/wp-json\/wp\/v2\/product_cat?post=2953"},{"taxonomy":"product_tag","embeddable":true,"href":"https:\/\/wegeblw.pl\/index.php\/wp-json\/wp\/v2\/product_tag?post=2953"}],"curies":[{"name":"wp","href":"https:\/\/api.w.org\/{rel}","templated":true}]}}