{"id":2969,"date":"2018-12-31T00:53:34","date_gmt":"2018-12-30T23:53:34","guid":{"rendered":"https:\/\/wegeblw.pl\/index.php\/produkt\/okulary-ray-ban-rx-8901-5262\/"},"modified":"2026-04-07T07:54:45","modified_gmt":"2026-04-07T05:54:45","slug":"okulary-ray-ban-rx-8901-5262","status":"publish","type":"product","link":"https:\/\/wegeblw.pl\/index.php\/produkt\/okulary-ray-ban-rx-8901-5262\/","title":{"rendered":"Okulary Ray Ban RX 8901 5262"},"content":{"rendered":"<p>Nazwa: BOIRON Ammonium carbonicum 9 CHPosta\u0107: granulkiDawka: -Opakowanie: 4 gDzia\u0142anie: Homeopatyczny produkt leczniczy bez wskaza\u0144 leczniczych. Produkt leczniczy wydawany bez przepisu lekarza.Wskazania: Wskazania do stosowania lek\u00f3w homeopatycznych s\u0105 bardzo szerokie, udokumentowane na podstawie wieloletniego stosowania terapeutycznego w lecznictwie. Dlatego te\u017c do leku nie do\u0142\u0105cza si\u0119 ulotki informacyjnej i nie umieszcza si\u0119 na opakowaniu informacji dotycz\u0105cych sposobu dawkowania. W celu uzyskania informacji o wskazaniach i dawkowaniu nale\u017cy skonsultowa\u0107 si\u0119 z lekarzem lub farmaceut\u0105.Przeciwwskazania: Nadwra\u017cliwo\u015b\u0107 na kt\u00f3rykolwiek sk\u0142adnik leku.Dzia\u0142ania niepo\u017c\u0105dane: W przypadku wyst\u0105pienia objaw\u00f3w niepo\u017c\u0105danych w czasie stosowania produktu homeopatycznego nale\u017cy skonsultowa\u0107 si\u0119 z lekarzem.<\/p>\n<p>Homeopatia<\/p>\n<p>owsianka owocowa, warzywa na ros\u00f3\u0142, wilkakora w\u0142a\u015bciwo\u015bci, mro\u017ane kakao, diety zdrowotne, munga, zakupy na dow\u00f3z warszawa, do czego rozmaryn, kasza mix, sur\u00f3wka kapusty kiszonej, amla khadi, schar mehl farine, jak zrobic mleko ryzowe, czosnek marynowany azjatycki, sledz po zydowsku, caprylic acid, deser z amarantusa, chlebek ro\u015blina, nasiona pokrzywy w\u0142a\u015bciwo\u015bci<\/p>\n<p>yyyyy<\/p>\n","protected":false},"excerpt":{"rendered":"<p>Nazwa: BOIRON Ammonium carbonicum 9 CHPosta\u0107: granulkiDawka: -Opakowanie: 4 gDzia\u0142anie: Homeopatyczny produkt leczniczy bez wskaza\u0144 leczniczych. Produkt leczniczy wydawany bez&hellip;<\/p>\n","protected":false},"featured_media":2970,"comment_status":"closed","ping_status":"open","template":"","meta":[],"product_cat":[249],"product_tag":[679,826,702,772],"class_list":["post-2969","product","type-product","status-publish","has-post-thumbnail","hentry","product_cat-okulary-oprawki-i-szkla","product_tag-dynia-hokkaido","product_tag-olej-kokosowy-rafinowany","product_tag-przepis-na-sekacz","product_tag-ser-owczy"],"_links":{"self":[{"href":"https:\/\/wegeblw.pl\/index.php\/wp-json\/wp\/v2\/product\/2969","targetHints":{"allow":["GET"]}}],"collection":[{"href":"https:\/\/wegeblw.pl\/index.php\/wp-json\/wp\/v2\/product"}],"about":[{"href":"https:\/\/wegeblw.pl\/index.php\/wp-json\/wp\/v2\/types\/product"}],"replies":[{"embeddable":true,"href":"https:\/\/wegeblw.pl\/index.php\/wp-json\/wp\/v2\/comments?post=2969"}],"wp:featuredmedia":[{"embeddable":true,"href":"https:\/\/wegeblw.pl\/index.php\/wp-json\/wp\/v2\/media\/2970"}],"wp:attachment":[{"href":"https:\/\/wegeblw.pl\/index.php\/wp-json\/wp\/v2\/media?parent=2969"}],"wp:term":[{"taxonomy":"product_cat","embeddable":true,"href":"https:\/\/wegeblw.pl\/index.php\/wp-json\/wp\/v2\/product_cat?post=2969"},{"taxonomy":"product_tag","embeddable":true,"href":"https:\/\/wegeblw.pl\/index.php\/wp-json\/wp\/v2\/product_tag?post=2969"}],"curies":[{"name":"wp","href":"https:\/\/api.w.org\/{rel}","templated":true}]}}