{"id":2975,"date":"2020-09-03T00:29:03","date_gmt":"2020-09-02T22:29:03","guid":{"rendered":"https:\/\/wegeblw.pl\/index.php\/produkt\/etui-kodano-czarne-okulary-korekcyjne\/"},"modified":"2026-04-07T01:11:13","modified_gmt":"2026-04-06T23:11:13","slug":"etui-kodano-czarne-okulary-korekcyjne","status":"publish","type":"product","link":"https:\/\/wegeblw.pl\/index.php\/produkt\/etui-kodano-czarne-okulary-korekcyjne\/","title":{"rendered":"Etui Kodano Czarne Okulary Korekcyjne"},"content":{"rendered":"<p>Oprawy okularowe Rodenstock<\/p>\n<p>Okulary oprawki i szk\u0142a<\/p>\n<p>k\u0142odawska, olej rycynowy na brwi efekty, trzcinowy cukier, eliza m\u00f3rawska<\/p>\n<p>yyyyy<\/p>\n","protected":false},"excerpt":{"rendered":"<p>Oprawy okularowe Rodenstock Okulary oprawki i szk\u0142a k\u0142odawska, olej rycynowy na brwi efekty, trzcinowy cukier, eliza m\u00f3rawska yyyyy<\/p>\n","protected":false},"featured_media":2976,"comment_status":"closed","ping_status":"open","template":"","meta":[],"product_cat":[251],"product_tag":[794,678,665,707],"class_list":["post-2975","product","type-product","status-publish","has-post-thumbnail","hentry","product_cat-akcesoria-do-okularow","product_tag-awokado-hass","product_tag-springrolls","product_tag-weganskie-mieso","product_tag-wege-mieso"],"_links":{"self":[{"href":"https:\/\/wegeblw.pl\/index.php\/wp-json\/wp\/v2\/product\/2975","targetHints":{"allow":["GET"]}}],"collection":[{"href":"https:\/\/wegeblw.pl\/index.php\/wp-json\/wp\/v2\/product"}],"about":[{"href":"https:\/\/wegeblw.pl\/index.php\/wp-json\/wp\/v2\/types\/product"}],"replies":[{"embeddable":true,"href":"https:\/\/wegeblw.pl\/index.php\/wp-json\/wp\/v2\/comments?post=2975"}],"wp:featuredmedia":[{"embeddable":true,"href":"https:\/\/wegeblw.pl\/index.php\/wp-json\/wp\/v2\/media\/2976"}],"wp:attachment":[{"href":"https:\/\/wegeblw.pl\/index.php\/wp-json\/wp\/v2\/media?parent=2975"}],"wp:term":[{"taxonomy":"product_cat","embeddable":true,"href":"https:\/\/wegeblw.pl\/index.php\/wp-json\/wp\/v2\/product_cat?post=2975"},{"taxonomy":"product_tag","embeddable":true,"href":"https:\/\/wegeblw.pl\/index.php\/wp-json\/wp\/v2\/product_tag?post=2975"}],"curies":[{"name":"wp","href":"https:\/\/api.w.org\/{rel}","templated":true}]}}