{"id":2983,"date":"2019-04-26T07:24:48","date_gmt":"2019-04-26T05:24:48","guid":{"rendered":"https:\/\/wegeblw.pl\/index.php\/produkt\/solano-s-10488-b\/"},"modified":"2026-04-16T18:12:13","modified_gmt":"2026-04-16T16:12:13","slug":"solano-s-10488-b","status":"publish","type":"product","link":"https:\/\/wegeblw.pl\/index.php\/produkt\/solano-s-10488-b\/","title":{"rendered":"Solano S 10488 B"},"content":{"rendered":"<p>Suplementy na odchudzanie<\/p>\n<p>mleka ro\u015blinne, tortilla pszenna, babalski sklep, zepsuty ocet jab\u0142kowy, chrupki pizza, kostki roso\u0142owe bio<\/p>\n<p><a href=\"https:\/\/krolewskie-miody.pl\/kategoria-produktu\/miody\/\" rel=\"nofollow\">https:\/\/krolewskie-miody.pl\/kategoria-produktu\/miody\/<\/a><\/p>\n","protected":false},"excerpt":{"rendered":"<p>Suplementy na odchudzanie mleka ro\u015blinne, tortilla pszenna, babalski sklep, zepsuty ocet jab\u0142kowy, chrupki pizza, kostki roso\u0142owe bio https:\/\/krolewskie-miody.pl\/kategoria-produktu\/miody\/<\/p>\n","protected":false},"featured_media":2984,"comment_status":"closed","ping_status":"open","template":"","meta":[],"product_cat":[249],"product_tag":[653,812,820,754],"class_list":["post-2983","product","type-product","status-publish","has-post-thumbnail","hentry","product_cat-okulary-oprawki-i-szkla","product_tag-beyond-burger","product_tag-bigos-wegetarianski-z-soczewica","product_tag-produkty-bez-laktozy-sklep","product_tag-zamienniki-miesa"],"_links":{"self":[{"href":"https:\/\/wegeblw.pl\/index.php\/wp-json\/wp\/v2\/product\/2983","targetHints":{"allow":["GET"]}}],"collection":[{"href":"https:\/\/wegeblw.pl\/index.php\/wp-json\/wp\/v2\/product"}],"about":[{"href":"https:\/\/wegeblw.pl\/index.php\/wp-json\/wp\/v2\/types\/product"}],"replies":[{"embeddable":true,"href":"https:\/\/wegeblw.pl\/index.php\/wp-json\/wp\/v2\/comments?post=2983"}],"wp:featuredmedia":[{"embeddable":true,"href":"https:\/\/wegeblw.pl\/index.php\/wp-json\/wp\/v2\/media\/2984"}],"wp:attachment":[{"href":"https:\/\/wegeblw.pl\/index.php\/wp-json\/wp\/v2\/media?parent=2983"}],"wp:term":[{"taxonomy":"product_cat","embeddable":true,"href":"https:\/\/wegeblw.pl\/index.php\/wp-json\/wp\/v2\/product_cat?post=2983"},{"taxonomy":"product_tag","embeddable":true,"href":"https:\/\/wegeblw.pl\/index.php\/wp-json\/wp\/v2\/product_tag?post=2983"}],"curies":[{"name":"wp","href":"https:\/\/api.w.org\/{rel}","templated":true}]}}