{"id":3019,"date":"2017-12-28T16:45:22","date_gmt":"2017-12-28T15:45:22","guid":{"rendered":"https:\/\/wegeblw.pl\/index.php\/produkt\/carrera-go-led-looping-61661\/"},"modified":"2026-04-09T00:51:10","modified_gmt":"2026-04-08T22:51:10","slug":"carrera-go-led-looping-61661","status":"publish","type":"product","link":"https:\/\/wegeblw.pl\/index.php\/produkt\/carrera-go-led-looping-61661\/","title":{"rendered":"Carrera Go!!! Led Looping (61661)"},"content":{"rendered":"<p>Matoset, Kompresy gazowe, ja\u0142owe, 17-nitkowe z nitk\u0105 RTG, pakiet (blister)Kompresy z gazy opatrunkowej stosowane do poch\u0142aniania p\u0142yn\u00f3w w trakcie zabieg\u00f3w ambulatoryjnych i operacyjnych w przypadku ich ja\u0142owo\u015bci oraz do cel\u00f3w higieniczno-kosmetycznych w przypadku ich wyja\u0142owienia. Posiadaj\u0105 nitk\u0119 RTG, kt\u00f3ra zapewnia bezpiecze\u0144stwo na bloku operacyjnym.Cechy produktu:Ja\u0142owo\u015b\u0107: ja\u0142oweOpakowanie: Blister (opakowanie foliowo-papierowe bez indywidualnego pakowania ka\u017cdego kompresu)Nitka RTG: takW\u0142a\u015bciwo\u015bci kompres\u00f3w z gazy Matocomp:Wykonane ze 100% bawe\u0142ny.Bielone metod\u0105 bezchlorow\u0105, dzi\u0119ki czemu gwarantuj\u0105 wysoki poziom czysto\u015bci chemicznej.Pozbawione lu\u017anych w\u0142\u00f3kien na powierzchni kompresu, dzi\u0119ki czemu podwy\u017cszone zostaje bezpiecze\u0144stwo u\u017cytkowania.Zabezpieczone w spos\u00f3b uniemo\u017cliwiaj\u0105cy wyprucie lu\u017anej nitki kompresu.Zapewniaj\u0105 du\u017c\u0105 zdolno\u015b\u0107 wch\u0142aniania wilgoci i p\u0142yn\u00f3w.Kompresy z gazy opatrunkowej s\u0105 wyrobem jednorazowym. Podczas procedur inwazyjnych nale\u017cy je stosowa\u0107 jedynie w stanie nierozwini\u0119tym.Zdj\u0119cie podgl\u0105dowe \u2013 przedstawia przyk\u0142adowe opakowanie produktu i nie odzwierciedla faktycznego rozmiaru kompres\u00f3w.<\/p>\n<p>Apteczki i materia\u0142y opatrunkowe<\/p>\n<p>greckie produkty, jak zrobi\u0107 kasz\u0119 gryczan\u0105, cwiczenia na ty\u0142ek, zastosowanie olejk\u00f3w eterycznych, siemie lniane mielone kcal, b glukan, ma\u015b\u0107 propolisowa 30, kwiat kaszka, oregano w tabletkach<\/p>\n<p><a href=\"https:\/\/tendoktor.pl\/baza-lekow\/drovelis\/\">https:\/\/tendoktor.pl\/baza-lekow\/drovelis\/<\/a><\/p>\n","protected":false},"excerpt":{"rendered":"<p>Matoset, Kompresy gazowe, ja\u0142owe, 17-nitkowe z nitk\u0105 RTG, pakiet (blister)Kompresy z gazy opatrunkowej stosowane do poch\u0142aniania p\u0142yn\u00f3w w trakcie zabieg\u00f3w&hellip;<\/p>\n","protected":false},"featured_media":3020,"comment_status":"closed","ping_status":"open","template":"","meta":[],"product_cat":[286],"product_tag":[778,869,769,640],"class_list":["post-3019","product","type-product","status-publish","has-post-thumbnail","hentry","product_cat-parkingi-garaze-i-tory-wyscigowe","product_tag-burak","product_tag-kurkuma-w-proszku-jak-stosowac","product_tag-mieso-mielone-wege","product_tag-siemie-lniane-na-surowo"],"_links":{"self":[{"href":"https:\/\/wegeblw.pl\/index.php\/wp-json\/wp\/v2\/product\/3019","targetHints":{"allow":["GET"]}}],"collection":[{"href":"https:\/\/wegeblw.pl\/index.php\/wp-json\/wp\/v2\/product"}],"about":[{"href":"https:\/\/wegeblw.pl\/index.php\/wp-json\/wp\/v2\/types\/product"}],"replies":[{"embeddable":true,"href":"https:\/\/wegeblw.pl\/index.php\/wp-json\/wp\/v2\/comments?post=3019"}],"wp:featuredmedia":[{"embeddable":true,"href":"https:\/\/wegeblw.pl\/index.php\/wp-json\/wp\/v2\/media\/3020"}],"wp:attachment":[{"href":"https:\/\/wegeblw.pl\/index.php\/wp-json\/wp\/v2\/media?parent=3019"}],"wp:term":[{"taxonomy":"product_cat","embeddable":true,"href":"https:\/\/wegeblw.pl\/index.php\/wp-json\/wp\/v2\/product_cat?post=3019"},{"taxonomy":"product_tag","embeddable":true,"href":"https:\/\/wegeblw.pl\/index.php\/wp-json\/wp\/v2\/product_tag?post=3019"}],"curies":[{"name":"wp","href":"https:\/\/api.w.org\/{rel}","templated":true}]}}