{"id":303,"date":"2019-11-16T13:20:22","date_gmt":"2019-11-16T12:20:22","guid":{"rendered":"https:\/\/wegeblw.pl\/index.php\/produkt\/valeant-polska-icn-otinum-krople-do-uszu-10g\/"},"modified":"2026-04-07T06:46:06","modified_gmt":"2026-04-07T04:46:06","slug":"valeant-polska-icn-otinum-krople-do-uszu-10g","status":"publish","type":"product","link":"https:\/\/wegeblw.pl\/index.php\/produkt\/valeant-polska-icn-otinum-krople-do-uszu-10g\/","title":{"rendered":"Valeant Polska Icn Otinum Krople Do Uszu 10G"},"content":{"rendered":"<p>PRECISION1 for Astigmatism 30 0,00; &#8211; 1,25; 160<\/p>\n<p>Soczewki kontaktowe<\/p>\n<p>chela-mag b6 shot, papryka chili przyprawa, sklep \u017cywno\u015b\u0107 ekologiczna, ryz dmuchany, mi\u00f3d rzepakowy &#8211; w\u0142a\u015bciwo\u015bci, skrobia a m\u0105ka ziemniaczana, kokosowy bekon, morwa bia\u0142a &#8211; uprawa w polsce, adek dr jacobs, trimetyloglicyna, nap\u00f3j sojowy alpro<\/p>\n<p><a href=\"https:\/\/holterdodomu.pl\/pl\/c\/Holter-dla-Doroslych\/59\" rel=\"nofollow\">https:\/\/holterdodomu.pl\/pl\/c\/Holter-dla-Doroslych\/59<\/a><\/p>\n","protected":false},"excerpt":{"rendered":"<p>PRECISION1 for Astigmatism 30 0,00; &#8211; 1,25; 160 Soczewki kontaktowe chela-mag b6 shot, papryka chili przyprawa, sklep \u017cywno\u015b\u0107 ekologiczna, ryz&hellip;<\/p>\n","protected":false},"featured_media":304,"comment_status":"closed","ping_status":"open","template":"","meta":[],"product_cat":[45],"product_tag":[742,848,723,704,703],"class_list":["post-303","product","type-product","status-publish","has-post-thumbnail","hentry","product_cat-wzrok-i-sluch","product_tag-beyond-meat-warszawa","product_tag-granat-z-pestki","product_tag-guar","product_tag-naturgreen","product_tag-por"],"_links":{"self":[{"href":"https:\/\/wegeblw.pl\/index.php\/wp-json\/wp\/v2\/product\/303","targetHints":{"allow":["GET"]}}],"collection":[{"href":"https:\/\/wegeblw.pl\/index.php\/wp-json\/wp\/v2\/product"}],"about":[{"href":"https:\/\/wegeblw.pl\/index.php\/wp-json\/wp\/v2\/types\/product"}],"replies":[{"embeddable":true,"href":"https:\/\/wegeblw.pl\/index.php\/wp-json\/wp\/v2\/comments?post=303"}],"wp:featuredmedia":[{"embeddable":true,"href":"https:\/\/wegeblw.pl\/index.php\/wp-json\/wp\/v2\/media\/304"}],"wp:attachment":[{"href":"https:\/\/wegeblw.pl\/index.php\/wp-json\/wp\/v2\/media?parent=303"}],"wp:term":[{"taxonomy":"product_cat","embeddable":true,"href":"https:\/\/wegeblw.pl\/index.php\/wp-json\/wp\/v2\/product_cat?post=303"},{"taxonomy":"product_tag","embeddable":true,"href":"https:\/\/wegeblw.pl\/index.php\/wp-json\/wp\/v2\/product_tag?post=303"}],"curies":[{"name":"wp","href":"https:\/\/api.w.org\/{rel}","templated":true}]}}