{"id":3037,"date":"2017-03-03T22:57:23","date_gmt":"2017-03-03T21:57:23","guid":{"rendered":"https:\/\/wegeblw.pl\/index.php\/produkt\/marc-jacobs-marc616-35j-53-rozowe\/"},"modified":"2026-04-08T01:13:35","modified_gmt":"2026-04-07T23:13:35","slug":"marc-jacobs-marc616-35j-53-rozowe","status":"publish","type":"product","link":"https:\/\/wegeblw.pl\/index.php\/produkt\/marc-jacobs-marc616-35j-53-rozowe\/","title":{"rendered":"Marc Jacobs Marc616 35J (53) R\u00f3\u017cowe"},"content":{"rendered":"<p>Bioderma Sensibio XMASS &#8211; zestaw dermokosmetyczny\u201eDla ukojonej i naturalnie wzmocnionej sk\u00f3ry\u201d                            <\/p>\n<p>Bioderma Sensibio H2O &#8211; woda micelarna, 500mlOryginalna woda micelarna, koi i utrzymuje r\u00f3wnowag\u0119 sk\u00f3ry \u2013 zadbaj o sk\u00f3r\u0119 wra\u017cliw\u0105 ju\u017c na etapie jej oczyszczania.Sensibio H2O kultowa woda micelarna do oczyszczania i demakija\u017cu dla wra\u017cliwej sk\u00f3ry. G\u0142\u0119boko oczyszcza twarz z zanieczyszcze\u0144 i metali ci\u0119\u017ckich, z szacunkiem dla jej bariery ochronnej, zapobiegaj\u0105c zaostrzeniu wra\u017cliwo\u015bci sk\u00f3ry. Koi i \u0142agodzi. Nie wymaga sp\u0142ukiwania. Bezzapachowa. Z wygodnym dozownikiem.delikatnie oczyszcza z zanieczyszcze\u0144 i skutecznie usuwa makija\u017c ze sk\u00f3ry twarzy i okolic oczukoi i \u0142agodzi sk\u00f3r\u0119 wra\u017cliw\u0105piel\u0119gnuje sk\u00f3r\u0119 ju\u017c podczas oczyszczaniabez zapachu                            <\/p>\n<p>Bioderma Sensibio Gel Moussant &#8211; \u017cel micelarny, 200ml\u0141agodz\u0105cy \u017cel micelarny &#8211; delikatnie oczyszcza i piel\u0119gnuje sk\u00f3r\u0119 wra\u017cliw\u0105.Sensibio Gel Moussant to \u017cel myj\u0105cy, kt\u00f3ry delikatnie myje i usuwa makija\u017c, o fizjologicznym pH. Wzmacnia pr\u00f3g tolerancji sk\u00f3ry wra\u017cliwej. Bez dodatku myd\u0142a. Bezzapachowy. Bardzo dobra tolerancja sk\u00f3ry i oczu. Nie zatyka por\u00f3w.delikatnie myje, \u0142agodzi i nawil\u017cazawiera sk\u0142adniki nawil\u017caj\u0105ce, antyoksydacyjne, \u0142agodz\u0105ce i przeciwzapalnenie zawiera myd\u0142aformu\u0142a bezzapachowa<\/p>\n<p>Dermokosmetyki<\/p>\n<p>kt\u00f3re p\u0142atki s\u0105 najzdrowsze, fit pralinki, kolagen dla dzieci, puder warzywny<\/p>\n<p>yyyyy<\/p>\n","protected":false},"excerpt":{"rendered":"<p>Bioderma Sensibio XMASS &#8211; zestaw dermokosmetyczny\u201eDla ukojonej i naturalnie wzmocnionej sk\u00f3ry\u201d Bioderma Sensibio H2O &#8211; woda micelarna, 500mlOryginalna woda micelarna,&hellip;<\/p>\n","protected":false},"featured_media":3038,"comment_status":"closed","ping_status":"open","template":"","meta":[],"product_cat":[249],"product_tag":[834,766,692,797,732],"class_list":["post-3037","product","type-product","status-publish","has-post-thumbnail","hentry","product_cat-okulary-oprawki-i-szkla","product_tag-biosaurus","product_tag-jablko-jonaprince","product_tag-jelito-drazliwe","product_tag-organic-farma-zdrowia","product_tag-produkty-bez-laktozy"],"_links":{"self":[{"href":"https:\/\/wegeblw.pl\/index.php\/wp-json\/wp\/v2\/product\/3037","targetHints":{"allow":["GET"]}}],"collection":[{"href":"https:\/\/wegeblw.pl\/index.php\/wp-json\/wp\/v2\/product"}],"about":[{"href":"https:\/\/wegeblw.pl\/index.php\/wp-json\/wp\/v2\/types\/product"}],"replies":[{"embeddable":true,"href":"https:\/\/wegeblw.pl\/index.php\/wp-json\/wp\/v2\/comments?post=3037"}],"wp:featuredmedia":[{"embeddable":true,"href":"https:\/\/wegeblw.pl\/index.php\/wp-json\/wp\/v2\/media\/3038"}],"wp:attachment":[{"href":"https:\/\/wegeblw.pl\/index.php\/wp-json\/wp\/v2\/media?parent=3037"}],"wp:term":[{"taxonomy":"product_cat","embeddable":true,"href":"https:\/\/wegeblw.pl\/index.php\/wp-json\/wp\/v2\/product_cat?post=3037"},{"taxonomy":"product_tag","embeddable":true,"href":"https:\/\/wegeblw.pl\/index.php\/wp-json\/wp\/v2\/product_tag?post=3037"}],"curies":[{"name":"wp","href":"https:\/\/api.w.org\/{rel}","templated":true}]}}