{"id":3047,"date":"2019-01-25T21:39:07","date_gmt":"2019-01-25T20:39:07","guid":{"rendered":"https:\/\/wegeblw.pl\/index.php\/produkt\/carrera-rc-quadrocopter-x1-24ghz\/"},"modified":"2026-04-07T09:42:34","modified_gmt":"2026-04-07T07:42:34","slug":"carrera-rc-quadrocopter-x1-24ghz","status":"publish","type":"product","link":"https:\/\/wegeblw.pl\/index.php\/produkt\/carrera-rc-quadrocopter-x1-24ghz\/","title":{"rendered":"Carrera Rc Quadrocopter X1 2,4Ghz"},"content":{"rendered":"<p>Nazwa produktu:Lecytyna 1200mg Forte, 80 kapsu\u0142ekRodzaj produktu:suplement dietyOpis produktu:Lecytyna nale\u017cy do fosfolipid\u00f3w i jest jednym z podstawowych element\u00f3w sk\u0142adowych b\u0142on kom\u00f3rkowych wszystkich organizm\u00f3w \u017cywych.Lecytyna wyst\u0119puje w wysokich st\u0119\u017ceniach w wa\u017cnych tkankach ludzkich m.in: tkance m\u00f3zgowej, w\u0105trobie, mi\u0119\u015bniu sercowym, mi\u0119\u015bniach oraz w\u0142\u00f3knach nerwowych. Lecytyna jest wa\u017cnym naturalnym \u017ar\u00f3d\u0142em kwasu linolowego, kt\u00f3ry pomaga utrzyma\u0107 prawid\u0142owy poziom cholesterolu we krwi (przy odpowiednim spo\u017cyciu 10 g kwasu linolowego).Wykaz sk\u0142adnik\u00f3w:Sk\u0142adniki: lecytyna sojowa, \u017celatyna, woda, substancja glazuruj\u0105ca: glicerol.Ilo\u015bci sk\u0142adnik\u00f3w:Sk\u0142ad zalecanej dziennej porcji dospo\u017cycia: 1 kapsu\u0142ka- Lecytyna &#8211; zawarto\u015b\u0107 kwasu linolowego min. 1200,0 mg341,0 mgSugerowane dawkowanie:1 kapsu\u0142ka.Nie nale\u017cy przekracza\u0107 zalecanej dawki produktu do spo\u017cycia w ci\u0105gu dnia.Instrukcja u\u017cycia:Kapsu\u0142k\u0119 po\u0142kn\u0105\u0107 w trakcie posi\u0142ku i popi\u0107 wod\u0105.Przeciwwskazania:Nie stosowa\u0107 w przypadku nadwra\u017cliwo\u015bci na kt\u00f3rykolwiek sk\u0142adnik suplementu diety.Warunki przechowywania:Przechowywa\u0107 w suchym miejscu w temperaturze poni\u017cej 25 \u00b0C w spos\u00f3b niedost\u0119pny dla ma\u0142ych dzieci. Chroni\u0107 przed \u015bwiat\u0142em.Nazwa firmy produkuj\u0105cej \u015brodek\/Adres podmiotu:Producent: STADA Poland sp. z o.o., ul. Krakowiak\u00f3w 44, 02-255 WarszawaKraj lub miejsce pochodzenia:Wyprodukowano w Unii Europejskiej.Suplement diety (\u015brodek spo\u017cywczy) nie mo\u017ce by\u0107 stosowany jako substytut zr\u00f3\u017cnicowanej diety.Celem suplementu diety jest uzupe\u0142nienie normalnej diety.Dodatkowe informacje o produkcie znajduj\u0105 si\u0119 w ulotce za\u0142\u0105czonej do produktu b\u0105d\u017a na jego opakowaniu.<\/p>\n<p>Uk\u0142ad nerwowy i pami\u0119\u0107<\/p>\n<p>d\u017cem z owoc\u00f3w dzikiej r\u00f3\u017cy, ostropest kapsu\u0142ki, p\u0142atki migda\u0142owe, ro\u015blinny, lody haagen dazs s\u0142ony karmel, syrop klonowy w\u0142a\u015bciwo\u015bci lecznicze, ciastka kruche, odczyn zasadowy moczu<\/p>\n<p>yyyyy<\/p>\n","protected":false},"excerpt":{"rendered":"<p>Nazwa produktu:Lecytyna 1200mg Forte, 80 kapsu\u0142ekRodzaj produktu:suplement dietyOpis produktu:Lecytyna nale\u017cy do fosfolipid\u00f3w i jest jednym z podstawowych element\u00f3w sk\u0142adowych b\u0142on&hellip;<\/p>\n","protected":false},"featured_media":3048,"comment_status":"closed","ping_status":"open","template":"","meta":[],"product_cat":[288],"product_tag":[872,802,659,819],"class_list":["post-3047","product","type-product","status-publish","has-post-thumbnail","hentry","product_cat-zabawki-zdalnie-sterowane","product_tag-bis-ethylhexyloxyphenol-methoxyphenyl-triazine","product_tag-czy-pestki-granatu-sa-jadalne","product_tag-jajka-marynowane-po-koreansku","product_tag-kosze-prezentowe"],"_links":{"self":[{"href":"https:\/\/wegeblw.pl\/index.php\/wp-json\/wp\/v2\/product\/3047","targetHints":{"allow":["GET"]}}],"collection":[{"href":"https:\/\/wegeblw.pl\/index.php\/wp-json\/wp\/v2\/product"}],"about":[{"href":"https:\/\/wegeblw.pl\/index.php\/wp-json\/wp\/v2\/types\/product"}],"replies":[{"embeddable":true,"href":"https:\/\/wegeblw.pl\/index.php\/wp-json\/wp\/v2\/comments?post=3047"}],"wp:featuredmedia":[{"embeddable":true,"href":"https:\/\/wegeblw.pl\/index.php\/wp-json\/wp\/v2\/media\/3048"}],"wp:attachment":[{"href":"https:\/\/wegeblw.pl\/index.php\/wp-json\/wp\/v2\/media?parent=3047"}],"wp:term":[{"taxonomy":"product_cat","embeddable":true,"href":"https:\/\/wegeblw.pl\/index.php\/wp-json\/wp\/v2\/product_cat?post=3047"},{"taxonomy":"product_tag","embeddable":true,"href":"https:\/\/wegeblw.pl\/index.php\/wp-json\/wp\/v2\/product_tag?post=3047"}],"curies":[{"name":"wp","href":"https:\/\/api.w.org\/{rel}","templated":true}]}}