{"id":309,"date":"2022-08-30T16:46:03","date_gmt":"2022-08-30T14:46:03","guid":{"rendered":"https:\/\/wegeblw.pl\/index.php\/produkt\/gamrat-pvc-lapacz-wody-110mm\/"},"modified":"2026-04-09T02:00:15","modified_gmt":"2026-04-09T00:00:15","slug":"gamrat-pvc-lapacz-wody-110mm","status":"publish","type":"product","link":"https:\/\/wegeblw.pl\/index.php\/produkt\/gamrat-pvc-lapacz-wody-110mm\/","title":{"rendered":"Gamrat Pvc \u0141apacz Wody 110mm"},"content":{"rendered":"<p>ETUI FUTERA\u0141 NA DZIECI\u0118CEOKULARY SC-10A<\/p>\n<p>Akcesoria do okular\u00f3w<\/p>\n<p>l theanina, sheik bananowy, chleb na proszku do pieczenia, b 50, ketchup premium, m\u0105ka razowa cena, galart, chleb orkiszowy na zakwasie<\/p>\n<p><a href=\"https:\/\/www.dodrukarki.pl\/category\/hp-deskjet-hp-deskjet-3760-tusze\">hp 3760 tusz<\/a><\/p>\n","protected":false},"excerpt":{"rendered":"<p>ETUI FUTERA\u0141 NA DZIECI\u0118CEOKULARY SC-10A Akcesoria do okular\u00f3w l theanina, sheik bananowy, chleb na proszku do pieczenia, b 50, ketchup&hellip;<\/p>\n","protected":false},"featured_media":310,"comment_status":"closed","ping_status":"open","template":"","meta":[],"product_cat":[50],"product_tag":[850,849,796,792],"class_list":["post-309","product","type-product","status-publish","has-post-thumbnail","hentry","product_cat-rynny","product_tag-mleko-ekologiczne","product_tag-mogli","product_tag-pasta-misi","product_tag-vigo"],"_links":{"self":[{"href":"https:\/\/wegeblw.pl\/index.php\/wp-json\/wp\/v2\/product\/309","targetHints":{"allow":["GET"]}}],"collection":[{"href":"https:\/\/wegeblw.pl\/index.php\/wp-json\/wp\/v2\/product"}],"about":[{"href":"https:\/\/wegeblw.pl\/index.php\/wp-json\/wp\/v2\/types\/product"}],"replies":[{"embeddable":true,"href":"https:\/\/wegeblw.pl\/index.php\/wp-json\/wp\/v2\/comments?post=309"}],"wp:featuredmedia":[{"embeddable":true,"href":"https:\/\/wegeblw.pl\/index.php\/wp-json\/wp\/v2\/media\/310"}],"wp:attachment":[{"href":"https:\/\/wegeblw.pl\/index.php\/wp-json\/wp\/v2\/media?parent=309"}],"wp:term":[{"taxonomy":"product_cat","embeddable":true,"href":"https:\/\/wegeblw.pl\/index.php\/wp-json\/wp\/v2\/product_cat?post=309"},{"taxonomy":"product_tag","embeddable":true,"href":"https:\/\/wegeblw.pl\/index.php\/wp-json\/wp\/v2\/product_tag?post=309"}],"curies":[{"name":"wp","href":"https:\/\/api.w.org\/{rel}","templated":true}]}}