{"id":3097,"date":"2020-09-27T21:01:31","date_gmt":"2020-09-27T19:01:31","guid":{"rendered":"https:\/\/wegeblw.pl\/index.php\/produkt\/carrera-oprawki-ca-k-8843-r80-56\/"},"modified":"2026-04-09T17:57:18","modified_gmt":"2026-04-09T15:57:18","slug":"carrera-oprawki-ca-k-8843-r80-56","status":"publish","type":"product","link":"https:\/\/wegeblw.pl\/index.php\/produkt\/carrera-oprawki-ca-k-8843-r80-56\/","title":{"rendered":"CARRERA OPRAWKI CA\/K 8843 R80 56"},"content":{"rendered":"<p>\u015aciereczka z mikrofibry z nadrukiem samochodu Mercedes 300 SL Gullwing. Okularnicy wiedz\u0105 doskonale, jak trudno utrzyma\u0107 w nienagannej czysto\u015bci noszone na co dzie\u0144 szk\u0142a. Idealna do czyszczenia zabrudzonych okular\u00f3w jest \u015bciereczka z mikrofibry, kt\u00f3ra nie pozostawia nieestetycznych zaciek\u00f3w i smug. \u015aciereczki do okular\u00f3w nie musz\u0105 by\u0107 nudne, lecz mog\u0105 posiada\u0107 stylowe grafiki z samochodami. Polecamy funkcjonalne i pi\u0119kne \u015bciereczki dla wszystkich, kt\u00f3rych pasj\u0105 jest motoryzacja. Samoch\u00f3d, klasyk lub legenda to ozdoba, kt\u00f3ra na \u015bciereczce prezentuje si\u0119 niezwykle szykownie i pokazuje wyczucie smaku jej w\u0142a\u015bciciela. Wszystkie grafiki s\u0105 autorstwa Krakowskiego artysty kt\u00f3ry dba o najmniejsze detale w rysowanych samochodach.<\/p>\n<p>Akcesoria do okular\u00f3w<\/p>\n<p>jak dokarmiac zakwas chlebowy, agawa, p5p swanson, wino wytrawne co to znaczy, aloes do picia w\u0142a\u015bciwo\u015bci, sklepy zdrowa \u017cywno\u015b\u0107<\/p>\n<p><a href=\"https:\/\/eneroo.pl\/produkty\/steico-multi-membra-5\">elstar folie<\/a><\/p>\n","protected":false},"excerpt":{"rendered":"<p>\u015aciereczka z mikrofibry z nadrukiem samochodu Mercedes 300 SL Gullwing. Okularnicy wiedz\u0105 doskonale, jak trudno utrzyma\u0107 w nienagannej czysto\u015bci noszone&hellip;<\/p>\n","protected":false},"featured_media":3098,"comment_status":"closed","ping_status":"open","template":"","meta":[],"product_cat":[249],"product_tag":[632,806,826,740],"class_list":["post-3097","product","type-product","status-publish","has-post-thumbnail","hentry","product_cat-okulary-oprawki-i-szkla","product_tag-komosa-ryzowa-jak-gotowac","product_tag-mieso-ekologiczne","product_tag-olej-kokosowy-rafinowany","product_tag-siemie-lniane-na-co"],"_links":{"self":[{"href":"https:\/\/wegeblw.pl\/index.php\/wp-json\/wp\/v2\/product\/3097","targetHints":{"allow":["GET"]}}],"collection":[{"href":"https:\/\/wegeblw.pl\/index.php\/wp-json\/wp\/v2\/product"}],"about":[{"href":"https:\/\/wegeblw.pl\/index.php\/wp-json\/wp\/v2\/types\/product"}],"replies":[{"embeddable":true,"href":"https:\/\/wegeblw.pl\/index.php\/wp-json\/wp\/v2\/comments?post=3097"}],"wp:featuredmedia":[{"embeddable":true,"href":"https:\/\/wegeblw.pl\/index.php\/wp-json\/wp\/v2\/media\/3098"}],"wp:attachment":[{"href":"https:\/\/wegeblw.pl\/index.php\/wp-json\/wp\/v2\/media?parent=3097"}],"wp:term":[{"taxonomy":"product_cat","embeddable":true,"href":"https:\/\/wegeblw.pl\/index.php\/wp-json\/wp\/v2\/product_cat?post=3097"},{"taxonomy":"product_tag","embeddable":true,"href":"https:\/\/wegeblw.pl\/index.php\/wp-json\/wp\/v2\/product_tag?post=3097"}],"curies":[{"name":"wp","href":"https:\/\/api.w.org\/{rel}","templated":true}]}}