{"id":3117,"date":"2013-10-05T06:43:04","date_gmt":"2013-10-05T04:43:04","guid":{"rendered":"https:\/\/wegeblw.pl\/index.php\/produkt\/carrera-digital-132-bmw-320-turbo-flachbau-team-oppitzhauser-no-77-30974\/"},"modified":"2026-04-08T19:25:42","modified_gmt":"2026-04-08T17:25:42","slug":"carrera-digital-132-bmw-320-turbo-flachbau-team-oppitzhauser-no-77-30974","status":"publish","type":"product","link":"https:\/\/wegeblw.pl\/index.php\/produkt\/carrera-digital-132-bmw-320-turbo-flachbau-team-oppitzhauser-no-77-30974\/","title":{"rendered":"Carrera Digital 132 Bmw 320 Turbo Flachbau &#8222;Team Oppitzhauser, No.77&#8221; 30974"},"content":{"rendered":"<p>Suplementy na odchudzanie<\/p>\n<p>mleka ro\u015blinne, tortilla pszenna, babalski sklep, zepsuty ocet jab\u0142kowy, chrupki pizza, kostki roso\u0142owe bio<\/p>\n<p>yyyyy<\/p>\n","protected":false},"excerpt":{"rendered":"<p>Suplementy na odchudzanie mleka ro\u015blinne, tortilla pszenna, babalski sklep, zepsuty ocet jab\u0142kowy, chrupki pizza, kostki roso\u0142owe bio yyyyy<\/p>\n","protected":false},"featured_media":3118,"comment_status":"closed","ping_status":"open","template":"","meta":[],"product_cat":[286],"product_tag":[798,721,797,750,804],"class_list":["post-3117","product","type-product","status-publish","has-post-thumbnail","hentry","product_cat-parkingi-garaze-i-tory-wyscigowe","product_tag-makaron-pelnoziarnisty","product_tag-naturli-margaryna","product_tag-organic-farma-zdrowia","product_tag-pasta-tahini-do-czego","product_tag-quinoa-jak-gotowac"],"_links":{"self":[{"href":"https:\/\/wegeblw.pl\/index.php\/wp-json\/wp\/v2\/product\/3117","targetHints":{"allow":["GET"]}}],"collection":[{"href":"https:\/\/wegeblw.pl\/index.php\/wp-json\/wp\/v2\/product"}],"about":[{"href":"https:\/\/wegeblw.pl\/index.php\/wp-json\/wp\/v2\/types\/product"}],"replies":[{"embeddable":true,"href":"https:\/\/wegeblw.pl\/index.php\/wp-json\/wp\/v2\/comments?post=3117"}],"wp:featuredmedia":[{"embeddable":true,"href":"https:\/\/wegeblw.pl\/index.php\/wp-json\/wp\/v2\/media\/3118"}],"wp:attachment":[{"href":"https:\/\/wegeblw.pl\/index.php\/wp-json\/wp\/v2\/media?parent=3117"}],"wp:term":[{"taxonomy":"product_cat","embeddable":true,"href":"https:\/\/wegeblw.pl\/index.php\/wp-json\/wp\/v2\/product_cat?post=3117"},{"taxonomy":"product_tag","embeddable":true,"href":"https:\/\/wegeblw.pl\/index.php\/wp-json\/wp\/v2\/product_tag?post=3117"}],"curies":[{"name":"wp","href":"https:\/\/api.w.org\/{rel}","templated":true}]}}