{"id":313,"date":"2015-04-11T19:31:17","date_gmt":"2015-04-11T17:31:17","guid":{"rendered":"https:\/\/wegeblw.pl\/index.php\/produkt\/rue-paris-komplet-damski-welurowy-czarny\/"},"modified":"2026-04-09T02:00:19","modified_gmt":"2026-04-09T00:00:19","slug":"rue-paris-komplet-damski-welurowy-czarny","status":"publish","type":"product","link":"https:\/\/wegeblw.pl\/index.php\/produkt\/rue-paris-komplet-damski-welurowy-czarny\/","title":{"rendered":"Rue Paris Komplet Damski Welurowy Czarny"},"content":{"rendered":"<p>Okulary korekcyjne Tom Ford TF 5451 012 50 to znakomity model, kt\u00f3ry \u015bwietnie wygl\u0105da i wyr\u00f3\u017cnia si\u0119 wysok\u0105 jako\u015bci\u0105 wykonania. Te oprawki korekcyjne charakteryzuje nie tylko doskona\u0142y design &#8211; gwarantuj\u0105 one tak\u017ce najwy\u017cszy komfort widzenia. &#8230;<\/p>\n<p>Okulary oprawki i szk\u0142a<\/p>\n<p>warzywo na k, pokrzywa sok, z czym je\u015b\u0107 makaron ry\u017cowy, potrawa kimchi, bualko, zdrowy sk\u0142ad sklep ekologiczny, b\u0142onnik witalny jak przygotowa\u0107, dzie\u0144 dobry kraina ma\u0142gosi, calendula, dieta shake, bambus trzcinowaty<\/p>\n<p>yyyyy<\/p>\n","protected":false},"excerpt":{"rendered":"<p>Okulary korekcyjne Tom Ford TF 5451 012 50 to znakomity model, kt\u00f3ry \u015bwietnie wygl\u0105da i wyr\u00f3\u017cnia si\u0119 wysok\u0105 jako\u015bci\u0105 wykonania.&hellip;<\/p>\n","protected":false},"featured_media":314,"comment_status":"closed","ping_status":"open","template":"","meta":[],"product_cat":[52],"product_tag":[649,700,845,696],"class_list":["post-313","product","type-product","status-publish","has-post-thumbnail","hentry","product_cat-komplety-damskie","product_tag-organic24","product_tag-przepis-na-sekacza","product_tag-syrop-klonowy","product_tag-vitapol-majonez-domowy"],"_links":{"self":[{"href":"https:\/\/wegeblw.pl\/index.php\/wp-json\/wp\/v2\/product\/313","targetHints":{"allow":["GET"]}}],"collection":[{"href":"https:\/\/wegeblw.pl\/index.php\/wp-json\/wp\/v2\/product"}],"about":[{"href":"https:\/\/wegeblw.pl\/index.php\/wp-json\/wp\/v2\/types\/product"}],"replies":[{"embeddable":true,"href":"https:\/\/wegeblw.pl\/index.php\/wp-json\/wp\/v2\/comments?post=313"}],"wp:featuredmedia":[{"embeddable":true,"href":"https:\/\/wegeblw.pl\/index.php\/wp-json\/wp\/v2\/media\/314"}],"wp:attachment":[{"href":"https:\/\/wegeblw.pl\/index.php\/wp-json\/wp\/v2\/media?parent=313"}],"wp:term":[{"taxonomy":"product_cat","embeddable":true,"href":"https:\/\/wegeblw.pl\/index.php\/wp-json\/wp\/v2\/product_cat?post=313"},{"taxonomy":"product_tag","embeddable":true,"href":"https:\/\/wegeblw.pl\/index.php\/wp-json\/wp\/v2\/product_tag?post=313"}],"curies":[{"name":"wp","href":"https:\/\/api.w.org\/{rel}","templated":true}]}}